{"id":5509,"date":"2024-01-13T11:00:26","date_gmt":"2024-01-13T11:00:26","guid":{"rendered":"http:\/\/discover-socavalley.com\/politika-zasebnosti\/"},"modified":"2024-01-27T19:38:30","modified_gmt":"2024-01-27T19:38:30","slug":"politika-zasebnosti","status":"publish","type":"page","link":"https:\/\/discover-socavalley.com\/sl\/politika-zasebnosti\/","title":{"rendered":"Politika Zasebnosti"},"content":{"rendered":"\t\t<div data-elementor-type=\"wp-page\" data-elementor-id=\"5509\" class=\"elementor elementor-5509 elementor-3501\" data-elementor-post-type=\"page\">\n\t\t\t\t<div class=\"elementor-element elementor-element-fe097ab e-flex e-con-boxed e-con e-parent\" data-id=\"fe097ab\" data-element_type=\"container\">\n\t\t\t\t\t<div class=\"e-con-inner\">\n\t\t\t\t<div class=\"elementor-element elementor-element-7afd350 elementor-widget elementor-widget-text-editor\" data-id=\"7afd350\" data-element_type=\"widget\" data-widget_type=\"text-editor.default\">\n\t\t\t\t<div class=\"elementor-widget-container\">\n\t\t\t\t\t\t\t\t\t<h1 style=\"text-align: center;\"><b>POLITIKA ZASEBNOSTI<\/b><\/h1>\n<p>Spletno mesto www.discover-socavalley.com upravlja Discover So\u010da Tours \u2013 Miha Lapanja s.p., Kanisnka vas 8, 5230 Bovec (v nadaljevanju: DST; tudi izpeljanke \u00bbmi\u00ab).<\/p>\n<p>Ta pravilnik o zasebnosti podrobno pojasnjuje, kako uporabljamo osebne podatke, ki nam jih posredujete ob uporabi spletne strani in ob naro\u010dilu storitev, ki jih nudi DST.<\/p>\n<p>KAJ SO OSEBNI PODATKI<\/p>\n<p>Osebni podatki so informacije, ki vas neposredno ali posredno dolo\u010dajo kot posameznika, pri \u010demer \u00bbposredno\u00ab pomeni v kombinaciji z drugimi informacijami, npr. z va\u0161im imenom, po\u0161tnim naslovom, e-po\u0161tnim naslovom, telefonsko \u0161tevilko, identifikacijsko \u0161tevilko, podatki o lokaciji ali drugimi identifikatorji.<\/p>\n<p>KATERE OSEBNE PODATKE ZBIRAMO<\/p>\n<p>\u010ce ste le obiskovalec spletnih strani DST, o vas zbiramo podatke le z uporabo pi\u0161kotkov. \u010ce ste uporabnik storitev DST (npr. ste se prijavili na turo, ki jo organizira DST), o vas zbiramo tudi druge osebne podatke, ki jih potrebujemo za izvajanje storitev, ki ste jih naro\u010dili. Ti osebni podatki so:<\/p>\n<ul>\n<li>\u2022 ime in priimek;<\/li>\n<li>\u2022 kontaktni e-po\u0161tni naslov;<\/li>\n<li>\u2022 kontaktni telefon;<\/li>\n<li>\u2022 podatke za izdajo ra\u010duna (ime in priimek, naslov in po\u0161tna \u0161tevilka ter dav\u010dna \u0161tevilka pravne osebe).<\/li>\n<\/ul>\n<p>KAKO UPORABLJAMO (OBDELUJEMO) VA\u0160E OSEBNE PODATKE?<\/p>\n<p>Vsi posredovani osebni podatki so obravnavani zaupno in so uporabljeni zgolj za namen, zaradi katerega so bili posredovani. DST ima zelo resen pristop k varnosti podatkov. Uporabljamo ustrezno stopnjo za\u0161\u010dite in vzpostavili smo razumne fizi\u010dne, elektronske in administrativne ukrepe, s katerimi zbrane podatke varujemo pred nenamernim ali nezakonskim uni\u010denjem, izgubo, spreminjanjem, nepoobla\u0161\u010denim razkritjem osebnih podatkov ali pred nepoobla\u0161\u010denim dostopom do osebnih podatkov, ki so bili preneseni, shranjeni ali druga\u010de obdelani. Na\u0161i pravilniki in postopki za za\u0161\u010dito informacij so tesno povezani s \u0161iroko sprejetimi mednarodnimi standardi in se redno preverjajo ter po potrebi posodabljajo, da se skladajo z na\u0161imi poslovnimi potrebami, spremembami v tehnologiji in regulativnimi zahtevami. Dostop do va\u0161ih osebnih podatkov je dovoljen samo osebju, ponudnikom storitev, ki te podatke potrebujejo iz poslovnih razlogov (poslovni \u00bbneed-to-know\u00ab), ali tistim, ki jih potrebujejo za opravljanje svojega dela.<\/p>\n<p>V primeru kr\u0161itve varnosti osebnih podatkov bo DST sledil vsem relevantnim predpisom o kr\u0161itvi podatkov.<\/p>\n<p>\u010ce ste naro\u010dili storitev DST se osebni podatki zbirajo in obdelujejo za sklenitev in izvajanje pogodbe, tj. za zagotovitev naro\u010denih storitev ter obve\u0161\u010danje o dodatnih podrobnostih omenjenih storitev, morebitnih spremembah, dodatnih podrobnostih, navodilih za uporabo storitev oz. za posredovanje delovnih gradiv za storitve DST, ki so izobra\u017eevalnega zna\u010daja.<\/p>\n<p>V primeru naro\u010dila pla\u010dljive storitve na podlagi dav\u010dnih predpisov za pravilno izdajo ra\u010duna pridobimo in obdelujemo \u0161e va\u0161 naslov ter dav\u010dno \u0161tevilko pravnih oseb in samostojnih podjetnikov.<\/p>\n<p>V primeru naro\u010dila na DST e-novice (t.i. newsletter) va\u0161 posredovani e-po\u0161tni naslov in ime na podlagi soglasja obdelujemo z namenom splo\u0161nega obve\u0161\u010danja o vseh storitvah DST ter o povzetkih novic, \u010dlankov in izobra\u017eevanj, ki so objavljene na spletnem mestu DST.<\/p>\n<p>Od prejemanja e-novic oz. obve\u0161\u010danja o naro\u010denih storitvah DST se lahko kadarkoli odjavite s klikom na povezavo v prejetih sporo\u010dilih ali nam pi\u0161ite na: <a href=\"team@discover-socavalley.com\">team@discover-socavalley.com.<\/a><\/p>\n<p>DST se zavezuje, da podatkov, ki jih boste posredovali preko spletnih strani ali na kakr\u0161enkoli drug na\u010din, ne bo prodajal, posojal ali kakorkoli druga\u010de posredoval tretjim osebam, razen v spodaj navedenih primerih in \u010de predpisi ne zapovedujejo druga\u010de.<\/p>\n<p>Va\u0161e osebne podatke bo DST razkril zgolj navedenim tretjim osebam ob spodaj napisanih pogojih, pri \u010demer bo DST zagotovil, da bodo va\u0161i osebni podatki obdelani, za\u0161\u010diteni in preneseni v skladu z veljavnimi predpisi:<\/p>\n<p>Zunanji ponudniki storitev<\/p>\n<p>Po potrebi bomo za izvajanje dolo\u010denih del, ki prispevajo k na\u0161im storitvam, pooblastili druga podjetja in posameznike. Osebne podatke lahko na primer posredujemo izvajalcem za gostitev na\u0161e podatkovne baze in aplikacij, za storitve obdelave podatkov ali za po\u0161iljanje informacij, ki ste jih zahtevali, za zagotavljanje podpornih storitev ipd Zunanjim ponudnikom storitev bomo tovrstne podatke posredovali oziroma naredili dostopne samo v obsegu, ki ga zahteva dolo\u010den namen. Teh podatkov ne bodo smeli uporabljati v nobene druge namene. Zunanji ponudniki storitev MP so pogodbeno zavezani k spo\u0161tovanju zaupnosti va\u0161ih osebnih podatkov.<\/p>\n<p>Poslovni prenosi<\/p>\n<p>V povezavi s kakr\u0161nokoli reorganizacijo, statusnim preoblikovanjem, prodajo ali s kakr\u0161nimkoli drugim prenosom sredstev (pod skupnim imenom \u00bbposlovni prenosi\u00ab) bomo podatke prenesli v razumnem obsegu in kot bo potrebno za poslovni prenos, in sicer pod pogojem, da se sprejemna stranka zave\u017ee k spo\u0161tovanju va\u0161ih osebnih podatkov v skladu z veljavnimi predpisi o varstvu osebnih podatkov. \u0160e naprej bomo zagotavljali zaupnost vseh osebnih podatkov in prizadete uporabnike obvestili, preden osebni podatki postanejo predmet drugega pravilnika o zasebnosti.<\/p>\n<p>Javni organi<\/p>\n<p>Javnim organom bomo va\u0161e osebne podatke razkrili samo v primerih, ko bo to zahtevala nacionalna zakonodaja ali pravo Evropske Unije. DST se bo npr. odzval na zahteve sodi\u0161\u010d, organov pregona in drugih dr\u017eavnih organov, ki lahko vklju\u010dujejo tudi dr\u017eavne organe druge dr\u017eave \u010dlanice EU.<\/p>\n<p>ZAKONITI INTERES<\/p>\n<p>Na podlagi zakonitega interesa uporabljamo va\u0161e osebne podatke za odkrivanje in prepre\u010devanje goljufive uporabe in zlorabe storitev ali naro\u010dnin nanje, nadalje v okviru zagotavljanja stabilnega delovanja na\u0161ega sistema in storitev pa tudi za namene izvajanja ukrepov informacijske varnosti, izpolnjevanje zahtev v zvezi s kakovostjo storitev ter odkrivanje tehni\u010dnih okvar sistemov in storitev.<\/p>\n<p>Na podlagi zakonitega interesa uporabljamo va\u0161e osebne podatke tudi za namene morebitnih izvr\u0161b, sodne in izvensodne izterjave.<\/p>\n<\/p>\n<p>VA\u0160E PRAVICE V ZVEZI Z VA\u0160IMI OSEBNIMI PODATKI<\/p>\n<p>Posamezniki lahko od DST zahtevate dostop do osebnih podatkov, popravek, izbris ali omejitev obdelave va\u0161ih osebnih podatkov, imate pravici do ugovora obdelavi in prenosljivosti va\u0161ih osebnih podatkov.<\/p>\n<p>Pravica do seznanitve: vedno imate pravico do seznanitve ali se v zvezi z vami obdelujejo osebni podatki in \u010de se, dostop do osebnih podatkov in naslednje informacije: (a) namene obdelave; (b) vrste zadevnih osebnih podatkov; (c) uporabnike ali kategorije uporabnika, ki so jim bili ali jim bodo razkriti osebni podatki; (d) predvideno obdobje hrambe osebnih podatkov ali, \u010de to ni mogo\u010de, merila, ki se uporabijo za dolo\u010ditev tega obdobja; (e) kadar osebni podatki niso zbrani od vas vse razpolo\u017eljive informacije v zvezi z njihovim virom.<\/p>\n<p>Pravica do popravka: imate pravico, da popravimo neto\u010dne osebne podatke v zvezi z vami ter ob upo\u0161tevanju namenov obdelave, pravico do dopolnitve nepopolnih osebnih podatkov.<\/p>\n<p>Pravica do izbrisa: pravico imate dose\u010di, da va\u0161e osebne podatke izbri\u0161emo, kadar velja eden od naslednjih razlogov:<\/p>\n<p>(a) osebni podatki niso ve\u010d potrebni v namene, za katere so bili zbrani ali kako druga\u010de obdelani; (b) kadar prekli\u010dete privolitev, na podlagi katere poteka obdelava in kadar za obdelavo ne obstaja nobena druga pravna podlaga; (c) kadar obdelavi ugovarjate, za njihovo obdelavo pa ne obstajajo nobeni prevladujo\u010di zakoniti razlogi; (d) osebni podatki so bili obdelani nezakonito.<\/p>\n<p>Pravica do omejitve obdelave: pravico imate dose\u010di, da omejimo obdelavo va\u0161ih osebnih podatkov, kadar velja en od naslednjih primerov:<\/p>\n<p>(a) kadar oporekate to\u010dnosti podatkov, in sicer za obdobje, ki nam omogo\u010da preveriti to\u010dnost osebnih podatkov; (b) je obdelava nezakonita, vi pa nasprotuje izbrisu osebnih podatkov ter namesto tega zahteva omejitev njihove uporabe; (c) va\u0161ih osebnih podatkov ne potrebujemo ve\u010d za namene obdelave, temve\u010d jih vi potrebujete za uveljavljanje, izvajanje ali obrambo pravnih zahtevkov; (d) \u010de ste vlo\u017eili ugovor v zvezi z obdelavo, ki temelji na zakonitih interesih DST, dokler se ne preveri, ali na\u0161i zakoniti razlogi prevladajo nad va\u0161imi razlogi.<\/p>\n<p>Kadar je bila obdelava va\u0161ih osebnih podatkov omejena v skladu s prej\u0161njim odstavkom, se taki osebni podatki z izjemo njihovega shranjevanja obdelujejo le z va\u0161o privolitvijo, ali za uveljavljanje, izvajanje ali obrambo pravnih zahtevkov ali zaradi varstva pravic druge fizi\u010dne ali pravne osebe.<\/p>\n<p>Pred preklicem omejitve obdelave va\u0161ih osebnih podatkov smo vas o tem dol\u017eni obvestiti.<\/p>\n<p>Pravica do prenosljivosti podatkov: pravico imate, da prejmete va\u0161e osebne podatke, ki ste nam jih posredovali, v strukturirani, splo\u0161no uporabljani in strojno berljivi obliki, in pravico, da te podatke posredujete drugemu upravljavcu, kadar obdelava temelji na va\u0161i privolitvi ali se obdelava izvaja z avtomatiziranimi sredstvi. Na va\u0161o zahtevo, kadar je to tehni\u010dno izvedljivo, se lahko osebni podatki neposredno prenesejo k drugemu upravljavcu.<\/p>\n<p>Pravica do ugovora: kadar va\u0161e podatke obdelujemo na podlagi zakonitega interesa za namene tr\u017eenja, lahko taki obdelavi kadarkoli ugovarjate.<\/p>\n<p>Pravica do vlo\u017eitve prito\u017ebe pri Informacijskem poobla\u0161\u010dencu: \u010de o va\u0161i zahtevi ne odlo\u010dimo v zakonskem roku ali va\u0161o zahtevo zavrnemo, imate mo\u017enost vlo\u017eitve prito\u017ebe pri Informacijskem poobla\u0161\u010dencu.<\/p>\n<p>DOSTOP IN POPRAVEK VA\u0160IH OSEBNIH PODATKOV TER UVELJAVLJANJE DRUGIH PRAVIC<\/p>\n<p>Kot uporabnik spletnega mesta DST oz. naro\u010dnik storitev DST imate pravico da preverite ali DST obdeluje osebne podatke o vas in do dostopa o osebnih podatkih, ki jih o vas hranimo oz. obdelujemo (v tem primeru vam jih bomo posredovali v obliki PDF dokumenta, ki je strojno berljiv). Vedno lahko zahtevate, da se neto\u010dni osebni podatki o vas popravijo. V kolikor menite, da ne obstaja ve\u010d upravi\u010den razlog za nadaljnjo uporabo oz. obdelavo va\u0161ih osebnih podatkov nam to sporo\u010dite, vendar dolo\u010denih osebnih podatkov, ki jih zbiramo na podlagi Zakona o davku na dodano vrednost ne smemo zbrisati. Imate tudi pravico, da omejite uporabo va\u0161ih osebnih podatkov v primerih, ko oporekate to\u010dnosti osebnih podatkov, ko ocenite, da je obdelava nezakonita vendar ne \u017eelite izbrisa in ko osebni podatki niso ve\u010d potrebni za namen obdelave potrebujete pa jih za uveljavitev pravnih zahtevkov. V primeru naro\u010dila na e-novice imate pravico ugovarjati obdelavi va\u0161ih osebnih podatkov<\/p>\n<p>Za morebitno uveljavljanje svojih opisanih pravic, vas prosimo, da nam svojo zahtevo posredujete pisno, preko elektronske po\u0161te na naslov: <a href=\"team@discover-socavalley.com\">team@discover-socavalley.com.<\/a> O va\u0161i zahtevi vam bo odgovorna oseba odgovorila v predpisanem roku 1 meseca. V primeru zapletenosti in ve\u010djega \u0161tevila zahtev lahko rok podalj\u0161amo za najve\u010d dva dodatna meseca, o \u010demer boste obve\u0161\u010deni.<\/p>\n<p>HRAMBA<\/p>\n<p>DST hrani osebne podatke, ki jih je prejel od vas do odjave od e-novic (umik soglasja). DST enkrat letno opravi revizijo obstoje\u010dih naro\u010dnikov na e-novice in v kolikor \u017ee dalj \u010dasa niste odprli oz. prebrali nobene izmed va\u0161ih e-novic vam bomo poslali e-po\u0161to, da obnovite soglasje (naro\u010dnino na e-novico) z 14-dnevnim rokom, v nasprotnem primeru bomo va\u0161e osebne podatke izbrisali in vam e-novice prenehali po\u0161iljati.<\/p>\n<p>DST hrani podatke v zvezi z opravljenimi storitvami \u0161e en mesec po zaklju\u010dku storitve. Po tem \u010dasu jih izbri\u0161emo, \u010de zakon ne dolo\u010da druga\u010de. Na podlagi dolo\u010db dav\u010dnih predpisov je npr. DST zavezan hraniti ra\u010dune, na katerih so osebni podatki naro\u010dnika storitev DST \u0161e 10 let po opravljeni storitvi.<\/p>\n<p>DST tudi ne bo izbrisal tistih podatkov, ki jih potrebuje, da si zagotovi dokaz, da je podatke o osebi izbrisal (t.i. revizijska sled), in da hrani zapise o osebah, ki ne \u017eelijo, da jih DST v prihodnje kontaktira. Ti podatki so e-mail naslov ter ime in priimek.<\/p>\n<p>PI\u0160KOTI<\/p>\n<p>Spremenjeni Zakon o elektronskih komunikacijah (Uradni list \u0161t. 109\/2012; v nadaljevanju ZEKom-1), ki je za\u010del veljati v za\u010detku leta 2013, je prinesel nova pravila glede uporabe pi\u0161kotkov in podobnih tehnologij za shranjevanje informacij ali dostop do informacij, shranjenih na ra\u010dunalniku ali mobilni napravi uporabnika. Pi\u0161kotni niso ni\u010d novega, zakon je posegel zgolj v na\u010din obve\u0161\u010danja in soglasja uporabnikov spletne strani glede njihove uporabe.<\/p>\n<p>Kaj je pi\u0161kotek?<\/p>\n<p>Na\u0161a spletna stran lahko v brskalnik va\u0161ega ra\u010dunalnika odlo\u017ei tako imenovani \u00bbpi\u0161kotek\u00ab. Pi\u0161kotki so majhne besedilne datoteke, ki nam dajejo podatke o tem, kolikokrat posameznik obi\u0161\u010de na\u0161o stran in kaj ga zanima v teh obiskih. Pi\u0161kotki sami ne vsebujejo nobenih podatkov, ki bi omogo\u010dali identifikacijo posameznika, \u010de pa nam te podatke posredujete sami, na primer z registracijo, se ti lahko pove\u017eejo s podatki, ki so shranjeni v pi\u0161kotku.<\/p>\n<p>Vedno imate mo\u017enost, da pi\u0161kotke sprejmete ali zavrnete. Ve\u010dina spletnih brskalnikov samodejno sprejme pi\u0161kotke, kar lahko spremenite v nastavitvah tako, da ra\u010dunalnik pi\u0161kotke zavrne ali pa da prejmete opozorilo, preden se pi\u0161kotek shrani.<\/p>\n<p>Za informacije o nastavitvah pi\u0161kotkov kliknite na ime va\u0161ega brskalnika:<\/p>\n<p>Firefox<\/p>\n<p>Chrome<\/p>\n<p>Internet Explorer<\/p>\n<p>Opera<\/p>\n<p>Safari<\/p>\n<p>Na\u0161a spletna stran uporablja pi\u0161kotke, zato, da lahko izklju\u010dno za lastne potrebe, razlo\u010dujemo med obiskovalci in \u0161tejemo njihovo \u0161tevilo in tako izbolj\u0161ujemo delovanje strani. V ta namen uporabljamo najbolj raz\u0161irjeno orodje Google Analytics. Ve\u010d o Google Analytics pi\u0161kotkih si preberete s klikom na to povezavo.<\/p>\n<p>Na\u0161a spletna stran uporablja tudi pi\u0161kotke, ki vam zagotavljajo bolj\u0161o uporabni\u0161ko izku\u0161njo s tem, da si zapomnijo va\u0161o prijavo ali registracijo na spletni strani, vnesene podatke v spletne obrazce, dodane izdelke v ko\u0161arico, zadnje ogledane izdelke in va\u0161e strinjanje z uporabo pi\u0161kotkov.<\/p>\n<p>Podatkov, zbranih s pomo\u010djo pi\u0161kotkov, ne bomo posredovali tretjim osebam.<\/p>\n<p>SPREMEMBA PRAVIL ZASEBNOSTI<\/p>\n<p>DST si pridr\u017euje pravico, da lahko po lastni presoji kadarkoli spremeni svojo politiko o zasebnosti in posodobi ter spremeni ta pravilnik o zasebnosti. Zato vam svetujemo, da ta pravilnik o zasebnosti redno pregledujete. MP vas bo obvestil o spremembah teh Pravil zasebnosti po e-po\u0161ti le v primeru, da gre za bistvene spremembe, ki vplivajo na obdelavo osebnih podatkov.<\/p>\n<p>KONTAKT<\/p>\n<p>\u010ce imate kak\u0161no vpra\u0161anje o pravilniku o zasebnosti ali o podatkih, ki jih o vas hranimo, nam pi\u0161ite na e-po\u0161tni naslov: <a href=\"team@discover-socavalley.com\">team@discover-socavalley.com<\/a><\/p>\n<p>V Bovcu dne 1.1.2020<\/p>\n\t\t\t\t\t\t\t\t<\/div>\n\t\t\t\t<\/div>\n\t\t\t\t\t<\/div>\n\t\t\t\t<\/div>\n\t\t\t\t<\/div>\n\t\t","protected":false},"excerpt":{"rendered":"<p>POLITIKA ZASEBNOSTI Spletno mesto www.discover-socavalley.com upravlja Discover So\u010da Tours \u2013 Miha Lapanja s.p., Kanisnka vas 8, 5230 Bovec (v nadaljevanju: DST; tudi izpeljanke \u00bbmi\u00ab). Ta pravilnik o zasebnosti podrobno pojasnjuje, kako uporabljamo osebne podatke, ki nam jih posredujete ob uporabi spletne strani in ob naro\u010dilu storitev, ki jih nudi DST. KAJ SO OSEBNI PODATKI Osebni [&hellip;]<\/p>\n","protected":false},"author":2,"featured_media":0,"parent":0,"menu_order":0,"comment_status":"closed","ping_status":"closed","template":"elementor_header_footer","meta":{"_monsterinsights_skip_tracking":false,"_monsterinsights_sitenote_active":false,"_monsterinsights_sitenote_note":"","_monsterinsights_sitenote_category":0,"footnotes":""},"class_list":["post-5509","page","type-page","status-publish","hentry"],"aioseo_notices":[],"yoast_head":"<!-- This site is optimized with the Yoast SEO plugin v23.6 - https:\/\/yoast.com\/wordpress\/plugins\/seo\/ -->\n<title>Politika Zasebnosti - Discover So\u010da Valley<\/title>\n<meta name=\"robots\" content=\"index, follow, max-snippet:-1, max-image-preview:large, max-video-preview:-1\" \/>\n<link rel=\"canonical\" href=\"https:\/\/discover-socavalley.com\/sl\/politika-zasebnosti\/\" \/>\n<meta property=\"og:locale\" content=\"sl_SI\" \/>\n<meta property=\"og:type\" content=\"article\" \/>\n<meta property=\"og:title\" content=\"Politika Zasebnosti - Discover So\u010da Valley\" \/>\n<meta property=\"og:description\" content=\"POLITIKA ZASEBNOSTI Spletno mesto www.discover-socavalley.com upravlja Discover So\u010da Tours \u2013 Miha Lapanja s.p., Kanisnka vas 8, 5230 Bovec (v nadaljevanju: DST; tudi izpeljanke \u00bbmi\u00ab). Ta pravilnik o zasebnosti podrobno pojasnjuje, kako uporabljamo osebne podatke, ki nam jih posredujete ob uporabi spletne strani in ob naro\u010dilu storitev, ki jih nudi DST. KAJ SO OSEBNI PODATKI Osebni [&hellip;]\" \/>\n<meta property=\"og:url\" content=\"https:\/\/discover-socavalley.com\/sl\/politika-zasebnosti\/\" \/>\n<meta property=\"og:site_name\" content=\"Discover So\u010da Valley\" \/>\n<meta property=\"article:modified_time\" content=\"2024-01-27T19:38:30+00:00\" \/>\n<meta name=\"twitter:card\" content=\"summary_large_image\" \/>\n<meta name=\"twitter:label1\" content=\"Est. reading time\" \/>\n\t<meta name=\"twitter:data1\" content=\"11 minut\" \/>\n<script type=\"application\/ld+json\" class=\"yoast-schema-graph\">{\"@context\":\"https:\/\/schema.org\",\"@graph\":[{\"@type\":\"WebPage\",\"@id\":\"https:\/\/discover-socavalley.com\/sl\/politika-zasebnosti\/\",\"url\":\"https:\/\/discover-socavalley.com\/sl\/politika-zasebnosti\/\",\"name\":\"Politika Zasebnosti - Discover So\u010da Valley\",\"isPartOf\":{\"@id\":\"https:\/\/discover-socavalley.com\/sl\/#website\"},\"datePublished\":\"2024-01-13T11:00:26+00:00\",\"dateModified\":\"2024-01-27T19:38:30+00:00\",\"breadcrumb\":{\"@id\":\"https:\/\/discover-socavalley.com\/sl\/politika-zasebnosti\/#breadcrumb\"},\"inLanguage\":\"sl-SI\",\"potentialAction\":[{\"@type\":\"ReadAction\",\"target\":[\"https:\/\/discover-socavalley.com\/sl\/politika-zasebnosti\/\"]}]},{\"@type\":\"BreadcrumbList\",\"@id\":\"https:\/\/discover-socavalley.com\/sl\/politika-zasebnosti\/#breadcrumb\",\"itemListElement\":[{\"@type\":\"ListItem\",\"position\":1,\"name\":\"Home\",\"item\":\"https:\/\/discover-socavalley.com\/sl\/\"},{\"@type\":\"ListItem\",\"position\":2,\"name\":\"Politika Zasebnosti\"}]},{\"@type\":\"WebSite\",\"@id\":\"https:\/\/discover-socavalley.com\/sl\/#website\",\"url\":\"https:\/\/discover-socavalley.com\/sl\/\",\"name\":\"Discover So\u010da Valley\",\"description\":\"Discover So\u010da Valley\",\"publisher\":{\"@id\":\"https:\/\/discover-socavalley.com\/sl\/#organization\"},\"potentialAction\":[{\"@type\":\"SearchAction\",\"target\":{\"@type\":\"EntryPoint\",\"urlTemplate\":\"https:\/\/discover-socavalley.com\/sl\/?s={search_term_string}\"},\"query-input\":{\"@type\":\"PropertyValueSpecification\",\"valueRequired\":true,\"valueName\":\"search_term_string\"}}],\"inLanguage\":\"sl-SI\"},{\"@type\":\"Organization\",\"@id\":\"https:\/\/discover-socavalley.com\/sl\/#organization\",\"name\":\"Discover So\u010da Valley\",\"url\":\"https:\/\/discover-socavalley.com\/sl\/\",\"logo\":{\"@type\":\"ImageObject\",\"inLanguage\":\"sl-SI\",\"@id\":\"https:\/\/discover-socavalley.com\/sl\/#\/schema\/logo\/image\/\",\"url\":\"https:\/\/discover-socavalley.com\/wp-content\/uploads\/2023\/12\/logo-soca-vallet-logo.png\",\"contentUrl\":\"https:\/\/discover-socavalley.com\/wp-content\/uploads\/2023\/12\/logo-soca-vallet-logo.png\",\"width\":1768,\"height\":500,\"caption\":\"Discover So\u010da Valley\"},\"image\":{\"@id\":\"https:\/\/discover-socavalley.com\/sl\/#\/schema\/logo\/image\/\"}}]}<\/script>\n<!-- \/ Yoast SEO plugin. -->","yoast_head_json":{"title":"Politika Zasebnosti - Discover So\u010da Valley","robots":{"index":"index","follow":"follow","max-snippet":"max-snippet:-1","max-image-preview":"max-image-preview:large","max-video-preview":"max-video-preview:-1"},"canonical":"https:\/\/discover-socavalley.com\/sl\/politika-zasebnosti\/","og_locale":"sl_SI","og_type":"article","og_title":"Politika Zasebnosti - Discover So\u010da Valley","og_description":"POLITIKA ZASEBNOSTI Spletno mesto www.discover-socavalley.com upravlja Discover So\u010da Tours \u2013 Miha Lapanja s.p., Kanisnka vas 8, 5230 Bovec (v nadaljevanju: DST; tudi izpeljanke \u00bbmi\u00ab). Ta pravilnik o zasebnosti podrobno pojasnjuje, kako uporabljamo osebne podatke, ki nam jih posredujete ob uporabi spletne strani in ob naro\u010dilu storitev, ki jih nudi DST. KAJ SO OSEBNI PODATKI Osebni [&hellip;]","og_url":"https:\/\/discover-socavalley.com\/sl\/politika-zasebnosti\/","og_site_name":"Discover So\u010da Valley","article_modified_time":"2024-01-27T19:38:30+00:00","twitter_card":"summary_large_image","twitter_misc":{"Est. reading time":"11 minut"},"schema":{"@context":"https:\/\/schema.org","@graph":[{"@type":"WebPage","@id":"https:\/\/discover-socavalley.com\/sl\/politika-zasebnosti\/","url":"https:\/\/discover-socavalley.com\/sl\/politika-zasebnosti\/","name":"Politika Zasebnosti - Discover So\u010da Valley","isPartOf":{"@id":"https:\/\/discover-socavalley.com\/sl\/#website"},"datePublished":"2024-01-13T11:00:26+00:00","dateModified":"2024-01-27T19:38:30+00:00","breadcrumb":{"@id":"https:\/\/discover-socavalley.com\/sl\/politika-zasebnosti\/#breadcrumb"},"inLanguage":"sl-SI","potentialAction":[{"@type":"ReadAction","target":["https:\/\/discover-socavalley.com\/sl\/politika-zasebnosti\/"]}]},{"@type":"BreadcrumbList","@id":"https:\/\/discover-socavalley.com\/sl\/politika-zasebnosti\/#breadcrumb","itemListElement":[{"@type":"ListItem","position":1,"name":"Home","item":"https:\/\/discover-socavalley.com\/sl\/"},{"@type":"ListItem","position":2,"name":"Politika Zasebnosti"}]},{"@type":"WebSite","@id":"https:\/\/discover-socavalley.com\/sl\/#website","url":"https:\/\/discover-socavalley.com\/sl\/","name":"Discover So\u010da Valley","description":"Discover So\u010da Valley","publisher":{"@id":"https:\/\/discover-socavalley.com\/sl\/#organization"},"potentialAction":[{"@type":"SearchAction","target":{"@type":"EntryPoint","urlTemplate":"https:\/\/discover-socavalley.com\/sl\/?s={search_term_string}"},"query-input":{"@type":"PropertyValueSpecification","valueRequired":true,"valueName":"search_term_string"}}],"inLanguage":"sl-SI"},{"@type":"Organization","@id":"https:\/\/discover-socavalley.com\/sl\/#organization","name":"Discover So\u010da Valley","url":"https:\/\/discover-socavalley.com\/sl\/","logo":{"@type":"ImageObject","inLanguage":"sl-SI","@id":"https:\/\/discover-socavalley.com\/sl\/#\/schema\/logo\/image\/","url":"https:\/\/discover-socavalley.com\/wp-content\/uploads\/2023\/12\/logo-soca-vallet-logo.png","contentUrl":"https:\/\/discover-socavalley.com\/wp-content\/uploads\/2023\/12\/logo-soca-vallet-logo.png","width":1768,"height":500,"caption":"Discover So\u010da Valley"},"image":{"@id":"https:\/\/discover-socavalley.com\/sl\/#\/schema\/logo\/image\/"}}]}},"_links":{"self":[{"href":"https:\/\/discover-socavalley.com\/sl\/wp-json\/wp\/v2\/pages\/5509","targetHints":{"allow":["GET"]}}],"collection":[{"href":"https:\/\/discover-socavalley.com\/sl\/wp-json\/wp\/v2\/pages"}],"about":[{"href":"https:\/\/discover-socavalley.com\/sl\/wp-json\/wp\/v2\/types\/page"}],"author":[{"embeddable":true,"href":"https:\/\/discover-socavalley.com\/sl\/wp-json\/wp\/v2\/users\/2"}],"replies":[{"embeddable":true,"href":"https:\/\/discover-socavalley.com\/sl\/wp-json\/wp\/v2\/comments?post=5509"}],"version-history":[{"count":3,"href":"https:\/\/discover-socavalley.com\/sl\/wp-json\/wp\/v2\/pages\/5509\/revisions"}],"predecessor-version":[{"id":5512,"href":"https:\/\/discover-socavalley.com\/sl\/wp-json\/wp\/v2\/pages\/5509\/revisions\/5512"}],"wp:attachment":[{"href":"https:\/\/discover-socavalley.com\/sl\/wp-json\/wp\/v2\/media?parent=5509"}],"curies":[{"name":"wp","href":"https:\/\/api.w.org\/{rel}","templated":true}]}}