{"id":5507,"date":"2024-01-13T11:06:49","date_gmt":"2024-01-13T11:06:49","guid":{"rendered":"http:\/\/discover-socavalley.com\/pogoji-poslovanja-taxi-doline-soce\/"},"modified":"2024-02-01T21:23:45","modified_gmt":"2024-02-01T21:23:45","slug":"pogoji-poslovanja-taxi-doline-soce","status":"publish","type":"page","link":"https:\/\/discover-socavalley.com\/sl\/pogoji-poslovanja-taxi-doline-soce\/","title":{"rendered":"Pogoji poslovanja taxi doline So\u010de"},"content":{"rendered":"\t\t<div data-elementor-type=\"wp-page\" data-elementor-id=\"5507\" class=\"elementor elementor-5507 elementor-3509\" data-elementor-post-type=\"page\">\n\t\t\t\t<div class=\"elementor-element elementor-element-fe097ab e-flex e-con-boxed e-con e-parent\" data-id=\"fe097ab\" data-element_type=\"container\">\n\t\t\t\t\t<div class=\"e-con-inner\">\n\t\t\t\t<div class=\"elementor-element elementor-element-7afd350 elementor-widget elementor-widget-text-editor\" data-id=\"7afd350\" data-element_type=\"widget\" data-widget_type=\"text-editor.default\">\n\t\t\t\t<div class=\"elementor-widget-container\">\n\t\t\t\t\t\t\t\t\t<h1 style=\"text-align: center;\"><strong>SPLO\u0160NI POGOJI POSLOVANJA \u2013 TAXI DOLINE SO\u010cE<\/strong><\/h1><p><strong><u>REZERVACIJA PREVOZA<\/u><\/strong><\/p><p><strong>Naro\u010dilo preko spleta:<\/strong><\/p><p>Naro\u010dilo preko spleta lahko opravite kadarkoli 24 ur na dan, vse dni v letu. Naro\u010dilo lahko opravite za katerokoli destinacijo, ki je v rezervacijskem sistemu. Naro\u010dilo ni potrjeno, dokler od na\u0161e naro\u010dni\u0161ke slu\u017ebe ne prejmete potrditve naro\u010dila. Prevozi v rezervacijskem sistemu so lahko naro\u010deni samo preko spleta. Izjeme so pogodbene stranke, ali stranke s posebnim dogovorom. Naro\u010dilo ni potrjeno, dokler od na\u0161e naro\u010dni\u0161ke slu\u017ebe ne prejmete potrditve naro\u010dila. Hkrati boste prejeli obvestilo z vsemi potrebnimi podatki o naro\u010dilu in vrsti pla\u010dila, ki ste ga izbrali.<\/p><p><strong>Naro\u010dilo preko elektronske po\u0161te:<\/strong><\/p><p>V kolikor \u017eelena destinacija ni na na\u0161i spletni strani, lahko naro\u010dilo opravite tudi preko elektronske po\u0161te. Po\u0161ljite povpra\u0161evanje za ponudbo. Ko Vam po\u0161ljemo ponudbo in je sprejemljiva za Vas, morate poslati potrditev naro\u010dila s ponujenimi pogoji s povratno elektronsko po\u0161to. Naro\u010dilo ni potrjeno, dokler od na\u0161e naro\u010dni\u0161ke slu\u017ebe ne prejmete potrditve naro\u010dila. Hkrati boste prejeli obvestilo z vsemi potrebnimi podatki o naro\u010dilu in vrsti pla\u010dila, ki ste ga izbrali.<\/p><p><strong>Telefonska naro\u010dila:<\/strong><\/p><p>Telefonska naro\u010dila bodo sprejeta samo v primeru, da \u017eeljene destinacije ni v rezervacijskem sistemu ali nimate mo\u017enosti poslati povpra\u0161evanja preko elektronske po\u0161te. Telefonska naro\u010dila se sprejemajo samo za nujna naro\u010dila.<\/p><p><strong>Nujna naro\u010dila:<\/strong><\/p><p>Za nujna naro\u010dila se \u0161tejejo naro\u010dila za katere je potreben prevoz v manj kot 24 ur in ve\u010d kot 6 ur od prejema naro\u010dila (pri nekaterih destinacijah je ta \u010das v manj kot 24 ur in ve\u010d kot 1 ura). Naro\u010dilo lahko zavrnemo, v kolikor ocenimo, da ne bomo uspeli pravo\u010dasno realizirati prevoza, ali pa da obstaja sum, da prevoz ne bo pla\u010dan. Nujna naro\u010dila bodo sprejeta glede na razpolo\u017eljivost vozil.<\/p><p><strong><u>POBIRANJE POTNIKOV <\/u><\/strong><\/p><p><strong>Pobiranje potnikov na letali\u0161\u010dih \u2013 individualni prevoz<\/strong><\/p><p>Voznik bo \u010dakal potnika v zgradbi za prihode potnikov, takoj za \u010drto prostega gibanja potnikov in ljudi. Voznik bo imel imensko tablo z Va\u0161im imenom oziroma predhodno dogovorjenim napisom. Potnike \u010dakamo do 30 minut po potrditvi, da je letalo pristalo. V tem \u010dasu mora potnik stopiti v stik z na\u0161im voznikom ali poklicati na\u0161o kontaktno \u0161tevilko za nujne primere, ki je napisana na dokumentu, ki ste ga natisnili. V kolikor potnik ne naredi zgoraj omenjenega, bomo smatrali, da potnika ni bilo na letalu in smo s tem storitev opravili. V kolikor ima potnik te\u017eave s prtljago, mora takoj obvestiti na\u0161o pisarno, da lahko obvestimo voznika zaradi zamude. \u010cakanje do 30 minut je brezpla\u010dno, vsaka dodatno na\u010deta enota (enota je 30 minut) se dodatno zara\u010duna. Vsaka dodatno na\u010deta enota se zara\u010duna 20,00 \u20ac, kar bomo obra\u010dunali iz zahtevali pla\u010dilo preden se potniki odpeljejo. V kolikor se ne izpolnijo pogoji v tem odstavku, se bo voznik odpeljal in s tem smo storitev izpolnili. V tem primeru naro\u010dnik nima pravice zahtevati povra\u010dila \u017ee pla\u010danega prevoza. V kolikor naro\u010dnik zahteva, da se voznik vrne na prej dogovorjeno mesto in ga po\u010daka, se storitev zara\u010duna kot novo naro\u010dilo za kar se pla\u010dilo opravi direktno vozniku pred prevozom.<\/p><p><strong>Pobiranje potnikov na letali\u0161\u010dih \u2013 shuttle (transferni) prevoz<\/strong><\/p><p>Voznik bo \u010dakal potnika v zgradbi za prihode potnikov, takoj za \u010drto prostega gibanja potnikov in ljudi. Voznik bo imel imensko tablo z Va\u0161im imenom oziroma predhodno dogovorjenim napisom. V nekaterih primerih Vas voznik ne bo mogel do\u010dakati na dogovorjenem mestu. V tem primeru boste prejeli SMS, kje boste sre\u010dali na\u0161ega voznika. To se lahko zgodi zaradi posebnih pogojev ustavljanja in parkiranja pred letali\u0161kimi zgradbami. Potnike \u010dakamo do 30 minut po potrditvi, da je letalo pristalo. V tem \u010dasu mora potnik stopiti v stik z na\u0161im voznikom ali poklicati na\u0161o kontaktno \u0161tevilko za nujne primere, ki je napisana na dokumentu, ki ste ga natisnili. V kolikor potnik ne naredi zgoraj omenjenega, bomo smatrali, da potnika ni bilo na letalu in smo s tem storitev opravili. V kolikor ima potnik te\u017eave s prtljago, mora takoj obvestiti na\u0161o pisarno, da lahko obvestimo voznika zaradi zamude. S tem si potnik zagotovi prvi prosti sede\u017e na naslednjem shuttle (kombi) vozilu katerega odhod je lahko poznej\u0161e od vozila, kjer je imel potnik rezerviran sede\u017e. V kolikor se ne izpolnijo pogoji v tem odstavku, se bo voznik odpeljal in s tem smo storitev izpolnili. V tem primeru naro\u010dnik nima pravice zahtevati povra\u010dila \u017ee pla\u010danega prevoza.<\/p><p><strong>Pobiranje potnikov na naslovnih v naseljih \u2013 individualni prevoz<\/strong><\/p><p>Voznik se bo pripeljal na dogovorjen naslov ob dogovorjenem \u010dasu. Voznik bo po\u010dakal 10 minut. V kolikor potnik ne pride do voznika v tem \u010dasu, se bo voznik odpeljal in s tem je bila storitev opravljena. V kolikor potnik obvesti voznika ali pisarno o zamudi odhoda, bo voznik \u010dakal \u0161e naprej, \u010de je tako dogovorjeno. \u010cakanje do 10 minut je brezpla\u010dno, vsaka dodatno na\u010deta enota (enota je 30 minut) se dodatno zara\u010duna. Vsaka dodatno na\u010deta enota se zara\u010duna 20,00 \u20ac, kar bomo obra\u010dunali iz zahtevali pla\u010dilo preden se potniki odpeljejo. V kolikor se ne izpolnijo pogoji v tem odstavku, se bo voznik odpeljal in s tem smo storitev izpolnili. V tem primeru naro\u010dnik nima pravice zahtevati povra\u010dila \u017ee pla\u010danega prevoza. V kolikor naro\u010dnik zahteva, da se voznik vrne na prej dogovorjeno mesto in ga po\u010daka, se storitev zara\u010duna kot novo naro\u010dilo za kar se pla\u010dilo opravi direktno vozniku pred prevozom.<\/p><p><strong>Pobiranje potnikov na naslovnih v naseljih \u2013 shuttle (transferni) prevoz<\/strong><\/p><p>Voznik se bo pripeljal na dogovorjen naslov ob dogovorjenem \u010dasu. Voznik bo \u010dakal najve\u010d 5 minut, zaradi urnika pobiranja potnikov na ve\u010d naslovnih Mo\u017ene so zamude shuttle (kombi) vozila do 10 minut odvisno od \u0161tevila pobiranj na razli\u010dnih lokacijah in zamud potnikov. Potnik je obvezen po\u010dakati voznika na dogovorjenem mestu, ali o zamudi obvestiti voznika ali na\u0161o pisarno. V kolikor zaradi urnika ni mo\u017eno \u010dakati dlje, se bo voznik odpeljal brez potnika. V kolikor bo zadostno \u0161tevilo prostih mest na naslednjem shuttle vozilu, bomo potnika pobrali z naslednjim vozilom, ampak v tem primeru ne jam\u010dimo pravo\u010dasnega prihoda na letalo oz. ladjo. Potnika bomo obvestili o alternativni mo\u017enosti prevoza (individualni prevoz). V kolikor se potnik strinja s ponujeno alternativo in pla\u010da alternativno storitev po ceniku, bo ustrezno vozilo potnika pobralo na dogovorjenem mestu. V kolikor se ne izpolnijo pogoji v tem odstavku, se bo voznik odpeljal in s tem smo storitev izpolnili. V tem primeru naro\u010dnik nima pravice zahtevati povra\u010dila \u017ee pla\u010danega prevoza.<\/p><p><strong>Pobiranje v hotelih \u2013 individualni prevoz<\/strong><\/p><p>Ko voznik prispe v hotel, bo pristopil do potnika in ga pospremil do vozila. V kolikor voznik potnika ne prepozna ali ga ne vidi v recepciji, se bo voznik obrnil za pomo\u010d receptorju hotela. V kolikor receptor ne bo mogel identificirati potnika, bo voznik po\u010dakal potnika 10 minut. V kolikor potnik ne pride do voznika v tem \u010dasu, se bo voznik odpeljal in s tem je bila storitev opravljena. V kolikor potnik obvesti voznika ali pisarno o zamudi odhoda, bo voznik \u010dakal \u0161e naprej, \u010de je tako dogovorjeno. . \u010cakanje do 10 minut je brezpla\u010dno, vsaka dodatno na\u010deta enota (enota je 30 minut) se dodatno zara\u010duna. Vsaka dodatno na\u010deta enota se zara\u010duna 20,00 \u20ac, kar bomo obra\u010dunali iz zahtevali pla\u010dilo preden se potniki odpeljejo. V kolikor se ne izpolnijo pogoji v tem odstavku, se bo voznik odpeljal in s tem smo storitev izpolnili. V tem primeru naro\u010dnik nima pravice zahtevati povra\u010dila \u017ee pla\u010danega prevoza. V kolikor naro\u010dnik zahteva, da se voznik vrne na prej dogovorjeno mesto in ga po\u010daka, se storitev zara\u010duna kot novo naro\u010dilo za kar se pla\u010dilo opravi direktno vozniku pred prevozom.<\/p><p><strong>Pobiranje v hotelih \u2013 shuttle (transferni) prevoz<\/strong><\/p><p>Voznik se bo pripeljal pred hotel ob dogovorjenem \u010dasu. Voznik bo \u010dakal najve\u010d 5 minut, zaradi urnika pobiranja potnikov na ve\u010d naslovnih. Mo\u017ene so zamude shuttle (kombi) vozila do 10 minut odvisno od \u0161tevila pobiranj na razli\u010dnih lokacijah in zamud potnikov. Potnik je obvezen po\u010dakati voznika pred hotelom, ali o zamudi obvestiti voznika ali na\u0161o pisarno. V kolikor zaradi urnika ni mo\u017eno \u010dakati dlje, se bo voznik odpeljal brez potnika. V kolikor bo zadostno \u0161tevilo prostih mest na naslednjem shuttle vozilu, bomo potnika pobrali z naslednjim vozilom, ampak v tem primeru ne jam\u010dimo pravo\u010dasnega prihoda na letalo oz. ladjo. Potnika bomo obvestili o alternativni mo\u017enosti prevoza (individualni prevoz). V kolikor se potnik strinja s ponujeno alternativo in pla\u010da alternativno storitev po ceniku, bo ustrezno vozilo potnika pobralo na dogovorjenem mestu. V kolikor se ne izpolnijo pogoji v tem odstavku, se bo voznik odpeljal in s tem smo storitev izpolnili. V tem primeru naro\u010dnik nima pravice zahtevati povra\u010dila \u017ee pla\u010danega prevoza. Pridr\u017eujemo si pravico preklicati shuttle prevoz, ki je predviden za realizacijo, \u010de je nezadostno \u0161tevilo potnikov. V tem primeru bo potniku ponujena mo\u017enost spremembe rezervacije v individualni prevoz. Stornacija prevoza se po\u0161lje na elektronski naslov, ki je bil vne\u0161en ob rezervaciji. Zato je zelo pomembno, da potnik preveri, ali je elektronski naslov pravilno napisan. Stornacija je veljavna, \u010de je poslana najmanj 12 ur pred prevozom na elektronski naslov v rezervaciji in najmanj 6 ur s sms na mobilno kontaktno \u0161tevilko vne\u0161eno v rezervaciji.<\/p><p><strong>\u010cAS POBIRANJA ZA PREVOZ NA LETALI\u0160\u010cE, \u017dEL. ali BUS POSTAJALI\u0160\u010cE<\/strong><\/p><p>Vsi \u010dasi pobiranj potnikov v dokumentu potrditve naro\u010dila so priporo\u010deni \u010dasi za pravo\u010dasen prihod na \u017eeleno destinacijo. Izjema je shuttle prevoz, katerega \u010das pobiranja dolo\u010dimo mi, zaradi obveznosti do drugih potnikov, ki se peljejo z istim vozilom. \u010cas, ki ga mi priporo\u010dimo Vas zagotavlja pravo\u010dasen prihod na \u017eeleno destinacijo. V kolikor se potnik odlo\u010di sprejeti priporo\u010den \u010das pobiranja in kljub temu zamudi povezovalni prevoz (odhod letala, avtobusa, vlaka), se prevoznik zave\u017ee, da bo na lastne stro\u0161ke potniku omogo\u010dil nadaljnje potovanje. Podjetje bo omogo\u010dilo potovanje z lastnim vozilom ali z istim prevoznim sredstvom, katerega je potnik zamudil. V kolikor potnik spremeni priporo\u010deni \u010das odhoda na poznej\u0161i \u010das, podjetje ne garantira pravo\u010dasnega prihoda na \u017eeleno destinacijo. Kljub poskusom pravo\u010dasnega prihoda na \u017eeleno destinacijo, vozniku ne bo dovoljeno kr\u0161iti cestno prometnih predpisov. \u010cas pobiranja se lahko spremeni samo v dogovoru z nami. \u010cas pobiranja se ne sme spreminjati v manj kot 12-ih urah pred odhodom, razen v izjemnih primerih in \u010de je to dogovorjeno z nami. V kolikor je zahteva s strani potnika, da je odhod zgodnej\u0161i od priporo\u010denega \u010dasa, si pridr\u017eujemo pravico do dodatnega pla\u010dila, \u010de se zaradi navedenega prekriva \u010das pobiranja drugega potnika z istim vozilom.<\/p><p><strong>PRTLJAGA <\/strong><\/p><p>Potnik je ob naro\u010dilu dol\u017ean prijaviti dodatno prtljago, prekomerno velikost ali izjemne oblike prtljage, ki ni standardna prtljaga. Standardna prtljaga je potovalni kov\u010dek dimenzij 60 cm x 40 cm x 20 cm. Potnik ima lahko pri sebi samo en kos do velikosti standardne prtljage in osebno ro\u010dno torbo. Vsa dodatna prtljaga se pla\u010da dodatno po ceniku prevoznika in se pla\u010da takoj vozniku pred odhodom. Voznik lahko zavrne neprijavljeno dodatno prtljago, v kolikor bi to vplivalo na udobno potovanje. V tem primeru bo voznik kontaktiral pisarno, da se za potnika najde sprejemljiva re\u0161itev za dodatno prtljago. Vsi dodatni prevozi prtljage se zara\u010dunajo posebej po ceniku, odvisno od mo\u017enosti vrst prevoza za dodatno prtljago. V kolikor potnik ne sprejme nobenega predloga podjetja za prevoz dodatne prtljage, podjetje ni dol\u017eno omogo\u010diti prevoz potnika in s tem se smatra, da je bil prevoz opravljen in potnik ne more zahtevati povra\u010dila pla\u010dila za prevoz.<\/p><p><strong>UPORABA STORITEV <\/strong><\/p><p>Od vseh uporabnikov na\u0161ih storitev se pri\u010dakuje, da se bodo obna\u0161ali spo\u0161tljivo, uglajeno in dru\u017ebenim normam sprejemljivo. Nobenemu uporabniku se ne bo dovoljevalo da moti, \u017eali (verbalno ali psihi\u010dno) druge uporabnike na\u0161ih storitev ali zaposlene v podjetju. Uporabnik storitev, ki je mote\u010d do drugih bo nemudoma odstranjen iz vozila ali iz njegove skupine brez povra\u010dila pla\u010dane storitve.<\/p><p>Ni dovoljeno prepri\u010devati zaposlene v podjetju, da kr\u0161ijo predpise in zakone dr\u017eav, v katerih se storitev opravlja. V kolikor je uporabnik storitev vztrajen pri svojem vedenju, ga lahko zaposleni odstrani iz vozila. Zaposleni se lahko tudi odlo\u010di, da naznani uporabnika primernim organom, v kolikor so kr\u0161eni lokalni predpisi in zakoni.<\/p><p>V kolikor se tekom opravljanja storitve ali po njej ugotovi, da je bila povzro\u010dena \u0161koda na opremi in vozilih podjetja, bo od uporabnika (v kolikor mu je dokazana krivda) zahtevano, da povrne stro\u0161ke odprave \u0161kode, takoj na mestu. V kolikor uporabnik storitve ni zadovoljen z oceno \u0161kode, bo cenitev opravila strokovno usposobljena oseba za oceno \u0161kode. Ocena \u0161kode bo opravljena pri zavarovalnici podjetja, kjer so vozila in oprema zavarovana. Uporabnik storitev bo moral polo\u017eiti depozit v vi\u0161ini nestrokovno ocenjene \u0161kode s strani podjetja, dokler se cenitev ne opravi pri zavarovalnici, v kolikor je znesek nestrokovne ocene \u0161kode izpodbijan s strani uporabnika storitve.<\/p><p>V vozilih podjetja ni dovoljeno piti nobenih pija\u010d ali jesti hrane. Podjetje bo predvidelo postanke, v kolikor je potovanje dalj\u0161e od dveh ur. Vsak postanek bo dovolj dolg, da se lahko potniki okrep\u010dajo, pojejo ali opravijo svoje potrebe. Postanki na\u010deloma niso dalj\u0161i od 15 minut, \u010de ni druga\u010de dogovorjeno z vsemi potniki. \u010cas potovanja in postanki so tudi dolo\u010deni v predpisih, ki jih mora prevozno podjetje izpolnjevati, da lahko prevoze opravi. Prevoznik ne sme kr\u0161iti nobenih predpisov in zakonov, ki dolo\u010dajo \u010das potovanja, hitrost in postanke.<\/p><p><strong>PLA\u010cILA IN STORNACIJE <\/strong><\/p><p>PLA\u010cILO Z GOTOVINO &#8211; Prevoz pla\u010date vozniku ob prevozu v gotovini.<\/p><p>PLA\u010cILO PO PREDRA\u010cUNU &#8211; Prevoz pla\u010date predra\u010dunom \u2013 s predhodnim nakazilom na: NKBM d.d. MARIBOR, PE Kobarid, Trg Svobode 2, 5222 Kobarid SWIFT: KBMASI2X<\/p><p>IBAN: SI56 0444 5026 4530 116<\/p><p><strong>UPORABA POTRDILA O POTRJENI REZERVACIJI <\/strong><\/p><p>Potrdilo o potrjeni rezervaciji je dokument, ki ga nekateri poznajo pod izrazom \u00bbvoucher\u00ab. Voucher ni prenosljiv na drugo osebo. V primeru rezervacije za skupino, je voucher izdan na ime vodje skupine. V kolikor vodja skupine ne more biti prisoten v skupini, lahko skupina uporabi voucher izklju\u010dno s pisnim dovoljenjem vodje skupine, da voucher lahko uporabljajo. Tako pisno dovoljenje mora biti poslano iz istega elektronskega naslova, kot vsa dotedanja dopisovanja do rezervacije. Pridr\u017eujemo si pravico, da kontaktiramo nosilca voucherja in potrdimo istovetnost pisnega dovoljenja za uporabo voucherja. V primeru nepravilnosti si pridr\u017eujemo pravico zavrniti opravljanje storitve. Nosilec voucherja mora pravo\u010dasno zagotoviti vse potrebne informacije za brezhibno izvedbo storitve in so bile zahtevane s strani na\u0161ega podjetja.<\/p><p>DISCOVER SO\u010cA TOURS \u2013 Miha Lapanja s.p.<\/p>\t\t\t\t\t\t\t\t<\/div>\n\t\t\t\t<\/div>\n\t\t\t\t\t<\/div>\n\t\t\t\t<\/div>\n\t\t\t\t<\/div>\n\t\t","protected":false},"excerpt":{"rendered":"<p>SPLO\u0160NI POGOJI POSLOVANJA \u2013 TAXI DOLINE SO\u010cE REZERVACIJA PREVOZA Naro\u010dilo preko spleta: Naro\u010dilo preko spleta lahko opravite kadarkoli 24 ur na dan, vse dni v letu. Naro\u010dilo lahko opravite za katerokoli destinacijo, ki je v rezervacijskem sistemu. Naro\u010dilo ni potrjeno, dokler od na\u0161e naro\u010dni\u0161ke slu\u017ebe ne prejmete potrditve naro\u010dila. Prevozi v rezervacijskem sistemu so lahko [&hellip;]<\/p>\n","protected":false},"author":2,"featured_media":0,"parent":0,"menu_order":0,"comment_status":"closed","ping_status":"closed","template":"elementor_header_footer","meta":{"_monsterinsights_skip_tracking":false,"_monsterinsights_sitenote_active":false,"_monsterinsights_sitenote_note":"","_monsterinsights_sitenote_category":0,"footnotes":""},"class_list":["post-5507","page","type-page","status-publish","hentry"],"aioseo_notices":[],"yoast_head":"<!-- This site is optimized with the Yoast SEO plugin v23.6 - https:\/\/yoast.com\/wordpress\/plugins\/seo\/ -->\n<title>Pogoji poslovanja taxi doline So\u010de - Discover So\u010da Valley<\/title>\n<meta name=\"robots\" content=\"index, follow, max-snippet:-1, max-image-preview:large, max-video-preview:-1\" \/>\n<link rel=\"canonical\" href=\"https:\/\/discover-socavalley.com\/sl\/pogoji-poslovanja-taxi-doline-soce\/\" \/>\n<meta property=\"og:locale\" content=\"sl_SI\" \/>\n<meta property=\"og:type\" content=\"article\" \/>\n<meta property=\"og:title\" content=\"Pogoji poslovanja taxi doline So\u010de - Discover So\u010da Valley\" \/>\n<meta property=\"og:description\" content=\"SPLO\u0160NI POGOJI POSLOVANJA \u2013 TAXI DOLINE SO\u010cE REZERVACIJA PREVOZA Naro\u010dilo preko spleta: Naro\u010dilo preko spleta lahko opravite kadarkoli 24 ur na dan, vse dni v letu. Naro\u010dilo lahko opravite za katerokoli destinacijo, ki je v rezervacijskem sistemu. Naro\u010dilo ni potrjeno, dokler od na\u0161e naro\u010dni\u0161ke slu\u017ebe ne prejmete potrditve naro\u010dila. Prevozi v rezervacijskem sistemu so lahko [&hellip;]\" \/>\n<meta property=\"og:url\" content=\"https:\/\/discover-socavalley.com\/sl\/pogoji-poslovanja-taxi-doline-soce\/\" \/>\n<meta property=\"og:site_name\" content=\"Discover So\u010da Valley\" \/>\n<meta property=\"article:modified_time\" content=\"2024-02-01T21:23:45+00:00\" \/>\n<meta name=\"twitter:card\" content=\"summary_large_image\" \/>\n<meta name=\"twitter:label1\" content=\"Est. reading time\" \/>\n\t<meta name=\"twitter:data1\" content=\"13 minut\" \/>\n<script type=\"application\/ld+json\" class=\"yoast-schema-graph\">{\"@context\":\"https:\/\/schema.org\",\"@graph\":[{\"@type\":\"WebPage\",\"@id\":\"https:\/\/discover-socavalley.com\/sl\/pogoji-poslovanja-taxi-doline-soce\/\",\"url\":\"https:\/\/discover-socavalley.com\/sl\/pogoji-poslovanja-taxi-doline-soce\/\",\"name\":\"Pogoji poslovanja taxi doline So\u010de - Discover So\u010da Valley\",\"isPartOf\":{\"@id\":\"https:\/\/discover-socavalley.com\/sl\/#website\"},\"datePublished\":\"2024-01-13T11:06:49+00:00\",\"dateModified\":\"2024-02-01T21:23:45+00:00\",\"breadcrumb\":{\"@id\":\"https:\/\/discover-socavalley.com\/sl\/pogoji-poslovanja-taxi-doline-soce\/#breadcrumb\"},\"inLanguage\":\"sl-SI\",\"potentialAction\":[{\"@type\":\"ReadAction\",\"target\":[\"https:\/\/discover-socavalley.com\/sl\/pogoji-poslovanja-taxi-doline-soce\/\"]}]},{\"@type\":\"BreadcrumbList\",\"@id\":\"https:\/\/discover-socavalley.com\/sl\/pogoji-poslovanja-taxi-doline-soce\/#breadcrumb\",\"itemListElement\":[{\"@type\":\"ListItem\",\"position\":1,\"name\":\"Home\",\"item\":\"https:\/\/discover-socavalley.com\/sl\/\"},{\"@type\":\"ListItem\",\"position\":2,\"name\":\"Pogoji poslovanja taxi doline So\u010de\"}]},{\"@type\":\"WebSite\",\"@id\":\"https:\/\/discover-socavalley.com\/sl\/#website\",\"url\":\"https:\/\/discover-socavalley.com\/sl\/\",\"name\":\"Discover So\u010da Valley\",\"description\":\"Discover So\u010da Valley\",\"publisher\":{\"@id\":\"https:\/\/discover-socavalley.com\/sl\/#organization\"},\"potentialAction\":[{\"@type\":\"SearchAction\",\"target\":{\"@type\":\"EntryPoint\",\"urlTemplate\":\"https:\/\/discover-socavalley.com\/sl\/?s={search_term_string}\"},\"query-input\":{\"@type\":\"PropertyValueSpecification\",\"valueRequired\":true,\"valueName\":\"search_term_string\"}}],\"inLanguage\":\"sl-SI\"},{\"@type\":\"Organization\",\"@id\":\"https:\/\/discover-socavalley.com\/sl\/#organization\",\"name\":\"Discover So\u010da Valley\",\"url\":\"https:\/\/discover-socavalley.com\/sl\/\",\"logo\":{\"@type\":\"ImageObject\",\"inLanguage\":\"sl-SI\",\"@id\":\"https:\/\/discover-socavalley.com\/sl\/#\/schema\/logo\/image\/\",\"url\":\"https:\/\/discover-socavalley.com\/wp-content\/uploads\/2023\/12\/logo-soca-vallet-logo.png\",\"contentUrl\":\"https:\/\/discover-socavalley.com\/wp-content\/uploads\/2023\/12\/logo-soca-vallet-logo.png\",\"width\":1768,\"height\":500,\"caption\":\"Discover So\u010da Valley\"},\"image\":{\"@id\":\"https:\/\/discover-socavalley.com\/sl\/#\/schema\/logo\/image\/\"}}]}<\/script>\n<!-- \/ Yoast SEO plugin. -->","yoast_head_json":{"title":"Pogoji poslovanja taxi doline So\u010de - Discover So\u010da Valley","robots":{"index":"index","follow":"follow","max-snippet":"max-snippet:-1","max-image-preview":"max-image-preview:large","max-video-preview":"max-video-preview:-1"},"canonical":"https:\/\/discover-socavalley.com\/sl\/pogoji-poslovanja-taxi-doline-soce\/","og_locale":"sl_SI","og_type":"article","og_title":"Pogoji poslovanja taxi doline So\u010de - Discover So\u010da Valley","og_description":"SPLO\u0160NI POGOJI POSLOVANJA \u2013 TAXI DOLINE SO\u010cE REZERVACIJA PREVOZA Naro\u010dilo preko spleta: Naro\u010dilo preko spleta lahko opravite kadarkoli 24 ur na dan, vse dni v letu. Naro\u010dilo lahko opravite za katerokoli destinacijo, ki je v rezervacijskem sistemu. Naro\u010dilo ni potrjeno, dokler od na\u0161e naro\u010dni\u0161ke slu\u017ebe ne prejmete potrditve naro\u010dila. Prevozi v rezervacijskem sistemu so lahko [&hellip;]","og_url":"https:\/\/discover-socavalley.com\/sl\/pogoji-poslovanja-taxi-doline-soce\/","og_site_name":"Discover So\u010da Valley","article_modified_time":"2024-02-01T21:23:45+00:00","twitter_card":"summary_large_image","twitter_misc":{"Est. reading time":"13 minut"},"schema":{"@context":"https:\/\/schema.org","@graph":[{"@type":"WebPage","@id":"https:\/\/discover-socavalley.com\/sl\/pogoji-poslovanja-taxi-doline-soce\/","url":"https:\/\/discover-socavalley.com\/sl\/pogoji-poslovanja-taxi-doline-soce\/","name":"Pogoji poslovanja taxi doline So\u010de - Discover So\u010da Valley","isPartOf":{"@id":"https:\/\/discover-socavalley.com\/sl\/#website"},"datePublished":"2024-01-13T11:06:49+00:00","dateModified":"2024-02-01T21:23:45+00:00","breadcrumb":{"@id":"https:\/\/discover-socavalley.com\/sl\/pogoji-poslovanja-taxi-doline-soce\/#breadcrumb"},"inLanguage":"sl-SI","potentialAction":[{"@type":"ReadAction","target":["https:\/\/discover-socavalley.com\/sl\/pogoji-poslovanja-taxi-doline-soce\/"]}]},{"@type":"BreadcrumbList","@id":"https:\/\/discover-socavalley.com\/sl\/pogoji-poslovanja-taxi-doline-soce\/#breadcrumb","itemListElement":[{"@type":"ListItem","position":1,"name":"Home","item":"https:\/\/discover-socavalley.com\/sl\/"},{"@type":"ListItem","position":2,"name":"Pogoji poslovanja taxi doline So\u010de"}]},{"@type":"WebSite","@id":"https:\/\/discover-socavalley.com\/sl\/#website","url":"https:\/\/discover-socavalley.com\/sl\/","name":"Discover So\u010da Valley","description":"Discover So\u010da Valley","publisher":{"@id":"https:\/\/discover-socavalley.com\/sl\/#organization"},"potentialAction":[{"@type":"SearchAction","target":{"@type":"EntryPoint","urlTemplate":"https:\/\/discover-socavalley.com\/sl\/?s={search_term_string}"},"query-input":{"@type":"PropertyValueSpecification","valueRequired":true,"valueName":"search_term_string"}}],"inLanguage":"sl-SI"},{"@type":"Organization","@id":"https:\/\/discover-socavalley.com\/sl\/#organization","name":"Discover So\u010da Valley","url":"https:\/\/discover-socavalley.com\/sl\/","logo":{"@type":"ImageObject","inLanguage":"sl-SI","@id":"https:\/\/discover-socavalley.com\/sl\/#\/schema\/logo\/image\/","url":"https:\/\/discover-socavalley.com\/wp-content\/uploads\/2023\/12\/logo-soca-vallet-logo.png","contentUrl":"https:\/\/discover-socavalley.com\/wp-content\/uploads\/2023\/12\/logo-soca-vallet-logo.png","width":1768,"height":500,"caption":"Discover So\u010da Valley"},"image":{"@id":"https:\/\/discover-socavalley.com\/sl\/#\/schema\/logo\/image\/"}}]}},"_links":{"self":[{"href":"https:\/\/discover-socavalley.com\/sl\/wp-json\/wp\/v2\/pages\/5507","targetHints":{"allow":["GET"]}}],"collection":[{"href":"https:\/\/discover-socavalley.com\/sl\/wp-json\/wp\/v2\/pages"}],"about":[{"href":"https:\/\/discover-socavalley.com\/sl\/wp-json\/wp\/v2\/types\/page"}],"author":[{"embeddable":true,"href":"https:\/\/discover-socavalley.com\/sl\/wp-json\/wp\/v2\/users\/2"}],"replies":[{"embeddable":true,"href":"https:\/\/discover-socavalley.com\/sl\/wp-json\/wp\/v2\/comments?post=5507"}],"version-history":[{"count":7,"href":"https:\/\/discover-socavalley.com\/sl\/wp-json\/wp\/v2\/pages\/5507\/revisions"}],"predecessor-version":[{"id":6228,"href":"https:\/\/discover-socavalley.com\/sl\/wp-json\/wp\/v2\/pages\/5507\/revisions\/6228"}],"wp:attachment":[{"href":"https:\/\/discover-socavalley.com\/sl\/wp-json\/wp\/v2\/media?parent=5507"}],"curies":[{"name":"wp","href":"https:\/\/api.w.org\/{rel}","templated":true}]}}