{"id":5193,"date":"2023-12-29T07:57:35","date_gmt":"2023-12-29T07:57:35","guid":{"rendered":"http:\/\/discover-socavalley.com\/tura-julijske-alpe\/"},"modified":"2024-02-18T19:26:21","modified_gmt":"2024-02-18T19:26:21","slug":"tura-julijske-alpe","status":"publish","type":"page","link":"https:\/\/discover-socavalley.com\/sl\/tura-julijske-alpe\/","title":{"rendered":"Tura Julijske Alpe"},"content":{"rendered":"\t\t<div data-elementor-type=\"wp-page\" data-elementor-id=\"5193\" class=\"elementor elementor-5193 elementor-1281\" data-elementor-post-type=\"page\">\n\t\t\t\t<div class=\"elementor-element elementor-element-549f9e6 elementor-hidden-mobile e-flex e-con-boxed e-con e-parent\" data-id=\"549f9e6\" data-element_type=\"container\" data-settings=\"{&quot;background_background&quot;:&quot;classic&quot;}\">\n\t\t\t\t\t<div class=\"e-con-inner\">\n\t\t<div class=\"elementor-element elementor-element-e080f88 e-con-full e-flex e-con e-child\" data-id=\"e080f88\" data-element_type=\"container\">\n\t\t\t\t<div class=\"elementor-element elementor-element-c8cd8af elementor-widget elementor-widget-heading\" data-id=\"c8cd8af\" data-element_type=\"widget\" data-widget_type=\"heading.default\">\n\t\t\t\t<div class=\"elementor-widget-container\">\n\t\t\t\t\t<h2 class=\"elementor-heading-title elementor-size-default\">TURA JULIJSKE ALPE<\/h2>\t\t\t\t<\/div>\n\t\t\t\t<\/div>\n\t\t\t\t<div class=\"elementor-element elementor-element-bf90a12 elementor-widget elementor-widget-text-editor\" data-id=\"bf90a12\" data-element_type=\"widget\" data-widget_type=\"text-editor.default\">\n\t\t\t\t<div class=\"elementor-widget-container\">\n\t\t\t\t\t\t\t\t\t<div id=\"bgLayers_comp-klclfc50\" class=\"MW5IWV\" data-hook=\"bgLayers\"><div id=\"bgMedia_comp-klclfc50\" class=\"VgO9Yg\"><div id=\"bgLayers_comp-klclfc50\" class=\"MW5IWV\" data-hook=\"bgLayers\"><div id=\"bgMedia_comp-klclfc50\" class=\"VgO9Yg\"><div id=\"bgLayers_comp-klclfc50\" class=\"MW5IWV\" data-hook=\"bgLayers\"><div id=\"bgMedia_comp-klclfc50\" class=\"VgO9Yg\"><div id=\"comp-kle0h7xy\" class=\"KcpHeO tz5f0K comp-kle0h7xy wixui-rich-text\" data-testid=\"richTextElement\"><p>Na\u0161a najljub\u0161a tura za raziskovanje Julijskih Alp, Trente in Triglavskega narodnega parka. Celodnevni izlet v neokrnjeno naravo z zgodbami in zgodovino iz prve svetovne vojne ter za u\u017eivanje v nekaterih najbolj spektakularnih razgledih v edinstvenem alpskem svetu.<\/p><p>Po Kranjski Gori in naprej \u010dez prelaz Predil (1.156 m) se spustimo v dolino So\u010de. Na poti do Bovca bomo imeli nekaj kraj\u0161ih postankov (jezero Jasna, naravni rezervat Zelenci, jezero Predil, vas Strmec in trdnjava Klu\u017ee). Pred kosilom si bomo ogledali slap Boka, znameniti most pri Logu \u010cezso\u0161kem in vas \u010cezso\u010da.<\/p><p>Po kosilu bomo nadaljevali pot v dolino Trente in Triglavski narodni park, kjer se nahajajo mala in velika korita So\u010de s \u0161tevilnimi vise\u010dimi mostovi. Peljali se bomo mimo vasi Trenta z zadnjim postankom na prelazu Vr\u0161i\u010d (1613m).<\/p><p><strong>Odhodne to\u010dke:<\/strong> <span style=\"text-decoration: underline;\">Bled, Bohinj, Kranjska gora, Bovec, Kobarid, Tolmin, Ljubljana. Odhod je mo\u017een tudi iz Trsta &amp; Gori\u0161ka Brda (program prilagodimo).<\/span><\/p><p><strong>Najbolj\u0161i \u010das za turo:<\/strong> <span style=\"text-decoration: underline;\">od marca do novembra<\/span><\/p><p><strong>Trajanje:<\/strong> <span style=\"text-decoration: underline;\">do 8h (cel dan)<\/span><\/p><\/div><\/div><\/div><\/div><\/div><\/div><\/div>\t\t\t\t\t\t\t\t<\/div>\n\t\t\t\t<\/div>\n\t\t\t\t<div class=\"elementor-element elementor-element-129520c elementor-align-center elementor-widget__width-inherit elementor-invisible elementor-widget elementor-widget-button\" data-id=\"129520c\" data-element_type=\"widget\" data-settings=\"{&quot;_animation&quot;:&quot;fadeInDown&quot;}\" data-widget_type=\"button.default\">\n\t\t\t\t<div class=\"elementor-widget-container\">\n\t\t\t\t\t\t\t\t\t<div class=\"elementor-button-wrapper\">\n\t\t\t\t\t<a class=\"elementor-button elementor-button-link elementor-size-lg\" href=\"https:\/\/discover-socavalley.com\/sl\/kontaktna-forma\/\">\n\t\t\t\t\t\t<span class=\"elementor-button-content-wrapper\">\n\t\t\t\t\t\t\t\t\t<span class=\"elementor-button-text\">Kontaktirajte nas<\/span>\n\t\t\t\t\t<\/span>\n\t\t\t\t\t<\/a>\n\t\t\t\t<\/div>\n\t\t\t\t\t\t\t\t<\/div>\n\t\t\t\t<\/div>\n\t\t\t\t<\/div>\n\t\t<div class=\"elementor-element elementor-element-b1635c3 e-con-full e-flex e-con e-child\" data-id=\"b1635c3\" data-element_type=\"container\">\n\t\t\t\t<div class=\"elementor-element elementor-element-9330746 elementor-widget elementor-widget-image\" data-id=\"9330746\" data-element_type=\"widget\" data-widget_type=\"image.default\">\n\t\t\t\t<div class=\"elementor-widget-container\">\n\t\t\t\t\t\t\t\t\t\t\t\t\t\t\t<img fetchpriority=\"high\" decoding=\"async\" width=\"2560\" height=\"1920\" src=\"https:\/\/discover-socavalley.com\/wp-content\/uploads\/2024\/01\/julian-alps-01-scaled.jpg\" class=\"attachment-full size-full wp-image-5100\" alt=\"\" srcset=\"https:\/\/discover-socavalley.com\/wp-content\/uploads\/2024\/01\/julian-alps-01-scaled.jpg 2560w, https:\/\/discover-socavalley.com\/wp-content\/uploads\/2024\/01\/julian-alps-01-300x225.jpg 300w, https:\/\/discover-socavalley.com\/wp-content\/uploads\/2024\/01\/julian-alps-01-1024x768.jpg 1024w, https:\/\/discover-socavalley.com\/wp-content\/uploads\/2024\/01\/julian-alps-01-768x576.jpg 768w, https:\/\/discover-socavalley.com\/wp-content\/uploads\/2024\/01\/julian-alps-01-1536x1152.jpg 1536w, https:\/\/discover-socavalley.com\/wp-content\/uploads\/2024\/01\/julian-alps-01-2048x1536.jpg 2048w\" sizes=\"(max-width: 2560px) 100vw, 2560px\" \/>\t\t\t\t\t\t\t\t\t\t\t\t\t\t\t<\/div>\n\t\t\t\t<\/div>\n\t\t\t\t<\/div>\n\t\t\t\t\t<\/div>\n\t\t\t\t<\/div>\n\t\t<div class=\"elementor-element elementor-element-06b30d4 elementor-hidden-desktop elementor-hidden-tablet e-flex e-con-boxed e-con e-parent\" data-id=\"06b30d4\" data-element_type=\"container\" data-settings=\"{&quot;background_background&quot;:&quot;classic&quot;}\">\n\t\t\t\t\t<div class=\"e-con-inner\">\n\t\t<div class=\"elementor-element elementor-element-3a7291e e-con-full e-flex e-con e-child\" data-id=\"3a7291e\" data-element_type=\"container\">\n\t\t\t\t<div class=\"elementor-element elementor-element-eeda2fa elementor-widget elementor-widget-heading\" data-id=\"eeda2fa\" data-element_type=\"widget\" data-widget_type=\"heading.default\">\n\t\t\t\t<div class=\"elementor-widget-container\">\n\t\t\t\t\t<h2 class=\"elementor-heading-title elementor-size-default\">TURA JULIJSKE ALPE<\/h2>\t\t\t\t<\/div>\n\t\t\t\t<\/div>\n\t\t\t\t<div class=\"elementor-element elementor-element-a58b04e elementor-widget elementor-widget-text-editor\" data-id=\"a58b04e\" data-element_type=\"widget\" data-widget_type=\"text-editor.default\">\n\t\t\t\t<div class=\"elementor-widget-container\">\n\t\t\t\t\t\t\t\t\t<div id=\"bgLayers_comp-klclfc50\" class=\"MW5IWV\" data-hook=\"bgLayers\"><div id=\"bgMedia_comp-klclfc50\" class=\"VgO9Yg\"><div id=\"bgLayers_comp-klclfc50\" class=\"MW5IWV\" data-hook=\"bgLayers\"><div id=\"bgMedia_comp-klclfc50\" class=\"VgO9Yg\"><div id=\"bgLayers_comp-klclfc50\" class=\"MW5IWV\" data-hook=\"bgLayers\"><div id=\"bgMedia_comp-klclfc50\" class=\"VgO9Yg\"><div id=\"comp-kle0h7xy\" class=\"KcpHeO tz5f0K comp-kle0h7xy wixui-rich-text\" data-testid=\"richTextElement\"><p>Na\u0161a najljub\u0161a tura za raziskovanje Julijskih Alp, Trente in Triglavskega narodnega parka. Celodnevni izlet v neokrnjeno naravo z zgodbami in zgodovino iz prve svetovne vojne ter za u\u017eivanje v nekaterih najbolj spektakularnih razgledih v edinstvenem alpskem svetu.<\/p><p>Po Kranjski Gori in naprej \u010dez prelaz Predil (1.156 m) se spustimo v dolino So\u010de. Na poti do Bovca bomo imeli nekaj kraj\u0161ih postankov (jezero Jasna, naravni rezervat Zelenci, jezero Predil, vas Strmec in trdnjava Klu\u017ee). Pred kosilom si bomo ogledali slap Boka, znameniti most pri Logu \u010cezso\u0161kem in vas \u010cezso\u010da.<\/p><p>Po kosilu bomo nadaljevali pot v dolino Trente in Triglavski narodni park, kjer se nahajajo mala in velika korita So\u010de s \u0161tevilnimi vise\u010dimi mostovi. Peljali se bomo mimo vasi Trenta z zadnjim postankom na prelazu Vr\u0161i\u010d (1613m).<\/p><p><strong>Odhodne to\u010dke:<\/strong> <span style=\"text-decoration: underline;\">Bled, Bohinj, Kranjska gora, Bovec, Kobarid, Tolmin, Ljubljana. Odhod je mo\u017een tudi iz Trsta &amp; Gori\u0161ka Brda (program prilagodimo).<\/span><\/p><p><strong>Najbolj\u0161i \u010das za turo:<\/strong> <span style=\"text-decoration: underline;\">od marca do novembra<\/span><\/p><p><strong>Trajanje:<\/strong> <span style=\"text-decoration: underline;\">do 8h (cel dan)<\/span><\/p><\/div><\/div><\/div><\/div><\/div><\/div><\/div>\t\t\t\t\t\t\t\t<\/div>\n\t\t\t\t<\/div>\n\t\t\t\t<div class=\"elementor-element elementor-element-ab57b49 elementor-align-center elementor-widget__width-inherit elementor-invisible elementor-widget elementor-widget-button\" data-id=\"ab57b49\" data-element_type=\"widget\" data-settings=\"{&quot;_animation&quot;:&quot;fadeInDown&quot;}\" data-widget_type=\"button.default\">\n\t\t\t\t<div class=\"elementor-widget-container\">\n\t\t\t\t\t\t\t\t\t<div class=\"elementor-button-wrapper\">\n\t\t\t\t\t<a class=\"elementor-button elementor-button-link elementor-size-lg\" href=\"mailto:team@discover-socavalley.com\">\n\t\t\t\t\t\t<span class=\"elementor-button-content-wrapper\">\n\t\t\t\t\t\t\t\t\t<span class=\"elementor-button-text\">Kontaktirajte nas<\/span>\n\t\t\t\t\t<\/span>\n\t\t\t\t\t<\/a>\n\t\t\t\t<\/div>\n\t\t\t\t\t\t\t\t<\/div>\n\t\t\t\t<\/div>\n\t\t\t\t<\/div>\n\t\t<div class=\"elementor-element elementor-element-dacb599 e-con-full e-flex e-con e-child\" data-id=\"dacb599\" data-element_type=\"container\">\n\t\t\t\t<div class=\"elementor-element elementor-element-14275ec elementor-widget elementor-widget-image\" data-id=\"14275ec\" data-element_type=\"widget\" data-widget_type=\"image.default\">\n\t\t\t\t<div class=\"elementor-widget-container\">\n\t\t\t\t\t\t\t\t\t\t\t\t\t\t\t<img fetchpriority=\"high\" decoding=\"async\" width=\"2560\" height=\"1920\" src=\"https:\/\/discover-socavalley.com\/wp-content\/uploads\/2024\/01\/julian-alps-01-scaled.jpg\" class=\"attachment-full size-full wp-image-5100\" alt=\"\" srcset=\"https:\/\/discover-socavalley.com\/wp-content\/uploads\/2024\/01\/julian-alps-01-scaled.jpg 2560w, https:\/\/discover-socavalley.com\/wp-content\/uploads\/2024\/01\/julian-alps-01-300x225.jpg 300w, https:\/\/discover-socavalley.com\/wp-content\/uploads\/2024\/01\/julian-alps-01-1024x768.jpg 1024w, https:\/\/discover-socavalley.com\/wp-content\/uploads\/2024\/01\/julian-alps-01-768x576.jpg 768w, https:\/\/discover-socavalley.com\/wp-content\/uploads\/2024\/01\/julian-alps-01-1536x1152.jpg 1536w, https:\/\/discover-socavalley.com\/wp-content\/uploads\/2024\/01\/julian-alps-01-2048x1536.jpg 2048w\" sizes=\"(max-width: 2560px) 100vw, 2560px\" \/>\t\t\t\t\t\t\t\t\t\t\t\t\t\t\t<\/div>\n\t\t\t\t<\/div>\n\t\t\t\t<\/div>\n\t\t\t\t\t<\/div>\n\t\t\t\t<\/div>\n\t\t<div class=\"elementor-element elementor-element-454aa4f5 e-flex e-con-boxed e-con e-parent\" data-id=\"454aa4f5\" data-element_type=\"container\" data-settings=\"{&quot;background_background&quot;:&quot;classic&quot;}\">\n\t\t\t\t\t<div class=\"e-con-inner\">\n\t\t\t\t<div class=\"elementor-element elementor-element-609f773c elementor-widget elementor-widget-heading\" data-id=\"609f773c\" data-element_type=\"widget\" data-widget_type=\"heading.default\">\n\t\t\t\t<div class=\"elementor-widget-container\">\n\t\t\t\t\t<h2 class=\"elementor-heading-title elementor-size-default\">KAJ MORATE VEDETI PRED POTOVANJEM<\/h2>\t\t\t\t<\/div>\n\t\t\t\t<\/div>\n\t\t<div class=\"elementor-element elementor-element-4b6b586 e-con-full e-flex e-con e-child\" data-id=\"4b6b586\" data-element_type=\"container\">\n\t\t<div class=\"elementor-element elementor-element-6aa6c5dc e-con-full e-flex e-con e-child\" data-id=\"6aa6c5dc\" data-element_type=\"container\" data-settings=\"{&quot;background_background&quot;:&quot;classic&quot;}\">\n\t\t\t\t<div class=\"elementor-element elementor-element-38eb14e8 elementor-widget elementor-widget-heading\" data-id=\"38eb14e8\" data-element_type=\"widget\" data-widget_type=\"heading.default\">\n\t\t\t\t<div class=\"elementor-widget-container\">\n\t\t\t\t\t<h4 class=\"elementor-heading-title elementor-size-default\">Cena vklju\u010duje<\/h4>\t\t\t\t<\/div>\n\t\t\t\t<\/div>\n\t\t\t\t<div class=\"elementor-element elementor-element-7ea228fa elementor-widget-divider--view-line elementor-widget elementor-widget-divider\" data-id=\"7ea228fa\" data-element_type=\"widget\" data-widget_type=\"divider.default\">\n\t\t\t\t<div class=\"elementor-widget-container\">\n\t\t\t\t\t\t\t<div class=\"elementor-divider\">\n\t\t\t<span class=\"elementor-divider-separator\">\n\t\t\t\t\t\t<\/span>\n\t\t<\/div>\n\t\t\t\t\t\t<\/div>\n\t\t\t\t<\/div>\n\t\t\t\t<div class=\"elementor-element elementor-element-3c82ac01 elementor-widget elementor-widget-text-editor\" data-id=\"3c82ac01\" data-element_type=\"widget\" data-widget_type=\"text-editor.default\">\n\t\t\t\t<div class=\"elementor-widget-container\">\n\t\t\t\t\t\t\t\t\t<p class=\"font_8 wixui-rich-text__text\">prevoz, lokalni vodnik<\/p>\t\t\t\t\t\t\t\t<\/div>\n\t\t\t\t<\/div>\n\t\t\t\t<\/div>\n\t\t<div class=\"elementor-element elementor-element-689f8e89 e-con-full e-flex e-con e-child\" data-id=\"689f8e89\" data-element_type=\"container\" data-settings=\"{&quot;background_background&quot;:&quot;classic&quot;}\">\n\t\t\t\t<div class=\"elementor-element elementor-element-d509a35 elementor-widget elementor-widget-heading\" data-id=\"d509a35\" data-element_type=\"widget\" data-widget_type=\"heading.default\">\n\t\t\t\t<div class=\"elementor-widget-container\">\n\t\t\t\t\t<h4 class=\"elementor-heading-title elementor-size-default\">Cena ne vklju\u010duje<\/h4>\t\t\t\t<\/div>\n\t\t\t\t<\/div>\n\t\t\t\t<div class=\"elementor-element elementor-element-43edb4eb elementor-widget-divider--view-line elementor-widget elementor-widget-divider\" data-id=\"43edb4eb\" data-element_type=\"widget\" data-widget_type=\"divider.default\">\n\t\t\t\t<div class=\"elementor-widget-container\">\n\t\t\t\t\t\t\t<div class=\"elementor-divider\">\n\t\t\t<span class=\"elementor-divider-separator\">\n\t\t\t\t\t\t<\/span>\n\t\t<\/div>\n\t\t\t\t\t\t<\/div>\n\t\t\t\t<\/div>\n\t\t\t\t<div class=\"elementor-element elementor-element-5b85cba elementor-widget elementor-widget-text-editor\" data-id=\"5b85cba\" data-element_type=\"widget\" data-widget_type=\"text-editor.default\">\n\t\t\t\t<div class=\"elementor-widget-container\">\n\t\t\t\t\t\t\t\t\t<p>Kosilo, vstopnine<\/p>\t\t\t\t\t\t\t\t<\/div>\n\t\t\t\t<\/div>\n\t\t\t\t<\/div>\n\t\t<div class=\"elementor-element elementor-element-1b7d7832 e-con-full e-flex e-con e-child\" data-id=\"1b7d7832\" data-element_type=\"container\" data-settings=\"{&quot;background_background&quot;:&quot;classic&quot;}\">\n\t\t\t\t<div class=\"elementor-element elementor-element-57b42908 elementor-widget elementor-widget-heading\" data-id=\"57b42908\" data-element_type=\"widget\" data-widget_type=\"heading.default\">\n\t\t\t\t<div class=\"elementor-widget-container\">\n\t\t\t\t\t<h4 class=\"elementor-heading-title elementor-size-default\">Dodatne informacije<\/h4>\t\t\t\t<\/div>\n\t\t\t\t<\/div>\n\t\t\t\t<div class=\"elementor-element elementor-element-68e1194b elementor-widget-divider--view-line elementor-widget elementor-widget-divider\" data-id=\"68e1194b\" data-element_type=\"widget\" data-widget_type=\"divider.default\">\n\t\t\t\t<div class=\"elementor-widget-container\">\n\t\t\t\t\t\t\t<div class=\"elementor-divider\">\n\t\t\t<span class=\"elementor-divider-separator\">\n\t\t\t\t\t\t<\/span>\n\t\t<\/div>\n\t\t\t\t\t\t<\/div>\n\t\t\t\t<\/div>\n\t\t\t\t<div class=\"elementor-element elementor-element-45247fb7 elementor-widget elementor-widget-text-editor\" data-id=\"45247fb7\" data-element_type=\"widget\" data-widget_type=\"text-editor.default\">\n\t\t\t\t<div class=\"elementor-widget-container\">\n\t\t\t\t\t\t\t\t\t<p>s seboj imejte osebni dokument, udobna in \u0161portna obutev \/ obla\u010dila<\/p>\t\t\t\t\t\t\t\t<\/div>\n\t\t\t\t<\/div>\n\t\t\t\t<\/div>\n\t\t\t\t<\/div>\n\t\t\t\t\t<\/div>\n\t\t\t\t<\/div>\n\t\t<div class=\"elementor-element elementor-element-fa10f85 e-flex e-con-boxed e-con e-parent\" data-id=\"fa10f85\" data-element_type=\"container\">\n\t\t\t\t\t<div class=\"e-con-inner\">\n\t\t\t\t<div class=\"elementor-element elementor-element-0cae075 elementor-widget elementor-widget-shortcode\" data-id=\"0cae075\" data-element_type=\"widget\" data-widget_type=\"shortcode.default\">\n\t\t\t\t<div class=\"elementor-widget-container\">\n\t\t\t\t\t\t\t<div class=\"elementor-shortcode\"><\/div>\n\t\t\t\t\t\t<\/div>\n\t\t\t\t<\/div>\n\t\t\t\t\t<\/div>\n\t\t\t\t<\/div>\n\t\t\t\t<\/div>\n\t\t","protected":false},"excerpt":{"rendered":"<p>TURA JULIJSKE ALPE Na\u0161a najljub\u0161a tura za raziskovanje Julijskih Alp, Trente in Triglavskega narodnega parka. Celodnevni izlet v neokrnjeno naravo z zgodbami in zgodovino iz prve svetovne vojne ter za u\u017eivanje v nekaterih najbolj spektakularnih razgledih v edinstvenem alpskem svetu. Po Kranjski Gori in naprej \u010dez prelaz Predil (1.156 m) se spustimo v dolino So\u010de. [&hellip;]<\/p>\n","protected":false},"author":2,"featured_media":0,"parent":0,"menu_order":0,"comment_status":"closed","ping_status":"closed","template":"elementor_header_footer","meta":{"_monsterinsights_skip_tracking":false,"_monsterinsights_sitenote_active":false,"_monsterinsights_sitenote_note":"","_monsterinsights_sitenote_category":0,"footnotes":""},"class_list":["post-5193","page","type-page","status-publish","hentry"],"aioseo_notices":[],"yoast_head":"<!-- This site is optimized with the Yoast SEO plugin v23.6 - https:\/\/yoast.com\/wordpress\/plugins\/seo\/ -->\n<title>Tura Julijske Alpe - Discover So\u010da Valley<\/title>\n<meta name=\"robots\" content=\"index, follow, max-snippet:-1, max-image-preview:large, max-video-preview:-1\" \/>\n<link rel=\"canonical\" href=\"https:\/\/discover-socavalley.com\/sl\/tura-julijske-alpe\/\" \/>\n<meta property=\"og:locale\" content=\"sl_SI\" \/>\n<meta property=\"og:type\" content=\"article\" \/>\n<meta property=\"og:title\" content=\"Tura Julijske Alpe - Discover So\u010da Valley\" \/>\n<meta property=\"og:description\" content=\"TURA JULIJSKE ALPE Na\u0161a najljub\u0161a tura za raziskovanje Julijskih Alp, Trente in Triglavskega narodnega parka. Celodnevni izlet v neokrnjeno naravo z zgodbami in zgodovino iz prve svetovne vojne ter za u\u017eivanje v nekaterih najbolj spektakularnih razgledih v edinstvenem alpskem svetu. Po Kranjski Gori in naprej \u010dez prelaz Predil (1.156 m) se spustimo v dolino So\u010de. [&hellip;]\" \/>\n<meta property=\"og:url\" content=\"https:\/\/discover-socavalley.com\/sl\/tura-julijske-alpe\/\" \/>\n<meta property=\"og:site_name\" content=\"Discover So\u010da Valley\" \/>\n<meta property=\"article:modified_time\" content=\"2024-02-18T19:26:21+00:00\" \/>\n<meta property=\"og:image\" content=\"https:\/\/discover-socavalley.com\/wp-content\/uploads\/2024\/01\/julian-alps-01-scaled.jpg\" \/>\n<meta name=\"twitter:card\" content=\"summary_large_image\" \/>\n<meta name=\"twitter:label1\" content=\"Est. reading time\" \/>\n\t<meta name=\"twitter:data1\" content=\"3 minute\" \/>\n<script type=\"application\/ld+json\" class=\"yoast-schema-graph\">{\"@context\":\"https:\/\/schema.org\",\"@graph\":[{\"@type\":\"WebPage\",\"@id\":\"https:\/\/discover-socavalley.com\/sl\/tura-julijske-alpe\/\",\"url\":\"https:\/\/discover-socavalley.com\/sl\/tura-julijske-alpe\/\",\"name\":\"Tura Julijske Alpe - Discover So\u010da Valley\",\"isPartOf\":{\"@id\":\"https:\/\/discover-socavalley.com\/sl\/#website\"},\"primaryImageOfPage\":{\"@id\":\"https:\/\/discover-socavalley.com\/sl\/tura-julijske-alpe\/#primaryimage\"},\"image\":{\"@id\":\"https:\/\/discover-socavalley.com\/sl\/tura-julijske-alpe\/#primaryimage\"},\"thumbnailUrl\":\"https:\/\/discover-socavalley.com\/wp-content\/uploads\/2024\/01\/julian-alps-01-scaled.jpg\",\"datePublished\":\"2023-12-29T07:57:35+00:00\",\"dateModified\":\"2024-02-18T19:26:21+00:00\",\"breadcrumb\":{\"@id\":\"https:\/\/discover-socavalley.com\/sl\/tura-julijske-alpe\/#breadcrumb\"},\"inLanguage\":\"sl-SI\",\"potentialAction\":[{\"@type\":\"ReadAction\",\"target\":[\"https:\/\/discover-socavalley.com\/sl\/tura-julijske-alpe\/\"]}]},{\"@type\":\"ImageObject\",\"inLanguage\":\"sl-SI\",\"@id\":\"https:\/\/discover-socavalley.com\/sl\/tura-julijske-alpe\/#primaryimage\",\"url\":\"https:\/\/discover-socavalley.com\/wp-content\/uploads\/2024\/01\/julian-alps-01-scaled.jpg\",\"contentUrl\":\"https:\/\/discover-socavalley.com\/wp-content\/uploads\/2024\/01\/julian-alps-01-scaled.jpg\"},{\"@type\":\"BreadcrumbList\",\"@id\":\"https:\/\/discover-socavalley.com\/sl\/tura-julijske-alpe\/#breadcrumb\",\"itemListElement\":[{\"@type\":\"ListItem\",\"position\":1,\"name\":\"Home\",\"item\":\"https:\/\/discover-socavalley.com\/sl\/\"},{\"@type\":\"ListItem\",\"position\":2,\"name\":\"Tura Julijske Alpe\"}]},{\"@type\":\"WebSite\",\"@id\":\"https:\/\/discover-socavalley.com\/sl\/#website\",\"url\":\"https:\/\/discover-socavalley.com\/sl\/\",\"name\":\"Discover So\u010da Valley\",\"description\":\"Discover So\u010da Valley\",\"publisher\":{\"@id\":\"https:\/\/discover-socavalley.com\/sl\/#organization\"},\"potentialAction\":[{\"@type\":\"SearchAction\",\"target\":{\"@type\":\"EntryPoint\",\"urlTemplate\":\"https:\/\/discover-socavalley.com\/sl\/?s={search_term_string}\"},\"query-input\":{\"@type\":\"PropertyValueSpecification\",\"valueRequired\":true,\"valueName\":\"search_term_string\"}}],\"inLanguage\":\"sl-SI\"},{\"@type\":\"Organization\",\"@id\":\"https:\/\/discover-socavalley.com\/sl\/#organization\",\"name\":\"Discover So\u010da Valley\",\"url\":\"https:\/\/discover-socavalley.com\/sl\/\",\"logo\":{\"@type\":\"ImageObject\",\"inLanguage\":\"sl-SI\",\"@id\":\"https:\/\/discover-socavalley.com\/sl\/#\/schema\/logo\/image\/\",\"url\":\"https:\/\/discover-socavalley.com\/wp-content\/uploads\/2023\/12\/logo-soca-vallet-logo.png\",\"contentUrl\":\"https:\/\/discover-socavalley.com\/wp-content\/uploads\/2023\/12\/logo-soca-vallet-logo.png\",\"width\":1768,\"height\":500,\"caption\":\"Discover So\u010da Valley\"},\"image\":{\"@id\":\"https:\/\/discover-socavalley.com\/sl\/#\/schema\/logo\/image\/\"}}]}<\/script>\n<!-- \/ Yoast SEO plugin. -->","yoast_head_json":{"title":"Tura Julijske Alpe - Discover So\u010da Valley","robots":{"index":"index","follow":"follow","max-snippet":"max-snippet:-1","max-image-preview":"max-image-preview:large","max-video-preview":"max-video-preview:-1"},"canonical":"https:\/\/discover-socavalley.com\/sl\/tura-julijske-alpe\/","og_locale":"sl_SI","og_type":"article","og_title":"Tura Julijske Alpe - Discover So\u010da Valley","og_description":"TURA JULIJSKE ALPE Na\u0161a najljub\u0161a tura za raziskovanje Julijskih Alp, Trente in Triglavskega narodnega parka. Celodnevni izlet v neokrnjeno naravo z zgodbami in zgodovino iz prve svetovne vojne ter za u\u017eivanje v nekaterih najbolj spektakularnih razgledih v edinstvenem alpskem svetu. Po Kranjski Gori in naprej \u010dez prelaz Predil (1.156 m) se spustimo v dolino So\u010de. [&hellip;]","og_url":"https:\/\/discover-socavalley.com\/sl\/tura-julijske-alpe\/","og_site_name":"Discover So\u010da Valley","article_modified_time":"2024-02-18T19:26:21+00:00","og_image":[{"url":"https:\/\/discover-socavalley.com\/wp-content\/uploads\/2024\/01\/julian-alps-01-scaled.jpg"}],"twitter_card":"summary_large_image","twitter_misc":{"Est. reading time":"3 minute"},"schema":{"@context":"https:\/\/schema.org","@graph":[{"@type":"WebPage","@id":"https:\/\/discover-socavalley.com\/sl\/tura-julijske-alpe\/","url":"https:\/\/discover-socavalley.com\/sl\/tura-julijske-alpe\/","name":"Tura Julijske Alpe - Discover So\u010da Valley","isPartOf":{"@id":"https:\/\/discover-socavalley.com\/sl\/#website"},"primaryImageOfPage":{"@id":"https:\/\/discover-socavalley.com\/sl\/tura-julijske-alpe\/#primaryimage"},"image":{"@id":"https:\/\/discover-socavalley.com\/sl\/tura-julijske-alpe\/#primaryimage"},"thumbnailUrl":"https:\/\/discover-socavalley.com\/wp-content\/uploads\/2024\/01\/julian-alps-01-scaled.jpg","datePublished":"2023-12-29T07:57:35+00:00","dateModified":"2024-02-18T19:26:21+00:00","breadcrumb":{"@id":"https:\/\/discover-socavalley.com\/sl\/tura-julijske-alpe\/#breadcrumb"},"inLanguage":"sl-SI","potentialAction":[{"@type":"ReadAction","target":["https:\/\/discover-socavalley.com\/sl\/tura-julijske-alpe\/"]}]},{"@type":"ImageObject","inLanguage":"sl-SI","@id":"https:\/\/discover-socavalley.com\/sl\/tura-julijske-alpe\/#primaryimage","url":"https:\/\/discover-socavalley.com\/wp-content\/uploads\/2024\/01\/julian-alps-01-scaled.jpg","contentUrl":"https:\/\/discover-socavalley.com\/wp-content\/uploads\/2024\/01\/julian-alps-01-scaled.jpg"},{"@type":"BreadcrumbList","@id":"https:\/\/discover-socavalley.com\/sl\/tura-julijske-alpe\/#breadcrumb","itemListElement":[{"@type":"ListItem","position":1,"name":"Home","item":"https:\/\/discover-socavalley.com\/sl\/"},{"@type":"ListItem","position":2,"name":"Tura Julijske Alpe"}]},{"@type":"WebSite","@id":"https:\/\/discover-socavalley.com\/sl\/#website","url":"https:\/\/discover-socavalley.com\/sl\/","name":"Discover So\u010da Valley","description":"Discover So\u010da Valley","publisher":{"@id":"https:\/\/discover-socavalley.com\/sl\/#organization"},"potentialAction":[{"@type":"SearchAction","target":{"@type":"EntryPoint","urlTemplate":"https:\/\/discover-socavalley.com\/sl\/?s={search_term_string}"},"query-input":{"@type":"PropertyValueSpecification","valueRequired":true,"valueName":"search_term_string"}}],"inLanguage":"sl-SI"},{"@type":"Organization","@id":"https:\/\/discover-socavalley.com\/sl\/#organization","name":"Discover So\u010da Valley","url":"https:\/\/discover-socavalley.com\/sl\/","logo":{"@type":"ImageObject","inLanguage":"sl-SI","@id":"https:\/\/discover-socavalley.com\/sl\/#\/schema\/logo\/image\/","url":"https:\/\/discover-socavalley.com\/wp-content\/uploads\/2023\/12\/logo-soca-vallet-logo.png","contentUrl":"https:\/\/discover-socavalley.com\/wp-content\/uploads\/2023\/12\/logo-soca-vallet-logo.png","width":1768,"height":500,"caption":"Discover So\u010da Valley"},"image":{"@id":"https:\/\/discover-socavalley.com\/sl\/#\/schema\/logo\/image\/"}}]}},"_links":{"self":[{"href":"https:\/\/discover-socavalley.com\/sl\/wp-json\/wp\/v2\/pages\/5193","targetHints":{"allow":["GET"]}}],"collection":[{"href":"https:\/\/discover-socavalley.com\/sl\/wp-json\/wp\/v2\/pages"}],"about":[{"href":"https:\/\/discover-socavalley.com\/sl\/wp-json\/wp\/v2\/types\/page"}],"author":[{"embeddable":true,"href":"https:\/\/discover-socavalley.com\/sl\/wp-json\/wp\/v2\/users\/2"}],"replies":[{"embeddable":true,"href":"https:\/\/discover-socavalley.com\/sl\/wp-json\/wp\/v2\/comments?post=5193"}],"version-history":[{"count":34,"href":"https:\/\/discover-socavalley.com\/sl\/wp-json\/wp\/v2\/pages\/5193\/revisions"}],"predecessor-version":[{"id":6837,"href":"https:\/\/discover-socavalley.com\/sl\/wp-json\/wp\/v2\/pages\/5193\/revisions\/6837"}],"wp:attachment":[{"href":"https:\/\/discover-socavalley.com\/sl\/wp-json\/wp\/v2\/media?parent=5193"}],"curies":[{"name":"wp","href":"https:\/\/api.w.org\/{rel}","templated":true}]}}