{"id":5181,"date":"2024-01-04T11:39:11","date_gmt":"2024-01-04T11:39:11","guid":{"rendered":"http:\/\/discover-socavalley.com\/prilagojena-potovalna-izkusnja\/"},"modified":"2024-02-18T19:22:13","modified_gmt":"2024-02-18T19:22:13","slug":"prilagojena-potovalna-izkusnja","status":"publish","type":"page","link":"https:\/\/discover-socavalley.com\/sl\/prilagojena-potovalna-izkusnja\/","title":{"rendered":"Prilagojena potovalna izku\u0161nja"},"content":{"rendered":"\t\t<div data-elementor-type=\"wp-page\" data-elementor-id=\"5181\" class=\"elementor elementor-5181 elementor-1622\" data-elementor-post-type=\"page\">\n\t\t\t\t<div class=\"elementor-element elementor-element-84708f4 elementor-hidden-mobile e-flex e-con-boxed e-con e-parent\" data-id=\"84708f4\" data-element_type=\"container\" data-settings=\"{&quot;background_background&quot;:&quot;classic&quot;}\">\n\t\t\t\t\t<div class=\"e-con-inner\">\n\t\t<div class=\"elementor-element elementor-element-8841449 e-con-full e-flex e-con e-child\" data-id=\"8841449\" data-element_type=\"container\">\n\t\t\t\t<div class=\"elementor-element elementor-element-c925af8 elementor-widget elementor-widget-heading\" data-id=\"c925af8\" data-element_type=\"widget\" data-widget_type=\"heading.default\">\n\t\t\t\t<div class=\"elementor-widget-container\">\n\t\t\t\t\t<h2 class=\"elementor-heading-title elementor-size-default\">PRILAGOJENA POTOVALNA IZKU\u0160NJA<\/h2>\t\t\t\t<\/div>\n\t\t\t\t<\/div>\n\t\t\t\t<div class=\"elementor-element elementor-element-f27a336 elementor-widget elementor-widget-text-editor\" data-id=\"f27a336\" data-element_type=\"widget\" data-widget_type=\"text-editor.default\">\n\t\t\t\t<div class=\"elementor-widget-container\">\n\t\t\t\t\t\t\t\t\t<div id=\"bgLayers_comp-klclfc50\" class=\"MW5IWV\" data-hook=\"bgLayers\"><div id=\"bgMedia_comp-klclfc50\" class=\"VgO9Yg\"><div id=\"bgLayers_comp-klclfc50\" class=\"MW5IWV\" data-hook=\"bgLayers\"><div id=\"bgMedia_comp-klclfc50\" class=\"VgO9Yg\"><div id=\"bgLayers_comp-klclfc50\" class=\"MW5IWV\" data-hook=\"bgLayers\"><div id=\"bgMedia_comp-klclfc50\" class=\"VgO9Yg\"><div id=\"comp-kle0h7xy\" class=\"KcpHeO tz5f0K comp-kle0h7xy wixui-rich-text\" data-testid=\"richTextElement\"><p>Dovolite nam, da vam pomagamo na\u010drtovati prilagojeno potovalno izku\u0161njo. Od podrobnega na\u010drta poti, ki temelji na va\u0161em \u010dasu in \u017eeljah, do zaupanja vrednega zasebnega voznika za prevoze med lokacijami.<\/p><p>Ture pripravljamo za individualne potnike, za dru\u017eine, za gurmane in outdoor ljubitelje. To so lahko spro\u0161\u010dene poletne, jesenske po\u010ditnice ali pa pustolovsko obarvan zimski oddih.<\/p><p>Na voljo smo med in po va\u0161em potovanju, tako da se lahko resni\u010dno sprostite in u\u017eivate v turi.<\/p><\/div><\/div><\/div><\/div><\/div><\/div><\/div>\t\t\t\t\t\t\t\t<\/div>\n\t\t\t\t<\/div>\n\t\t\t\t<div class=\"elementor-element elementor-element-360cde3 elementor-align-center elementor-widget__width-inherit elementor-invisible elementor-widget elementor-widget-button\" data-id=\"360cde3\" data-element_type=\"widget\" data-settings=\"{&quot;_animation&quot;:&quot;fadeInDown&quot;}\" data-widget_type=\"button.default\">\n\t\t\t\t<div class=\"elementor-widget-container\">\n\t\t\t\t\t\t\t\t\t<div class=\"elementor-button-wrapper\">\n\t\t\t\t\t<a class=\"elementor-button elementor-button-link elementor-size-lg\" href=\"https:\/\/discover-socavalley.com\/sl\/kontaktna-forma\/\">\n\t\t\t\t\t\t<span class=\"elementor-button-content-wrapper\">\n\t\t\t\t\t\t\t\t\t<span class=\"elementor-button-text\">Kontaktirajte nas<\/span>\n\t\t\t\t\t<\/span>\n\t\t\t\t\t<\/a>\n\t\t\t\t<\/div>\n\t\t\t\t\t\t\t\t<\/div>\n\t\t\t\t<\/div>\n\t\t\t\t<\/div>\n\t\t<div class=\"elementor-element elementor-element-1736425 e-con-full e-flex e-con e-child\" data-id=\"1736425\" data-element_type=\"container\">\n\t\t\t\t<div class=\"elementor-element elementor-element-464e574 elementor-widget elementor-widget-image\" data-id=\"464e574\" data-element_type=\"widget\" data-widget_type=\"image.default\">\n\t\t\t\t<div class=\"elementor-widget-container\">\n\t\t\t\t\t\t\t\t\t\t\t\t\t\t\t<img fetchpriority=\"high\" decoding=\"async\" width=\"2560\" height=\"1920\" src=\"https:\/\/discover-socavalley.com\/wp-content\/uploads\/2023\/12\/lake-jasna-scaled.jpg\" class=\"attachment-full size-full wp-image-5059\" alt=\"\" srcset=\"https:\/\/discover-socavalley.com\/wp-content\/uploads\/2023\/12\/lake-jasna-scaled.jpg 2560w, https:\/\/discover-socavalley.com\/wp-content\/uploads\/2023\/12\/lake-jasna-300x225.jpg 300w, https:\/\/discover-socavalley.com\/wp-content\/uploads\/2023\/12\/lake-jasna-1024x768.jpg 1024w, https:\/\/discover-socavalley.com\/wp-content\/uploads\/2023\/12\/lake-jasna-768x576.jpg 768w, https:\/\/discover-socavalley.com\/wp-content\/uploads\/2023\/12\/lake-jasna-1536x1152.jpg 1536w, https:\/\/discover-socavalley.com\/wp-content\/uploads\/2023\/12\/lake-jasna-2048x1536.jpg 2048w\" sizes=\"(max-width: 2560px) 100vw, 2560px\" \/>\t\t\t\t\t\t\t\t\t\t\t\t\t\t\t<\/div>\n\t\t\t\t<\/div>\n\t\t\t\t<\/div>\n\t\t\t\t\t<\/div>\n\t\t\t\t<\/div>\n\t\t<div class=\"elementor-element elementor-element-59756f5 elementor-hidden-desktop elementor-hidden-tablet e-flex e-con-boxed e-con e-parent\" data-id=\"59756f5\" data-element_type=\"container\" data-settings=\"{&quot;background_background&quot;:&quot;classic&quot;}\">\n\t\t\t\t\t<div class=\"e-con-inner\">\n\t\t<div class=\"elementor-element elementor-element-71e512b e-con-full e-flex e-con e-child\" data-id=\"71e512b\" data-element_type=\"container\">\n\t\t\t\t<div class=\"elementor-element elementor-element-403a76d elementor-widget elementor-widget-heading\" data-id=\"403a76d\" data-element_type=\"widget\" data-widget_type=\"heading.default\">\n\t\t\t\t<div class=\"elementor-widget-container\">\n\t\t\t\t\t<h2 class=\"elementor-heading-title elementor-size-default\">PRILAGOJENA POTOVALNA IZKU\u0160NJA<\/h2>\t\t\t\t<\/div>\n\t\t\t\t<\/div>\n\t\t\t\t<div class=\"elementor-element elementor-element-f056c38 elementor-widget elementor-widget-text-editor\" data-id=\"f056c38\" data-element_type=\"widget\" data-widget_type=\"text-editor.default\">\n\t\t\t\t<div class=\"elementor-widget-container\">\n\t\t\t\t\t\t\t\t\t<div id=\"bgLayers_comp-klclfc50\" class=\"MW5IWV\" data-hook=\"bgLayers\"><div id=\"bgMedia_comp-klclfc50\" class=\"VgO9Yg\"><div id=\"bgLayers_comp-klclfc50\" class=\"MW5IWV\" data-hook=\"bgLayers\"><div id=\"bgMedia_comp-klclfc50\" class=\"VgO9Yg\"><div id=\"bgLayers_comp-klclfc50\" class=\"MW5IWV\" data-hook=\"bgLayers\"><div id=\"bgMedia_comp-klclfc50\" class=\"VgO9Yg\"><div id=\"comp-kle0h7xy\" class=\"KcpHeO tz5f0K comp-kle0h7xy wixui-rich-text\" data-testid=\"richTextElement\"><p>Dovolite nam, da vam pomagamo na\u010drtovati prilagojeno potovalno izku\u0161njo. Od podrobnega na\u010drta poti, ki temelji na va\u0161em \u010dasu in \u017eeljah, do zaupanja vrednega zasebnega voznika za prevoze med lokacijami.<\/p><p>Ture pripravljamo za individualne potnike, za dru\u017eine, za gurmane in outdoor ljubitelje. To so lahko spro\u0161\u010dene poletne, jesenske po\u010ditnice ali pa pustolovsko obarvan zimski oddih.<\/p><p>Na voljo smo med in po va\u0161em potovanju, tako da se lahko resni\u010dno sprostite in u\u017eivate v turi.<\/p><\/div><\/div><\/div><\/div><\/div><\/div><\/div>\t\t\t\t\t\t\t\t<\/div>\n\t\t\t\t<\/div>\n\t\t\t\t<div class=\"elementor-element elementor-element-69f1af2 elementor-align-center elementor-widget__width-inherit elementor-invisible elementor-widget elementor-widget-button\" data-id=\"69f1af2\" data-element_type=\"widget\" data-settings=\"{&quot;_animation&quot;:&quot;fadeInDown&quot;}\" data-widget_type=\"button.default\">\n\t\t\t\t<div class=\"elementor-widget-container\">\n\t\t\t\t\t\t\t\t\t<div class=\"elementor-button-wrapper\">\n\t\t\t\t\t<a class=\"elementor-button elementor-button-link elementor-size-lg\" href=\"mailto:team@discover-socavalley.com\">\n\t\t\t\t\t\t<span class=\"elementor-button-content-wrapper\">\n\t\t\t\t\t\t\t\t\t<span class=\"elementor-button-text\">Kontaktirajte nas<\/span>\n\t\t\t\t\t<\/span>\n\t\t\t\t\t<\/a>\n\t\t\t\t<\/div>\n\t\t\t\t\t\t\t\t<\/div>\n\t\t\t\t<\/div>\n\t\t\t\t<\/div>\n\t\t<div class=\"elementor-element elementor-element-7772079 e-con-full e-flex e-con e-child\" data-id=\"7772079\" data-element_type=\"container\">\n\t\t\t\t<div class=\"elementor-element elementor-element-f86dc1c elementor-widget elementor-widget-image\" data-id=\"f86dc1c\" data-element_type=\"widget\" data-widget_type=\"image.default\">\n\t\t\t\t<div class=\"elementor-widget-container\">\n\t\t\t\t\t\t\t\t\t\t\t\t\t\t\t<img fetchpriority=\"high\" decoding=\"async\" width=\"2560\" height=\"1920\" src=\"https:\/\/discover-socavalley.com\/wp-content\/uploads\/2023\/12\/lake-jasna-scaled.jpg\" class=\"attachment-full size-full wp-image-5059\" alt=\"\" srcset=\"https:\/\/discover-socavalley.com\/wp-content\/uploads\/2023\/12\/lake-jasna-scaled.jpg 2560w, https:\/\/discover-socavalley.com\/wp-content\/uploads\/2023\/12\/lake-jasna-300x225.jpg 300w, https:\/\/discover-socavalley.com\/wp-content\/uploads\/2023\/12\/lake-jasna-1024x768.jpg 1024w, https:\/\/discover-socavalley.com\/wp-content\/uploads\/2023\/12\/lake-jasna-768x576.jpg 768w, https:\/\/discover-socavalley.com\/wp-content\/uploads\/2023\/12\/lake-jasna-1536x1152.jpg 1536w, https:\/\/discover-socavalley.com\/wp-content\/uploads\/2023\/12\/lake-jasna-2048x1536.jpg 2048w\" sizes=\"(max-width: 2560px) 100vw, 2560px\" \/>\t\t\t\t\t\t\t\t\t\t\t\t\t\t\t<\/div>\n\t\t\t\t<\/div>\n\t\t\t\t<\/div>\n\t\t\t\t\t<\/div>\n\t\t\t\t<\/div>\n\t\t<div class=\"elementor-element elementor-element-454aa4f5 e-flex e-con-boxed e-con e-parent\" data-id=\"454aa4f5\" data-element_type=\"container\" data-settings=\"{&quot;background_background&quot;:&quot;classic&quot;}\">\n\t\t\t\t\t<div class=\"e-con-inner\">\n\t\t\t\t<div class=\"elementor-element elementor-element-609f773c elementor-widget elementor-widget-heading\" data-id=\"609f773c\" data-element_type=\"widget\" data-widget_type=\"heading.default\">\n\t\t\t\t<div class=\"elementor-widget-container\">\n\t\t\t\t\t<h2 class=\"elementor-heading-title elementor-size-default\">KAJ MORATE VEDETI PRED POTOVANJEM<\/h2>\t\t\t\t<\/div>\n\t\t\t\t<\/div>\n\t\t<div class=\"elementor-element elementor-element-4b6b586 e-con-full e-flex e-con e-child\" data-id=\"4b6b586\" data-element_type=\"container\">\n\t\t<div class=\"elementor-element elementor-element-6aa6c5dc e-con-full e-flex e-con e-child\" data-id=\"6aa6c5dc\" data-element_type=\"container\" data-settings=\"{&quot;background_background&quot;:&quot;classic&quot;}\">\n\t\t\t\t<div class=\"elementor-element elementor-element-38eb14e8 elementor-widget elementor-widget-heading\" data-id=\"38eb14e8\" data-element_type=\"widget\" data-widget_type=\"heading.default\">\n\t\t\t\t<div class=\"elementor-widget-container\">\n\t\t\t\t\t<h4 class=\"elementor-heading-title elementor-size-default\">Cena vklju\u010duje<\/h4>\t\t\t\t<\/div>\n\t\t\t\t<\/div>\n\t\t\t\t<div class=\"elementor-element elementor-element-7ea228fa elementor-widget-divider--view-line elementor-widget elementor-widget-divider\" data-id=\"7ea228fa\" data-element_type=\"widget\" data-widget_type=\"divider.default\">\n\t\t\t\t<div class=\"elementor-widget-container\">\n\t\t\t\t\t\t\t<div class=\"elementor-divider\">\n\t\t\t<span class=\"elementor-divider-separator\">\n\t\t\t\t\t\t<\/span>\n\t\t<\/div>\n\t\t\t\t\t\t<\/div>\n\t\t\t\t<\/div>\n\t\t\t\t<div class=\"elementor-element elementor-element-3c82ac01 elementor-widget elementor-widget-text-editor\" data-id=\"3c82ac01\" data-element_type=\"widget\" data-widget_type=\"text-editor.default\">\n\t\t\t\t<div class=\"elementor-widget-container\">\n\t\t\t\t\t\t\t\t\t<p class=\"font_8 wixui-rich-text__text\">prevoz, angle\u0161ko govore\u010di vodnik<\/p>\n\t\t\t\t\t\t\t\t<\/div>\n\t\t\t\t<\/div>\n\t\t\t\t<\/div>\n\t\t<div class=\"elementor-element elementor-element-689f8e89 e-con-full e-flex e-con e-child\" data-id=\"689f8e89\" data-element_type=\"container\" data-settings=\"{&quot;background_background&quot;:&quot;classic&quot;}\">\n\t\t\t\t<div class=\"elementor-element elementor-element-d509a35 elementor-widget elementor-widget-heading\" data-id=\"d509a35\" data-element_type=\"widget\" data-widget_type=\"heading.default\">\n\t\t\t\t<div class=\"elementor-widget-container\">\n\t\t\t\t\t<h4 class=\"elementor-heading-title elementor-size-default\">Cena ne vklju\u010duje<\/h4>\t\t\t\t<\/div>\n\t\t\t\t<\/div>\n\t\t\t\t<div class=\"elementor-element elementor-element-43edb4eb elementor-widget-divider--view-line elementor-widget elementor-widget-divider\" data-id=\"43edb4eb\" data-element_type=\"widget\" data-widget_type=\"divider.default\">\n\t\t\t\t<div class=\"elementor-widget-container\">\n\t\t\t\t\t\t\t<div class=\"elementor-divider\">\n\t\t\t<span class=\"elementor-divider-separator\">\n\t\t\t\t\t\t<\/span>\n\t\t<\/div>\n\t\t\t\t\t\t<\/div>\n\t\t\t\t<\/div>\n\t\t\t\t<div class=\"elementor-element elementor-element-5b85cba elementor-widget elementor-widget-text-editor\" data-id=\"5b85cba\" data-element_type=\"widget\" data-widget_type=\"text-editor.default\">\n\t\t\t\t<div class=\"elementor-widget-container\">\n\t\t\t\t\t\t\t\t\t<p>Kosilo ali morebitna osve\u017eitev, vstopnine<\/p>\n\t\t\t\t\t\t\t\t<\/div>\n\t\t\t\t<\/div>\n\t\t\t\t<\/div>\n\t\t<div class=\"elementor-element elementor-element-1b7d7832 e-con-full e-flex e-con e-child\" data-id=\"1b7d7832\" data-element_type=\"container\" data-settings=\"{&quot;background_background&quot;:&quot;classic&quot;}\">\n\t\t\t\t<div class=\"elementor-element elementor-element-57b42908 elementor-widget elementor-widget-heading\" data-id=\"57b42908\" data-element_type=\"widget\" data-widget_type=\"heading.default\">\n\t\t\t\t<div class=\"elementor-widget-container\">\n\t\t\t\t\t<h4 class=\"elementor-heading-title elementor-size-default\">Dodatne informacije<\/h4>\t\t\t\t<\/div>\n\t\t\t\t<\/div>\n\t\t\t\t<div class=\"elementor-element elementor-element-68e1194b elementor-widget-divider--view-line elementor-widget elementor-widget-divider\" data-id=\"68e1194b\" data-element_type=\"widget\" data-widget_type=\"divider.default\">\n\t\t\t\t<div class=\"elementor-widget-container\">\n\t\t\t\t\t\t\t<div class=\"elementor-divider\">\n\t\t\t<span class=\"elementor-divider-separator\">\n\t\t\t\t\t\t<\/span>\n\t\t<\/div>\n\t\t\t\t\t\t<\/div>\n\t\t\t\t<\/div>\n\t\t\t\t<div class=\"elementor-element elementor-element-45247fb7 elementor-widget elementor-widget-text-editor\" data-id=\"45247fb7\" data-element_type=\"widget\" data-widget_type=\"text-editor.default\">\n\t\t\t\t<div class=\"elementor-widget-container\">\n\t\t\t\t\t\t\t\t\t<p>S seboj obvezno vzemite osebni dokument! Udobni \u010devlji in fotoaparat za slikanje.<\/p>\n\t\t\t\t\t\t\t\t<\/div>\n\t\t\t\t<\/div>\n\t\t\t\t<\/div>\n\t\t\t\t<\/div>\n\t\t\t\t\t<\/div>\n\t\t\t\t<\/div>\n\t\t<div class=\"elementor-element elementor-element-ff984dc e-flex e-con-boxed e-con e-parent\" data-id=\"ff984dc\" data-element_type=\"container\">\n\t\t\t\t\t<div class=\"e-con-inner\">\n\t\t\t\t<div class=\"elementor-element elementor-element-c35f2d5 elementor-widget elementor-widget-shortcode\" data-id=\"c35f2d5\" data-element_type=\"widget\" data-widget_type=\"shortcode.default\">\n\t\t\t\t<div class=\"elementor-widget-container\">\n\t\t\t\t\t\t\t<div class=\"elementor-shortcode\"><\/div>\n\t\t\t\t\t\t<\/div>\n\t\t\t\t<\/div>\n\t\t\t\t\t<\/div>\n\t\t\t\t<\/div>\n\t\t\t\t<\/div>\n\t\t","protected":false},"excerpt":{"rendered":"<p>PRILAGOJENA POTOVALNA IZKU\u0160NJA Dovolite nam, da vam pomagamo na\u010drtovati prilagojeno potovalno izku\u0161njo. Od podrobnega na\u010drta poti, ki temelji na va\u0161em \u010dasu in \u017eeljah, do zaupanja vrednega zasebnega voznika za prevoze med lokacijami. Ture pripravljamo za individualne potnike, za dru\u017eine, za gurmane in outdoor ljubitelje. To so lahko spro\u0161\u010dene poletne, jesenske po\u010ditnice ali pa pustolovsko obarvan [&hellip;]<\/p>\n","protected":false},"author":2,"featured_media":0,"parent":0,"menu_order":0,"comment_status":"closed","ping_status":"closed","template":"elementor_header_footer","meta":{"_monsterinsights_skip_tracking":false,"_monsterinsights_sitenote_active":false,"_monsterinsights_sitenote_note":"","_monsterinsights_sitenote_category":0,"footnotes":""},"class_list":["post-5181","page","type-page","status-publish","hentry"],"aioseo_notices":[],"yoast_head":"<!-- This site is optimized with the Yoast SEO plugin v23.6 - https:\/\/yoast.com\/wordpress\/plugins\/seo\/ -->\n<title>Prilagojena potovalna izku\u0161nja - Discover So\u010da Valley<\/title>\n<meta name=\"robots\" content=\"index, follow, max-snippet:-1, max-image-preview:large, max-video-preview:-1\" \/>\n<link rel=\"canonical\" href=\"https:\/\/discover-socavalley.com\/sl\/prilagojena-potovalna-izkusnja\/\" \/>\n<meta property=\"og:locale\" content=\"sl_SI\" \/>\n<meta property=\"og:type\" content=\"article\" \/>\n<meta property=\"og:title\" content=\"Prilagojena potovalna izku\u0161nja - Discover So\u010da Valley\" \/>\n<meta property=\"og:description\" content=\"PRILAGOJENA POTOVALNA IZKU\u0160NJA Dovolite nam, da vam pomagamo na\u010drtovati prilagojeno potovalno izku\u0161njo. Od podrobnega na\u010drta poti, ki temelji na va\u0161em \u010dasu in \u017eeljah, do zaupanja vrednega zasebnega voznika za prevoze med lokacijami. Ture pripravljamo za individualne potnike, za dru\u017eine, za gurmane in outdoor ljubitelje. To so lahko spro\u0161\u010dene poletne, jesenske po\u010ditnice ali pa pustolovsko obarvan [&hellip;]\" \/>\n<meta property=\"og:url\" content=\"https:\/\/discover-socavalley.com\/sl\/prilagojena-potovalna-izkusnja\/\" \/>\n<meta property=\"og:site_name\" content=\"Discover So\u010da Valley\" \/>\n<meta property=\"article:modified_time\" content=\"2024-02-18T19:22:13+00:00\" \/>\n<meta property=\"og:image\" content=\"https:\/\/discover-socavalley.com\/wp-content\/uploads\/2023\/12\/lake-jasna-scaled.jpg\" \/>\n<meta name=\"twitter:card\" content=\"summary_large_image\" \/>\n<meta name=\"twitter:label1\" content=\"Est. reading time\" \/>\n\t<meta name=\"twitter:data1\" content=\"2 minuti\" \/>\n<script type=\"application\/ld+json\" class=\"yoast-schema-graph\">{\"@context\":\"https:\/\/schema.org\",\"@graph\":[{\"@type\":\"WebPage\",\"@id\":\"https:\/\/discover-socavalley.com\/sl\/prilagojena-potovalna-izkusnja\/\",\"url\":\"https:\/\/discover-socavalley.com\/sl\/prilagojena-potovalna-izkusnja\/\",\"name\":\"Prilagojena potovalna izku\u0161nja - Discover So\u010da Valley\",\"isPartOf\":{\"@id\":\"https:\/\/discover-socavalley.com\/sl\/#website\"},\"primaryImageOfPage\":{\"@id\":\"https:\/\/discover-socavalley.com\/sl\/prilagojena-potovalna-izkusnja\/#primaryimage\"},\"image\":{\"@id\":\"https:\/\/discover-socavalley.com\/sl\/prilagojena-potovalna-izkusnja\/#primaryimage\"},\"thumbnailUrl\":\"https:\/\/discover-socavalley.com\/wp-content\/uploads\/2023\/12\/lake-jasna-scaled.jpg\",\"datePublished\":\"2024-01-04T11:39:11+00:00\",\"dateModified\":\"2024-02-18T19:22:13+00:00\",\"breadcrumb\":{\"@id\":\"https:\/\/discover-socavalley.com\/sl\/prilagojena-potovalna-izkusnja\/#breadcrumb\"},\"inLanguage\":\"sl-SI\",\"potentialAction\":[{\"@type\":\"ReadAction\",\"target\":[\"https:\/\/discover-socavalley.com\/sl\/prilagojena-potovalna-izkusnja\/\"]}]},{\"@type\":\"ImageObject\",\"inLanguage\":\"sl-SI\",\"@id\":\"https:\/\/discover-socavalley.com\/sl\/prilagojena-potovalna-izkusnja\/#primaryimage\",\"url\":\"https:\/\/discover-socavalley.com\/wp-content\/uploads\/2023\/12\/lake-jasna-scaled.jpg\",\"contentUrl\":\"https:\/\/discover-socavalley.com\/wp-content\/uploads\/2023\/12\/lake-jasna-scaled.jpg\"},{\"@type\":\"BreadcrumbList\",\"@id\":\"https:\/\/discover-socavalley.com\/sl\/prilagojena-potovalna-izkusnja\/#breadcrumb\",\"itemListElement\":[{\"@type\":\"ListItem\",\"position\":1,\"name\":\"Home\",\"item\":\"https:\/\/discover-socavalley.com\/sl\/\"},{\"@type\":\"ListItem\",\"position\":2,\"name\":\"Prilagojena potovalna izku\u0161nja\"}]},{\"@type\":\"WebSite\",\"@id\":\"https:\/\/discover-socavalley.com\/sl\/#website\",\"url\":\"https:\/\/discover-socavalley.com\/sl\/\",\"name\":\"Discover So\u010da Valley\",\"description\":\"Discover So\u010da Valley\",\"publisher\":{\"@id\":\"https:\/\/discover-socavalley.com\/sl\/#organization\"},\"potentialAction\":[{\"@type\":\"SearchAction\",\"target\":{\"@type\":\"EntryPoint\",\"urlTemplate\":\"https:\/\/discover-socavalley.com\/sl\/?s={search_term_string}\"},\"query-input\":{\"@type\":\"PropertyValueSpecification\",\"valueRequired\":true,\"valueName\":\"search_term_string\"}}],\"inLanguage\":\"sl-SI\"},{\"@type\":\"Organization\",\"@id\":\"https:\/\/discover-socavalley.com\/sl\/#organization\",\"name\":\"Discover So\u010da Valley\",\"url\":\"https:\/\/discover-socavalley.com\/sl\/\",\"logo\":{\"@type\":\"ImageObject\",\"inLanguage\":\"sl-SI\",\"@id\":\"https:\/\/discover-socavalley.com\/sl\/#\/schema\/logo\/image\/\",\"url\":\"https:\/\/discover-socavalley.com\/wp-content\/uploads\/2023\/12\/logo-soca-vallet-logo.png\",\"contentUrl\":\"https:\/\/discover-socavalley.com\/wp-content\/uploads\/2023\/12\/logo-soca-vallet-logo.png\",\"width\":1768,\"height\":500,\"caption\":\"Discover So\u010da Valley\"},\"image\":{\"@id\":\"https:\/\/discover-socavalley.com\/sl\/#\/schema\/logo\/image\/\"}}]}<\/script>\n<!-- \/ Yoast SEO plugin. -->","yoast_head_json":{"title":"Prilagojena potovalna izku\u0161nja - Discover So\u010da Valley","robots":{"index":"index","follow":"follow","max-snippet":"max-snippet:-1","max-image-preview":"max-image-preview:large","max-video-preview":"max-video-preview:-1"},"canonical":"https:\/\/discover-socavalley.com\/sl\/prilagojena-potovalna-izkusnja\/","og_locale":"sl_SI","og_type":"article","og_title":"Prilagojena potovalna izku\u0161nja - Discover So\u010da Valley","og_description":"PRILAGOJENA POTOVALNA IZKU\u0160NJA Dovolite nam, da vam pomagamo na\u010drtovati prilagojeno potovalno izku\u0161njo. Od podrobnega na\u010drta poti, ki temelji na va\u0161em \u010dasu in \u017eeljah, do zaupanja vrednega zasebnega voznika za prevoze med lokacijami. Ture pripravljamo za individualne potnike, za dru\u017eine, za gurmane in outdoor ljubitelje. To so lahko spro\u0161\u010dene poletne, jesenske po\u010ditnice ali pa pustolovsko obarvan [&hellip;]","og_url":"https:\/\/discover-socavalley.com\/sl\/prilagojena-potovalna-izkusnja\/","og_site_name":"Discover So\u010da Valley","article_modified_time":"2024-02-18T19:22:13+00:00","og_image":[{"url":"https:\/\/discover-socavalley.com\/wp-content\/uploads\/2023\/12\/lake-jasna-scaled.jpg"}],"twitter_card":"summary_large_image","twitter_misc":{"Est. reading time":"2 minuti"},"schema":{"@context":"https:\/\/schema.org","@graph":[{"@type":"WebPage","@id":"https:\/\/discover-socavalley.com\/sl\/prilagojena-potovalna-izkusnja\/","url":"https:\/\/discover-socavalley.com\/sl\/prilagojena-potovalna-izkusnja\/","name":"Prilagojena potovalna izku\u0161nja - Discover So\u010da Valley","isPartOf":{"@id":"https:\/\/discover-socavalley.com\/sl\/#website"},"primaryImageOfPage":{"@id":"https:\/\/discover-socavalley.com\/sl\/prilagojena-potovalna-izkusnja\/#primaryimage"},"image":{"@id":"https:\/\/discover-socavalley.com\/sl\/prilagojena-potovalna-izkusnja\/#primaryimage"},"thumbnailUrl":"https:\/\/discover-socavalley.com\/wp-content\/uploads\/2023\/12\/lake-jasna-scaled.jpg","datePublished":"2024-01-04T11:39:11+00:00","dateModified":"2024-02-18T19:22:13+00:00","breadcrumb":{"@id":"https:\/\/discover-socavalley.com\/sl\/prilagojena-potovalna-izkusnja\/#breadcrumb"},"inLanguage":"sl-SI","potentialAction":[{"@type":"ReadAction","target":["https:\/\/discover-socavalley.com\/sl\/prilagojena-potovalna-izkusnja\/"]}]},{"@type":"ImageObject","inLanguage":"sl-SI","@id":"https:\/\/discover-socavalley.com\/sl\/prilagojena-potovalna-izkusnja\/#primaryimage","url":"https:\/\/discover-socavalley.com\/wp-content\/uploads\/2023\/12\/lake-jasna-scaled.jpg","contentUrl":"https:\/\/discover-socavalley.com\/wp-content\/uploads\/2023\/12\/lake-jasna-scaled.jpg"},{"@type":"BreadcrumbList","@id":"https:\/\/discover-socavalley.com\/sl\/prilagojena-potovalna-izkusnja\/#breadcrumb","itemListElement":[{"@type":"ListItem","position":1,"name":"Home","item":"https:\/\/discover-socavalley.com\/sl\/"},{"@type":"ListItem","position":2,"name":"Prilagojena potovalna izku\u0161nja"}]},{"@type":"WebSite","@id":"https:\/\/discover-socavalley.com\/sl\/#website","url":"https:\/\/discover-socavalley.com\/sl\/","name":"Discover So\u010da Valley","description":"Discover So\u010da Valley","publisher":{"@id":"https:\/\/discover-socavalley.com\/sl\/#organization"},"potentialAction":[{"@type":"SearchAction","target":{"@type":"EntryPoint","urlTemplate":"https:\/\/discover-socavalley.com\/sl\/?s={search_term_string}"},"query-input":{"@type":"PropertyValueSpecification","valueRequired":true,"valueName":"search_term_string"}}],"inLanguage":"sl-SI"},{"@type":"Organization","@id":"https:\/\/discover-socavalley.com\/sl\/#organization","name":"Discover So\u010da Valley","url":"https:\/\/discover-socavalley.com\/sl\/","logo":{"@type":"ImageObject","inLanguage":"sl-SI","@id":"https:\/\/discover-socavalley.com\/sl\/#\/schema\/logo\/image\/","url":"https:\/\/discover-socavalley.com\/wp-content\/uploads\/2023\/12\/logo-soca-vallet-logo.png","contentUrl":"https:\/\/discover-socavalley.com\/wp-content\/uploads\/2023\/12\/logo-soca-vallet-logo.png","width":1768,"height":500,"caption":"Discover So\u010da Valley"},"image":{"@id":"https:\/\/discover-socavalley.com\/sl\/#\/schema\/logo\/image\/"}}]}},"_links":{"self":[{"href":"https:\/\/discover-socavalley.com\/sl\/wp-json\/wp\/v2\/pages\/5181","targetHints":{"allow":["GET"]}}],"collection":[{"href":"https:\/\/discover-socavalley.com\/sl\/wp-json\/wp\/v2\/pages"}],"about":[{"href":"https:\/\/discover-socavalley.com\/sl\/wp-json\/wp\/v2\/types\/page"}],"author":[{"embeddable":true,"href":"https:\/\/discover-socavalley.com\/sl\/wp-json\/wp\/v2\/users\/2"}],"replies":[{"embeddable":true,"href":"https:\/\/discover-socavalley.com\/sl\/wp-json\/wp\/v2\/comments?post=5181"}],"version-history":[{"count":20,"href":"https:\/\/discover-socavalley.com\/sl\/wp-json\/wp\/v2\/pages\/5181\/revisions"}],"predecessor-version":[{"id":6829,"href":"https:\/\/discover-socavalley.com\/sl\/wp-json\/wp\/v2\/pages\/5181\/revisions\/6829"}],"wp:attachment":[{"href":"https:\/\/discover-socavalley.com\/sl\/wp-json\/wp\/v2\/media?parent=5181"}],"curies":[{"name":"wp","href":"https:\/\/api.w.org\/{rel}","templated":true}]}}