{"id":5157,"date":"2023-12-27T07:33:38","date_gmt":"2023-12-27T07:33:38","guid":{"rendered":"http:\/\/discover-socavalley.com\/paketi-doline-soce\/"},"modified":"2024-02-10T09:17:04","modified_gmt":"2024-02-10T09:17:04","slug":"paketi-doline-soce","status":"publish","type":"page","link":"https:\/\/discover-socavalley.com\/sl\/paketi-doline-soce\/","title":{"rendered":"PAKETI DOLINE SO\u010cE"},"content":{"rendered":"\t\t<div data-elementor-type=\"wp-page\" data-elementor-id=\"5157\" class=\"elementor elementor-5157 elementor-1126\" data-elementor-post-type=\"page\">\n\t\t\t\t<div class=\"elementor-element elementor-element-08dae34 e-con-full e-flex e-con e-parent\" data-id=\"08dae34\" data-element_type=\"container\">\n\t\t\t\t<div class=\"elementor-element elementor-element-f1ca546 elementor--h-position-center elementor--v-position-middle elementor-arrows-position-inside elementor-pagination-position-inside elementor-widget elementor-widget-slides\" data-id=\"f1ca546\" data-element_type=\"widget\" data-settings=\"{&quot;navigation&quot;:&quot;both&quot;,&quot;autoplay&quot;:&quot;yes&quot;,&quot;pause_on_hover&quot;:&quot;yes&quot;,&quot;pause_on_interaction&quot;:&quot;yes&quot;,&quot;autoplay_speed&quot;:5000,&quot;infinite&quot;:&quot;yes&quot;,&quot;transition&quot;:&quot;slide&quot;,&quot;transition_speed&quot;:500}\" data-widget_type=\"slides.default\">\n\t\t\t\t<div class=\"elementor-widget-container\">\n\t\t\t\t\t\t\t\t\t<div class=\"elementor-swiper\">\n\t\t\t\t\t<div class=\"elementor-slides-wrapper elementor-main-swiper swiper\" role=\"region\" aria-roledescription=\"carousel\" aria-label=\"Slides\" dir=\"ltr\" data-animation=\"fadeInUp\">\n\t\t\t\t<div class=\"swiper-wrapper elementor-slides\">\n\t\t\t\t\t\t\t\t\t\t<div class=\"elementor-repeater-item-0c2531e swiper-slide\" role=\"group\" aria-roledescription=\"slide\"><div class=\"swiper-slide-bg\" role=\"img\" aria-label=\"bovec valley view\"><\/div><div class=\"elementor-background-overlay\"><\/div><div class=\"swiper-slide-inner\" ><div class=\"swiper-slide-contents\"><div class=\"elementor-slide-heading\">PAKETI DOLINE SO\u010cE<\/div><\/div><\/div><\/div>\t\t\t\t<\/div>\n\t\t\t\t\t\t\t<\/div>\n\t\t\t\t<\/div>\n\t\t\t\t\t\t\t\t<\/div>\n\t\t\t\t<\/div>\n\t\t\t\t<\/div>\n\t\t<div class=\"elementor-element elementor-element-f8cb8d0 e-flex e-con-boxed e-con e-parent\" data-id=\"f8cb8d0\" data-element_type=\"container\" data-settings=\"{&quot;background_background&quot;:&quot;classic&quot;}\">\n\t\t\t\t\t<div class=\"e-con-inner\">\n\t\t\t\t<div class=\"elementor-element elementor-element-16071c2 elementor-widget elementor-widget-text-editor\" data-id=\"16071c2\" data-element_type=\"widget\" data-widget_type=\"text-editor.default\">\n\t\t\t\t<div class=\"elementor-widget-container\">\n\t\t\t\t\t\t\t\t\t<p>Dolino poznamo, ponujamo prilagojene in personalizirane programe, vodene oglede in transferje. Lahko smo va\u0161 lokalni partner.<\/p>\t\t\t\t\t\t\t\t<\/div>\n\t\t\t\t<\/div>\n\t\t\t\t\t<\/div>\n\t\t\t\t<\/div>\n\t\t<div class=\"elementor-element elementor-element-5c45596 e-flex e-con-boxed e-con e-parent\" data-id=\"5c45596\" data-element_type=\"container\" data-settings=\"{&quot;background_background&quot;:&quot;classic&quot;}\">\n\t\t\t\t\t<div class=\"e-con-inner\">\n\t\t<div class=\"elementor-element elementor-element-651dd73 e-con-full e-flex e-con e-child\" data-id=\"651dd73\" data-element_type=\"container\">\n\t\t<div class=\"elementor-element elementor-element-e8225f4 e-con-full e-flex e-con e-child\" data-id=\"e8225f4\" data-element_type=\"container\" data-settings=\"{&quot;background_background&quot;:&quot;classic&quot;}\">\n\t\t\t\t<\/div>\n\t\t\t\t<\/div>\n\t\t<div class=\"elementor-element elementor-element-5bd0bec e-con-full e-flex e-con e-child\" data-id=\"5bd0bec\" data-element_type=\"container\">\n\t\t<div class=\"elementor-element elementor-element-527e9d2 e-con-full e-flex e-con e-child\" data-id=\"527e9d2\" data-element_type=\"container\">\n\t\t\t\t<div class=\"elementor-element elementor-element-d19aced elementor-widget elementor-widget-heading\" data-id=\"d19aced\" data-element_type=\"widget\" data-widget_type=\"heading.default\">\n\t\t\t\t<div class=\"elementor-widget-container\">\n\t\t\t\t\t<h2 class=\"elementor-heading-title elementor-size-default\">POHODNI\u0160KE TURE PO DOLINI SO\u010cE<\/h2>\t\t\t\t<\/div>\n\t\t\t\t<\/div>\n\t\t\t\t<div class=\"elementor-element elementor-element-8754760 elementor-widget-divider--view-line elementor-widget elementor-widget-divider\" data-id=\"8754760\" data-element_type=\"widget\" data-widget_type=\"divider.default\">\n\t\t\t\t<div class=\"elementor-widget-container\">\n\t\t\t\t\t\t\t<div class=\"elementor-divider\">\n\t\t\t<span class=\"elementor-divider-separator\">\n\t\t\t\t\t\t<\/span>\n\t\t<\/div>\n\t\t\t\t\t\t<\/div>\n\t\t\t\t<\/div>\n\t\t\t\t<div class=\"elementor-element elementor-element-2b3c8ef elementor-widget elementor-widget-text-editor\" data-id=\"2b3c8ef\" data-element_type=\"widget\" data-widget_type=\"text-editor.default\">\n\t\t\t\t<div class=\"elementor-widget-container\">\n\t\t\t\t\t\t\t\t\t<p>Dolina So\u010de je zagotovo ena najlep\u0161ih pohodni\u0161kih destinacij v Evropi.<\/p>\n\t\t\t\t\t\t\t\t<\/div>\n\t\t\t\t<\/div>\n\t\t\t\t<div class=\"elementor-element elementor-element-0fbb754 elementor-align-center elementor-widget__width-inherit elementor-invisible elementor-widget elementor-widget-button\" data-id=\"0fbb754\" data-element_type=\"widget\" data-settings=\"{&quot;_animation&quot;:&quot;fadeInDown&quot;}\" data-widget_type=\"button.default\">\n\t\t\t\t<div class=\"elementor-widget-container\">\n\t\t\t\t\t\t\t\t\t<div class=\"elementor-button-wrapper\">\n\t\t\t\t\t<a class=\"elementor-button elementor-button-link elementor-size-lg\" href=\"\/sl\/pohodne-ture-po-dolini-soce\/\">\n\t\t\t\t\t\t<span class=\"elementor-button-content-wrapper\">\n\t\t\t\t\t\t\t\t\t<span class=\"elementor-button-text\">Ve\u010d informacij<\/span>\n\t\t\t\t\t<\/span>\n\t\t\t\t\t<\/a>\n\t\t\t\t<\/div>\n\t\t\t\t\t\t\t\t<\/div>\n\t\t\t\t<\/div>\n\t\t\t\t<\/div>\n\t\t\t\t<\/div>\n\t\t\t\t\t<\/div>\n\t\t\t\t<\/div>\n\t\t<div class=\"elementor-element elementor-element-2769dc7 e-flex e-con-boxed e-con e-parent\" data-id=\"2769dc7\" data-element_type=\"container\" data-settings=\"{&quot;background_background&quot;:&quot;classic&quot;}\">\n\t\t\t\t\t<div class=\"e-con-inner\">\n\t\t<div class=\"elementor-element elementor-element-b8e2f28 e-con-full e-flex e-con e-child\" data-id=\"b8e2f28\" data-element_type=\"container\">\n\t\t<div class=\"elementor-element elementor-element-4988fda e-con-full e-flex e-con e-child\" data-id=\"4988fda\" data-element_type=\"container\" data-settings=\"{&quot;background_background&quot;:&quot;classic&quot;}\">\n\t\t\t\t<\/div>\n\t\t\t\t<\/div>\n\t\t<div class=\"elementor-element elementor-element-5fd5e35 e-con-full e-flex e-con e-child\" data-id=\"5fd5e35\" data-element_type=\"container\">\n\t\t<div class=\"elementor-element elementor-element-f2bed3c e-con-full e-flex e-con e-child\" data-id=\"f2bed3c\" data-element_type=\"container\">\n\t\t\t\t<div class=\"elementor-element elementor-element-47e0e9d elementor-widget elementor-widget-heading\" data-id=\"47e0e9d\" data-element_type=\"widget\" data-widget_type=\"heading.default\">\n\t\t\t\t<div class=\"elementor-widget-container\">\n\t\t\t\t\t<h2 class=\"elementor-heading-title elementor-size-default\">KOLESARSKA DO\u017dIVETJA DOLINE SO\u010cE<\/h2>\t\t\t\t<\/div>\n\t\t\t\t<\/div>\n\t\t\t\t<div class=\"elementor-element elementor-element-dea5dcd elementor-widget-divider--view-line elementor-widget elementor-widget-divider\" data-id=\"dea5dcd\" data-element_type=\"widget\" data-widget_type=\"divider.default\">\n\t\t\t\t<div class=\"elementor-widget-container\">\n\t\t\t\t\t\t\t<div class=\"elementor-divider\">\n\t\t\t<span class=\"elementor-divider-separator\">\n\t\t\t\t\t\t<\/span>\n\t\t<\/div>\n\t\t\t\t\t\t<\/div>\n\t\t\t\t<\/div>\n\t\t\t\t<div class=\"elementor-element elementor-element-bfd5d44 elementor-widget elementor-widget-text-editor\" data-id=\"bfd5d44\" data-element_type=\"widget\" data-widget_type=\"text-editor.default\">\n\t\t\t\t<div class=\"elementor-widget-container\">\n\t\t\t\t\t\t\t\t\t<p>\u0160tevilne gozdne poti, ceste in kolovozi ponujajo gorskim kolesarjem neomejene mo\u017enosti, medtem ko se manj zahtevni kolesarji lahko zapeljejo po polo\u017enej\u0161ih dolinskih cestah in cestah \u010dez dolo\u010dene planote. <\/p>\n\t\t\t\t\t\t\t\t<\/div>\n\t\t\t\t<\/div>\n\t\t\t\t<div class=\"elementor-element elementor-element-534a106 elementor-align-center elementor-widget__width-inherit elementor-invisible elementor-widget elementor-widget-button\" data-id=\"534a106\" data-element_type=\"widget\" data-settings=\"{&quot;_animation&quot;:&quot;fadeInDown&quot;}\" data-widget_type=\"button.default\">\n\t\t\t\t<div class=\"elementor-widget-container\">\n\t\t\t\t\t\t\t\t\t<div class=\"elementor-button-wrapper\">\n\t\t\t\t\t<a class=\"elementor-button elementor-button-link elementor-size-lg\" href=\"\/sl\/kolesarska-dozivetja-doline-soce\/\">\n\t\t\t\t\t\t<span class=\"elementor-button-content-wrapper\">\n\t\t\t\t\t\t\t\t\t<span class=\"elementor-button-text\">Ve\u010d informacij<\/span>\n\t\t\t\t\t<\/span>\n\t\t\t\t\t<\/a>\n\t\t\t\t<\/div>\n\t\t\t\t\t\t\t\t<\/div>\n\t\t\t\t<\/div>\n\t\t\t\t<\/div>\n\t\t\t\t<\/div>\n\t\t\t\t\t<\/div>\n\t\t\t\t<\/div>\n\t\t<div class=\"elementor-element elementor-element-b943714 e-flex e-con-boxed e-con e-parent\" data-id=\"b943714\" data-element_type=\"container\" data-settings=\"{&quot;background_background&quot;:&quot;classic&quot;}\">\n\t\t\t\t\t<div class=\"e-con-inner\">\n\t\t<div class=\"elementor-element elementor-element-ea3e8fd e-con-full e-flex e-con e-child\" data-id=\"ea3e8fd\" data-element_type=\"container\">\n\t\t<div class=\"elementor-element elementor-element-587efa1 e-con-full e-flex e-con e-child\" data-id=\"587efa1\" data-element_type=\"container\" data-settings=\"{&quot;background_background&quot;:&quot;classic&quot;}\">\n\t\t\t\t<\/div>\n\t\t\t\t<\/div>\n\t\t<div class=\"elementor-element elementor-element-4cdcc7f e-con-full e-flex e-con e-child\" data-id=\"4cdcc7f\" data-element_type=\"container\">\n\t\t<div class=\"elementor-element elementor-element-9e2ac31 e-con-full e-flex e-con e-child\" data-id=\"9e2ac31\" data-element_type=\"container\">\n\t\t\t\t<div class=\"elementor-element elementor-element-7044474 elementor-widget elementor-widget-heading\" data-id=\"7044474\" data-element_type=\"widget\" data-widget_type=\"heading.default\">\n\t\t\t\t<div class=\"elementor-widget-container\">\n\t\t\t\t\t<h2 class=\"elementor-heading-title elementor-size-default\">POHODNI\u0160LE TURE JULIJSKE ALPE <\/h2>\t\t\t\t<\/div>\n\t\t\t\t<\/div>\n\t\t\t\t<div class=\"elementor-element elementor-element-62ed7b1 elementor-widget-divider--view-line elementor-widget elementor-widget-divider\" data-id=\"62ed7b1\" data-element_type=\"widget\" data-widget_type=\"divider.default\">\n\t\t\t\t<div class=\"elementor-widget-container\">\n\t\t\t\t\t\t\t<div class=\"elementor-divider\">\n\t\t\t<span class=\"elementor-divider-separator\">\n\t\t\t\t\t\t<\/span>\n\t\t<\/div>\n\t\t\t\t\t\t<\/div>\n\t\t\t\t<\/div>\n\t\t\t\t<div class=\"elementor-element elementor-element-6abf7cf elementor-widget elementor-widget-text-editor\" data-id=\"6abf7cf\" data-element_type=\"widget\" data-widget_type=\"text-editor.default\">\n\t\t\t\t<div class=\"elementor-widget-container\">\n\t\t\t\t\t\t\t\t\t<p>Slovenska gorata pokrajina, predvsem Julijske Alpe, je raj za ljubitelje narave in pohodnike.<\/p>\n\t\t\t\t\t\t\t\t<\/div>\n\t\t\t\t<\/div>\n\t\t\t\t<div class=\"elementor-element elementor-element-bb9e1b6 elementor-align-center elementor-widget__width-inherit elementor-invisible elementor-widget elementor-widget-button\" data-id=\"bb9e1b6\" data-element_type=\"widget\" data-settings=\"{&quot;_animation&quot;:&quot;fadeInDown&quot;}\" data-widget_type=\"button.default\">\n\t\t\t\t<div class=\"elementor-widget-container\">\n\t\t\t\t\t\t\t\t\t<div class=\"elementor-button-wrapper\">\n\t\t\t\t\t<a class=\"elementor-button elementor-button-link elementor-size-lg\" href=\"\/sl\/pohodniske-ture-julijske-alpe\/\">\n\t\t\t\t\t\t<span class=\"elementor-button-content-wrapper\">\n\t\t\t\t\t\t\t\t\t<span class=\"elementor-button-text\">Ve\u010d informacij<\/span>\n\t\t\t\t\t<\/span>\n\t\t\t\t\t<\/a>\n\t\t\t\t<\/div>\n\t\t\t\t\t\t\t\t<\/div>\n\t\t\t\t<\/div>\n\t\t\t\t<\/div>\n\t\t\t\t<\/div>\n\t\t\t\t\t<\/div>\n\t\t\t\t<\/div>\n\t\t<div class=\"elementor-element elementor-element-94b881e e-flex e-con-boxed e-con e-parent\" data-id=\"94b881e\" data-element_type=\"container\" data-settings=\"{&quot;background_background&quot;:&quot;classic&quot;}\">\n\t\t\t\t\t<div class=\"e-con-inner\">\n\t\t<div class=\"elementor-element elementor-element-5d0181d e-con-full e-flex e-con e-child\" data-id=\"5d0181d\" data-element_type=\"container\">\n\t\t\t\t<div class=\"elementor-element elementor-element-f5c4c67 elementor-widget elementor-widget-heading\" data-id=\"f5c4c67\" data-element_type=\"widget\" data-widget_type=\"heading.default\">\n\t\t\t\t<div class=\"elementor-widget-container\">\n\t\t\t\t\t<h1 class=\"elementor-heading-title elementor-size-default\">ZAKAJ IZBRATI NAS<\/h1>\t\t\t\t<\/div>\n\t\t\t\t<\/div>\n\t\t\t\t<div class=\"elementor-element elementor-element-42cb6bd elementor-invisible elementor-widget elementor-widget-text-editor\" data-id=\"42cb6bd\" data-element_type=\"widget\" data-settings=\"{&quot;_animation&quot;:&quot;fadeIn&quot;,&quot;_animation_delay&quot;:400}\" data-widget_type=\"text-editor.default\">\n\t\t\t\t<div class=\"elementor-widget-container\">\n\t\t\t\t\t\t\t\t\t<p style=\"text-align: center;\"><span style=\"text-decoration: underline;\"><strong>POZNAVANJE DOLINE SO\u010cE IN ZAHODNE SLOVENIJE<\/strong><\/span><\/p>\n<p style=\"text-align: center;\">Tu \u017eivimo, zato poznamo dolino So\u010de, Julijce in zahodno Slovenijo. Ta del Slovenije nam je prirasel h srcu in \u017eelimo si, da tudi vam kot gostu.<\/p>\n<p style=\"text-align: center;\"><span style=\"text-decoration: underline;\"><strong>IZKU\u0160NJE V TURIZMU<\/strong><\/span><\/p>\n<p style=\"text-align: center;\">V turizmu smo aktivni ve\u010d kot 20 let. Na za\u010detku poti kot predstavniki za najve\u010djo potovalno agencijo v Sloveniji \u2013 Kompas d.d., kasneje kot organizatorji potovanj po Evropi, sedaj pa \u017ee nekaj let skrbimo in organiziramo ture, po\u010ditnice, prevoze in outdoor aktivnosti v dolini So\u010de in zahodni Sloveniji.<\/p>\n<p style=\"text-align: center;\"><span style=\"text-decoration: underline;\"><strong>BREZ STRESA<\/strong><\/span><\/p>\n<p style=\"text-align: center;\">Raziskovanje in organiziranje lastnih po\u010ditnic ali tur je lahko stresno opravilo. Dovolite, da to opravimo mi. V kolikor si boste za va\u0161 cilj izbrali dolino So\u010de, Julijske Alpe, Gori\u0161ka brda ali Triglavski narodni park <strong>smo tu za vas!<\/strong><\/p>\n<p style=\"text-align: center;\"><span style=\"text-decoration: underline;\"><strong>PO\u010cITNICE PO MERI ZA INDIVIDUALCE IN MANJ\u0160E SKUPINE<\/strong><\/span><\/p>\n<p style=\"text-align: center;\">Programi so skrbno pripravljeni, zanimivi, druga\u010dni. Za vsakega nekaj, upo\u0161tevajo\u010d va\u0161e \u017eelje. Na\u0161a filozofija je \u00bbmanj je ve\u010d\u00ab. Omejili smo se na manj\u0161e skupine do 8 oseb, dru\u017eine in individualne goste. Tako je tura prijetnej\u0161a za vse.<\/p>\n<p style=\"text-align: center;\"><span style=\"text-decoration: underline;\"><strong>VES \u010cAS SMO TU ZA VAS<\/strong><\/span><\/p>\n<p style=\"text-align: center;\">Vedno nas lahko kontaktirate za kakr\u0161nekoli informacije ali pomo\u010d (prevoz na bli\u017enje letali\u0161\u010de, \u017eelezni\u0161ko ali avtobusno postajo, ali pa v zadnjem hipu adrenalinsko aktivnost v dolini So\u010de\u2026).<\/p>\n<p style=\"text-align: center;\"><span style=\"text-decoration: underline;\"><strong>VRHUNSKA EKIPA<\/strong><\/span><\/p>\n<p style=\"text-align: center;\">Smo dobro uigrana in povezana ekipa. Tudi ko ne delamo, smo skupaj. Bodisi na kosilu v prelepem \u010cedadu, trekingu v Julijskih Alpah ali pa na kolesu po zavitih in hribovitih cestah doline So\u010de.<\/p>\n<p style=\"text-align: center;\"><span style=\"text-decoration: underline;\"><strong>OBO\u017dUJEMO NARAVO in MANJ UHOJENE POTI<\/strong><\/span><\/p>\n<p style=\"text-align: center;\">Verjamemo, da se najbolj\u0161a do\u017eivetja krojijo ko smo stran od obljudenih to\u010dk in asfaltnih poti. Aktivno raziskujemo \u0161e tako skrite koti\u010dke doline So\u010de in Julijskih Alp z namenom, da se \u0161e bolj pove\u017eemo z doma\u010dini in vam tako lahko pri\u010daramo zanimive po\u010ditnice in zgodbe iz doline.<\/p>\n<p style=\"text-align: center;\"><span style=\"text-decoration: underline;\"><strong>ADRENALINSKI ZASVOJENCI<\/strong><\/span><\/p>\n<p style=\"text-align: center;\">Smo ekipa ljubiteljev divjih voda. Strokovnost in znanje smo zdru\u017eili z ljubeznijo do adrenalinskih \u0161portov, narave in lokalnega okolja. Predani smo temu, da so va\u0161e aktivnosti varne, zabava pa je klju\u010d do ustvarjanja nepozabnih spominov.<\/p>\n\t\t\t\t\t\t\t\t<\/div>\n\t\t\t\t<\/div>\n\t\t\t\t<\/div>\n\t\t\t\t\t<\/div>\n\t\t\t\t<\/div>\n\t\t<div class=\"elementor-element elementor-element-b4ccd0c e-flex e-con-boxed e-con e-parent\" data-id=\"b4ccd0c\" data-element_type=\"container\" data-settings=\"{&quot;background_background&quot;:&quot;classic&quot;}\">\n\t\t\t\t\t<div class=\"e-con-inner\">\n\t\t\t\t<div class=\"elementor-element elementor-element-fc99832 elementor-widget elementor-widget-shortcode\" data-id=\"fc99832\" data-element_type=\"widget\" data-widget_type=\"shortcode.default\">\n\t\t\t\t<div class=\"elementor-widget-container\">\n\t\t\t\t\t\t\t<div class=\"elementor-shortcode\"><\/div>\n\t\t\t\t\t\t<\/div>\n\t\t\t\t<\/div>\n\t\t\t\t\t<\/div>\n\t\t\t\t<\/div>\n\t\t\t\t<\/div>\n\t\t","protected":false},"excerpt":{"rendered":"<p>PAKETI DOLINE SO\u010cE Dolino poznamo, ponujamo prilagojene in personalizirane programe, vodene oglede in transferje. Lahko smo va\u0161 lokalni partner. POHODNI\u0160KE TURE PO DOLINI SO\u010cE Dolina So\u010de je zagotovo ena najlep\u0161ih pohodni\u0161kih destinacij v Evropi. Ve\u010d informacij KOLESARSKA DO\u017dIVETJA DOLINE SO\u010cE \u0160tevilne gozdne poti, ceste in kolovozi ponujajo gorskim kolesarjem neomejene mo\u017enosti, medtem ko se manj [&hellip;]<\/p>\n","protected":false},"author":2,"featured_media":0,"parent":0,"menu_order":0,"comment_status":"closed","ping_status":"closed","template":"elementor_header_footer","meta":{"_monsterinsights_skip_tracking":false,"_monsterinsights_sitenote_active":false,"_monsterinsights_sitenote_note":"","_monsterinsights_sitenote_category":0,"footnotes":""},"class_list":["post-5157","page","type-page","status-publish","hentry"],"aioseo_notices":[],"yoast_head":"<!-- This site is optimized with the Yoast SEO plugin v23.6 - https:\/\/yoast.com\/wordpress\/plugins\/seo\/ -->\n<title>PAKETI DOLINE SO\u010cE - Discover So\u010da Valley<\/title>\n<meta name=\"robots\" content=\"index, follow, max-snippet:-1, max-image-preview:large, max-video-preview:-1\" \/>\n<link rel=\"canonical\" href=\"https:\/\/discover-socavalley.com\/sl\/paketi-doline-soce\/\" \/>\n<meta property=\"og:locale\" content=\"sl_SI\" \/>\n<meta property=\"og:type\" content=\"article\" \/>\n<meta property=\"og:title\" content=\"PAKETI DOLINE SO\u010cE - Discover So\u010da Valley\" \/>\n<meta property=\"og:description\" content=\"PAKETI DOLINE SO\u010cE Dolino poznamo, ponujamo prilagojene in personalizirane programe, vodene oglede in transferje. Lahko smo va\u0161 lokalni partner. POHODNI\u0160KE TURE PO DOLINI SO\u010cE Dolina So\u010de je zagotovo ena najlep\u0161ih pohodni\u0161kih destinacij v Evropi. Ve\u010d informacij KOLESARSKA DO\u017dIVETJA DOLINE SO\u010cE \u0160tevilne gozdne poti, ceste in kolovozi ponujajo gorskim kolesarjem neomejene mo\u017enosti, medtem ko se manj [&hellip;]\" \/>\n<meta property=\"og:url\" content=\"https:\/\/discover-socavalley.com\/sl\/paketi-doline-soce\/\" \/>\n<meta property=\"og:site_name\" content=\"Discover So\u010da Valley\" \/>\n<meta property=\"article:modified_time\" content=\"2024-02-10T09:17:04+00:00\" \/>\n<meta name=\"twitter:card\" content=\"summary_large_image\" \/>\n<meta name=\"twitter:label1\" content=\"Est. reading time\" \/>\n\t<meta name=\"twitter:data1\" content=\"3 minute\" \/>\n<script type=\"application\/ld+json\" class=\"yoast-schema-graph\">{\"@context\":\"https:\/\/schema.org\",\"@graph\":[{\"@type\":\"WebPage\",\"@id\":\"https:\/\/discover-socavalley.com\/sl\/paketi-doline-soce\/\",\"url\":\"https:\/\/discover-socavalley.com\/sl\/paketi-doline-soce\/\",\"name\":\"PAKETI DOLINE SO\u010cE - Discover So\u010da Valley\",\"isPartOf\":{\"@id\":\"https:\/\/discover-socavalley.com\/sl\/#website\"},\"datePublished\":\"2023-12-27T07:33:38+00:00\",\"dateModified\":\"2024-02-10T09:17:04+00:00\",\"breadcrumb\":{\"@id\":\"https:\/\/discover-socavalley.com\/sl\/paketi-doline-soce\/#breadcrumb\"},\"inLanguage\":\"sl-SI\",\"potentialAction\":[{\"@type\":\"ReadAction\",\"target\":[\"https:\/\/discover-socavalley.com\/sl\/paketi-doline-soce\/\"]}]},{\"@type\":\"BreadcrumbList\",\"@id\":\"https:\/\/discover-socavalley.com\/sl\/paketi-doline-soce\/#breadcrumb\",\"itemListElement\":[{\"@type\":\"ListItem\",\"position\":1,\"name\":\"Home\",\"item\":\"https:\/\/discover-socavalley.com\/sl\/\"},{\"@type\":\"ListItem\",\"position\":2,\"name\":\"PAKETI DOLINE SO\u010cE\"}]},{\"@type\":\"WebSite\",\"@id\":\"https:\/\/discover-socavalley.com\/sl\/#website\",\"url\":\"https:\/\/discover-socavalley.com\/sl\/\",\"name\":\"Discover So\u010da Valley\",\"description\":\"Discover So\u010da Valley\",\"publisher\":{\"@id\":\"https:\/\/discover-socavalley.com\/sl\/#organization\"},\"potentialAction\":[{\"@type\":\"SearchAction\",\"target\":{\"@type\":\"EntryPoint\",\"urlTemplate\":\"https:\/\/discover-socavalley.com\/sl\/?s={search_term_string}\"},\"query-input\":{\"@type\":\"PropertyValueSpecification\",\"valueRequired\":true,\"valueName\":\"search_term_string\"}}],\"inLanguage\":\"sl-SI\"},{\"@type\":\"Organization\",\"@id\":\"https:\/\/discover-socavalley.com\/sl\/#organization\",\"name\":\"Discover So\u010da Valley\",\"url\":\"https:\/\/discover-socavalley.com\/sl\/\",\"logo\":{\"@type\":\"ImageObject\",\"inLanguage\":\"sl-SI\",\"@id\":\"https:\/\/discover-socavalley.com\/sl\/#\/schema\/logo\/image\/\",\"url\":\"https:\/\/discover-socavalley.com\/wp-content\/uploads\/2023\/12\/logo-soca-vallet-logo.png\",\"contentUrl\":\"https:\/\/discover-socavalley.com\/wp-content\/uploads\/2023\/12\/logo-soca-vallet-logo.png\",\"width\":1768,\"height\":500,\"caption\":\"Discover So\u010da Valley\"},\"image\":{\"@id\":\"https:\/\/discover-socavalley.com\/sl\/#\/schema\/logo\/image\/\"}}]}<\/script>\n<!-- \/ Yoast SEO plugin. -->","yoast_head_json":{"title":"PAKETI DOLINE SO\u010cE - Discover So\u010da Valley","robots":{"index":"index","follow":"follow","max-snippet":"max-snippet:-1","max-image-preview":"max-image-preview:large","max-video-preview":"max-video-preview:-1"},"canonical":"https:\/\/discover-socavalley.com\/sl\/paketi-doline-soce\/","og_locale":"sl_SI","og_type":"article","og_title":"PAKETI DOLINE SO\u010cE - Discover So\u010da Valley","og_description":"PAKETI DOLINE SO\u010cE Dolino poznamo, ponujamo prilagojene in personalizirane programe, vodene oglede in transferje. Lahko smo va\u0161 lokalni partner. POHODNI\u0160KE TURE PO DOLINI SO\u010cE Dolina So\u010de je zagotovo ena najlep\u0161ih pohodni\u0161kih destinacij v Evropi. Ve\u010d informacij KOLESARSKA DO\u017dIVETJA DOLINE SO\u010cE \u0160tevilne gozdne poti, ceste in kolovozi ponujajo gorskim kolesarjem neomejene mo\u017enosti, medtem ko se manj [&hellip;]","og_url":"https:\/\/discover-socavalley.com\/sl\/paketi-doline-soce\/","og_site_name":"Discover So\u010da Valley","article_modified_time":"2024-02-10T09:17:04+00:00","twitter_card":"summary_large_image","twitter_misc":{"Est. reading time":"3 minute"},"schema":{"@context":"https:\/\/schema.org","@graph":[{"@type":"WebPage","@id":"https:\/\/discover-socavalley.com\/sl\/paketi-doline-soce\/","url":"https:\/\/discover-socavalley.com\/sl\/paketi-doline-soce\/","name":"PAKETI DOLINE SO\u010cE - Discover So\u010da Valley","isPartOf":{"@id":"https:\/\/discover-socavalley.com\/sl\/#website"},"datePublished":"2023-12-27T07:33:38+00:00","dateModified":"2024-02-10T09:17:04+00:00","breadcrumb":{"@id":"https:\/\/discover-socavalley.com\/sl\/paketi-doline-soce\/#breadcrumb"},"inLanguage":"sl-SI","potentialAction":[{"@type":"ReadAction","target":["https:\/\/discover-socavalley.com\/sl\/paketi-doline-soce\/"]}]},{"@type":"BreadcrumbList","@id":"https:\/\/discover-socavalley.com\/sl\/paketi-doline-soce\/#breadcrumb","itemListElement":[{"@type":"ListItem","position":1,"name":"Home","item":"https:\/\/discover-socavalley.com\/sl\/"},{"@type":"ListItem","position":2,"name":"PAKETI DOLINE SO\u010cE"}]},{"@type":"WebSite","@id":"https:\/\/discover-socavalley.com\/sl\/#website","url":"https:\/\/discover-socavalley.com\/sl\/","name":"Discover So\u010da Valley","description":"Discover So\u010da Valley","publisher":{"@id":"https:\/\/discover-socavalley.com\/sl\/#organization"},"potentialAction":[{"@type":"SearchAction","target":{"@type":"EntryPoint","urlTemplate":"https:\/\/discover-socavalley.com\/sl\/?s={search_term_string}"},"query-input":{"@type":"PropertyValueSpecification","valueRequired":true,"valueName":"search_term_string"}}],"inLanguage":"sl-SI"},{"@type":"Organization","@id":"https:\/\/discover-socavalley.com\/sl\/#organization","name":"Discover So\u010da Valley","url":"https:\/\/discover-socavalley.com\/sl\/","logo":{"@type":"ImageObject","inLanguage":"sl-SI","@id":"https:\/\/discover-socavalley.com\/sl\/#\/schema\/logo\/image\/","url":"https:\/\/discover-socavalley.com\/wp-content\/uploads\/2023\/12\/logo-soca-vallet-logo.png","contentUrl":"https:\/\/discover-socavalley.com\/wp-content\/uploads\/2023\/12\/logo-soca-vallet-logo.png","width":1768,"height":500,"caption":"Discover So\u010da Valley"},"image":{"@id":"https:\/\/discover-socavalley.com\/sl\/#\/schema\/logo\/image\/"}}]}},"_links":{"self":[{"href":"https:\/\/discover-socavalley.com\/sl\/wp-json\/wp\/v2\/pages\/5157","targetHints":{"allow":["GET"]}}],"collection":[{"href":"https:\/\/discover-socavalley.com\/sl\/wp-json\/wp\/v2\/pages"}],"about":[{"href":"https:\/\/discover-socavalley.com\/sl\/wp-json\/wp\/v2\/types\/page"}],"author":[{"embeddable":true,"href":"https:\/\/discover-socavalley.com\/sl\/wp-json\/wp\/v2\/users\/2"}],"replies":[{"embeddable":true,"href":"https:\/\/discover-socavalley.com\/sl\/wp-json\/wp\/v2\/comments?post=5157"}],"version-history":[{"count":21,"href":"https:\/\/discover-socavalley.com\/sl\/wp-json\/wp\/v2\/pages\/5157\/revisions"}],"predecessor-version":[{"id":6521,"href":"https:\/\/discover-socavalley.com\/sl\/wp-json\/wp\/v2\/pages\/5157\/revisions\/6521"}],"wp:attachment":[{"href":"https:\/\/discover-socavalley.com\/sl\/wp-json\/wp\/v2\/media?parent=5157"}],"curies":[{"name":"wp","href":"https:\/\/api.w.org\/{rel}","templated":true}]}}