{"id":5143,"date":"2023-12-25T09:35:39","date_gmt":"2023-12-25T09:35:39","guid":{"rendered":"http:\/\/discover-socavalley.com\/kolesarska-dozivetja-doline-soce\/"},"modified":"2025-12-01T18:22:51","modified_gmt":"2025-12-01T18:22:51","slug":"kolesarska-dozivetja-doline-soce","status":"publish","type":"page","link":"https:\/\/discover-socavalley.com\/sl\/kolesarska-dozivetja-doline-soce\/","title":{"rendered":"Kolesarska do\u017eivetja doline So\u010de"},"content":{"rendered":"\t\t<div data-elementor-type=\"wp-page\" data-elementor-id=\"5143\" class=\"elementor elementor-5143 elementor-853\" data-elementor-post-type=\"page\">\n\t\t\t\t<div class=\"elementor-element elementor-element-d3ee615 e-flex e-con-boxed e-con e-parent\" data-id=\"d3ee615\" data-element_type=\"container\" data-settings=\"{&quot;background_background&quot;:&quot;classic&quot;}\">\n\t\t\t\t\t<div class=\"e-con-inner\">\n\t\t<div class=\"elementor-element elementor-element-ebe2357 e-con-full e-flex e-con e-child\" data-id=\"ebe2357\" data-element_type=\"container\">\n\t\t\t\t<div class=\"elementor-element elementor-element-1f4c724 elementor-widget elementor-widget-heading\" data-id=\"1f4c724\" data-element_type=\"widget\" data-widget_type=\"heading.default\">\n\t\t\t\t<div class=\"elementor-widget-container\">\n\t\t\t\t\t<h2 class=\"elementor-heading-title elementor-size-default\">KOLESARSKA DO\u017dIVETJA DOLINE SO\u010cE<\/h2>\t\t\t\t<\/div>\n\t\t\t\t<\/div>\n\t\t\t\t<div class=\"elementor-element elementor-element-57d4514 elementor-widget elementor-widget-text-editor\" data-id=\"57d4514\" data-element_type=\"widget\" data-widget_type=\"text-editor.default\">\n\t\t\t\t<div class=\"elementor-widget-container\">\n\t\t\t\t\t\t\t\t\t<div id=\"bgLayers_comp-klclfc50\" class=\"MW5IWV\" data-hook=\"bgLayers\"><div id=\"bgMedia_comp-klclfc50\" class=\"VgO9Yg\"><div id=\"bgLayers_comp-klclfc50\" class=\"MW5IWV\" data-hook=\"bgLayers\"><div id=\"bgMedia_comp-klclfc50\" class=\"VgO9Yg\"><div id=\"bgLayers_comp-klclfc50\" class=\"MW5IWV\" data-hook=\"bgLayers\"><div id=\"bgMedia_comp-klclfc50\" class=\"VgO9Yg\"><div id=\"comp-kle0h7xy\" class=\"KcpHeO tz5f0K comp-kle0h7xy wixui-rich-text\" data-testid=\"richTextElement\"><div id=\"comp-kle0h7xy\" class=\"KcpHeO tz5f0K comp-kle0h7xy wixui-rich-text\" data-testid=\"richTextElement\"><div id=\"comp-kle0h7xy\" class=\"KcpHeO tz5f0K comp-kle0h7xy wixui-rich-text\" data-testid=\"richTextElement\"><p><strong>Kolesarske<\/strong> poti\u00a0razli\u010dnih te\u017eavnostnih stopenj vodijo skozi najlep\u0161e koti\u010dke v\u00a0<strong>Julijskih Alpah<\/strong>. Cestno kolesarske, gorsko kolesarske in kolesarske poti za dru\u017eine privabljajo ne\u0161teto kolesarjev po\u00a0<strong>dolini So\u010de\u00a0<\/strong>vsako leto.<\/p><p><strong>Gorsko kolesarjenje<\/strong> in <strong>e-kolesarjenje<\/strong> je razburljiv, spro\u0161\u010dujo\u010d in zdrav \u0161port. Predvsem pa je eden najzanimivej\u0161ih na\u010dinov raziskovanja <strong>doline So\u010de<\/strong> in njenega gorskega ozadja. Za vas imamo pripravljen izbor razli\u010dnih vodenih <strong>MTB in E-kolesarskih tur<\/strong> po <strong>Bovcu in dolini Trente.<\/strong><\/p><p>\u0160tevilne gozdne poti, ceste in kolovozi ponujajo gorskim kolesarjem neomejene mo\u017enosti, medtem ko se manj zahtevni kolesarji lahko zapeljejo po polo\u017enej\u0161ih dolinskih cestah in cestah \u010dez dolo\u010dene planote.\u00a0<\/p><p>Tako <strong>MTB kot E-bike<\/strong> vodene ture trajajo od <strong>3 do 4 ure.<\/strong> Razdaljo prilagodimo vam in va\u0161im fizi\u010dnim zmo\u017enostim. Z obi\u010dajnim <strong>MTB kolesom<\/strong> lahko prekolesarimo <strong>od 20 do 35 km<\/strong> ali z <strong>E-kolesom od 35 do 60 km<\/strong>, odvisno od va\u0161ih \u017eelja. Vodeni ogledi so primerni za dru\u017eine, rekreativce, manj\u0161e skupine <strong>(max 6 oseb)<\/strong>.<\/p><p><strong>POMEMBNO: <\/strong><span style=\"text-decoration: underline;\">Ture po dol\u017eini in trajanju individualno prilagodi vodnik!<\/span><\/p><p class=\"font8\" style=\"margin: 0in; text-align: justify; vertical-align: baseline;\">\u00a0<\/p><\/div><\/div><\/div><\/div><\/div><\/div><\/div><\/div><\/div>\t\t\t\t\t\t\t\t<\/div>\n\t\t\t\t<\/div>\n\t\t\t\t<\/div>\n\t\t<div class=\"elementor-element elementor-element-fcbb0f6 e-con-full e-flex e-con e-child\" data-id=\"fcbb0f6\" data-element_type=\"container\">\n\t\t\t\t<div class=\"elementor-element elementor-element-473f27d elementor-widget elementor-widget-image\" data-id=\"473f27d\" data-element_type=\"widget\" data-widget_type=\"image.default\">\n\t\t\t\t<div class=\"elementor-widget-container\">\n\t\t\t\t\t\t\t\t\t\t\t\t\t\t\t<img fetchpriority=\"high\" decoding=\"async\" width=\"2560\" height=\"1920\" src=\"https:\/\/discover-socavalley.com\/wp-content\/uploads\/2023\/12\/biking-in-soca-valley-06-scaled.jpg\" class=\"attachment-full size-full wp-image-4979\" alt=\"\" srcset=\"https:\/\/discover-socavalley.com\/wp-content\/uploads\/2023\/12\/biking-in-soca-valley-06-scaled.jpg 2560w, https:\/\/discover-socavalley.com\/wp-content\/uploads\/2023\/12\/biking-in-soca-valley-06-300x225.jpg 300w, https:\/\/discover-socavalley.com\/wp-content\/uploads\/2023\/12\/biking-in-soca-valley-06-1024x768.jpg 1024w, https:\/\/discover-socavalley.com\/wp-content\/uploads\/2023\/12\/biking-in-soca-valley-06-768x576.jpg 768w, https:\/\/discover-socavalley.com\/wp-content\/uploads\/2023\/12\/biking-in-soca-valley-06-1536x1152.jpg 1536w, https:\/\/discover-socavalley.com\/wp-content\/uploads\/2023\/12\/biking-in-soca-valley-06-2048x1536.jpg 2048w\" sizes=\"(max-width: 2560px) 100vw, 2560px\" \/>\t\t\t\t\t\t\t\t\t\t\t\t\t\t\t<\/div>\n\t\t\t\t<\/div>\n\t\t\t\t<\/div>\n\t\t\t\t\t<\/div>\n\t\t\t\t<\/div>\n\t\t<div class=\"elementor-element elementor-element-cfb4b3a e-flex e-con-boxed e-con e-parent\" data-id=\"cfb4b3a\" data-element_type=\"container\" data-settings=\"{&quot;background_background&quot;:&quot;classic&quot;}\">\n\t\t\t\t\t<div class=\"e-con-inner\">\n\t\t<div class=\"elementor-element elementor-element-bcd0818 e-con-full e-flex e-con e-child\" data-id=\"bcd0818\" data-element_type=\"container\">\n\t\t\t\t<div class=\"elementor-element elementor-element-adf5bbb elementor-widget elementor-widget-heading\" data-id=\"adf5bbb\" data-element_type=\"widget\" data-widget_type=\"heading.default\">\n\t\t\t\t<div class=\"elementor-widget-container\">\n\t\t\t\t\t<h2 class=\"elementor-heading-title elementor-size-default\">NA\u0160A NAJPOGOSTEJ\u0160A VODENA KOLESARSKA POT<\/h2>\t\t\t\t<\/div>\n\t\t\t\t<\/div>\n\t\t\t\t<div class=\"elementor-element elementor-element-78ecacd e-transform e-transform elementor-widget elementor-widget-text-editor\" data-id=\"78ecacd\" data-element_type=\"widget\" data-settings=\"{&quot;_transform_translateX_effect&quot;:{&quot;unit&quot;:&quot;px&quot;,&quot;size&quot;:&quot;&quot;,&quot;sizes&quot;:[]},&quot;_transform_translateX_effect_tablet&quot;:{&quot;unit&quot;:&quot;px&quot;,&quot;size&quot;:&quot;&quot;,&quot;sizes&quot;:[]},&quot;_transform_translateX_effect_mobile&quot;:{&quot;unit&quot;:&quot;px&quot;,&quot;size&quot;:&quot;&quot;,&quot;sizes&quot;:[]},&quot;_transform_translateY_effect&quot;:{&quot;unit&quot;:&quot;px&quot;,&quot;size&quot;:&quot;&quot;,&quot;sizes&quot;:[]},&quot;_transform_translateY_effect_tablet&quot;:{&quot;unit&quot;:&quot;px&quot;,&quot;size&quot;:&quot;&quot;,&quot;sizes&quot;:[]},&quot;_transform_translateY_effect_mobile&quot;:{&quot;unit&quot;:&quot;px&quot;,&quot;size&quot;:&quot;&quot;,&quot;sizes&quot;:[]},&quot;_transform_scale_effect&quot;:{&quot;unit&quot;:&quot;px&quot;,&quot;size&quot;:&quot;&quot;,&quot;sizes&quot;:[]},&quot;_transform_scale_effect_tablet&quot;:{&quot;unit&quot;:&quot;px&quot;,&quot;size&quot;:&quot;&quot;,&quot;sizes&quot;:[]},&quot;_transform_scale_effect_mobile&quot;:{&quot;unit&quot;:&quot;px&quot;,&quot;size&quot;:&quot;&quot;,&quot;sizes&quot;:[]}}\" data-widget_type=\"text-editor.default\">\n\t\t\t\t<div class=\"elementor-widget-container\">\n\t\t\t\t\t\t\t\t\t<p>Na\u0161o turo bomo za\u010deli v sredi\u0161\u010du Bovca (agencija Outdoor Galaxy) v smeri slapa Boka. Pre\u010dkali bomo most Log \u010cezso\u0161ki \u010dez reko So\u010do in pot nadaljevali po levem bregu reke So\u010de proti dolini Trente mimo vasi \u010cezso\u010da in si kasneje ogledali tudi nekaj vise\u010dih mostov, kjer bomo imeli kraj\u0161e postanke. Lepo urejena makadamska cesta nas pripelje do \u010darobne doline Lepena, kjer bomo lahko ob\u010dudovali sotesko reke So\u010de in vodno sotesko \u0160unik. Na\u0161o kolesarsko avanturo bomo zaokro\u017eili v smeri pod hribom Svinjak mimo vasi Kal Koritnica in reke Koritnice ter nadaljevali pot proti sredi\u0161\u010du Bovca.<\/p><p>\u010ce se boste odlo\u010dili za <strong>vodeno turo z e-kolesom,<\/strong> obi\u010dajno turi dodamo razgledi\u0161\u010de Javor\u0161\u010dek, lokalno va\u0161ko cesto od Lepene do vasi So\u010da in na koncu izleta prekolesarimo vse do dolina Bav\u0161ica.<\/p><p><strong>MTB VODEN ogled:<\/strong><\/p><p><strong>Cena:<\/strong> <span style=\"text-decoration: underline;\">od 55\u20ac na osebo (izposoja kolesa ni vklju\u010dena), cena poldnevnega najema kolesa je 25\u20ac na osebo (\u010delada vklju\u010dena)<\/span><\/p><p><strong>Cena najema kolesa:<\/strong>\u00a0<span style=\"text-decoration: underline;\">25\u20ac na osebo za dan<\/span><\/p><p><strong>VODEN ogled z E-KOLESOM:<\/strong><\/p><p><strong>Cene:<\/strong>\u00a0<span style=\"text-decoration: underline;\">od 55\u20ac na osebo\/2 udele\u017eenca; 40\u20ac na osebo\/4 udele\u017eence; 30\u20ac na osebo\/6 udele\u017eencev (izposoja kolesa ni vklju\u010dena!)<\/span><\/p><p><strong>Cena najema kolesa:<\/strong> <span style=\"text-decoration: underline;\">50\u20ac na osebo za dan<\/span><\/p><p><strong>POMEMBNO:<\/strong>\u00a0<span style=\"text-decoration: underline;\">Najbolj\u0161i \u010das za kolesarske ture: od aprila do konca septembra<\/span><\/p>\t\t\t\t\t\t\t\t<\/div>\n\t\t\t\t<\/div>\n\t\t\t\t<\/div>\n\t\t<div class=\"elementor-element elementor-element-4892b93 e-con-full e-flex e-con e-child\" data-id=\"4892b93\" data-element_type=\"container\">\n\t\t\t\t<div class=\"elementor-element elementor-element-b827311 elementor-widget elementor-widget-image\" data-id=\"b827311\" data-element_type=\"widget\" data-widget_type=\"image.default\">\n\t\t\t\t<div class=\"elementor-widget-container\">\n\t\t\t\t\t\t\t\t\t\t\t\t\t\t\t<img decoding=\"async\" width=\"2560\" height=\"1920\" src=\"https:\/\/discover-socavalley.com\/wp-content\/uploads\/2024\/01\/biking-soca-valley-06-scaled.jpg\" class=\"attachment-full size-full wp-image-5116\" alt=\"\" srcset=\"https:\/\/discover-socavalley.com\/wp-content\/uploads\/2024\/01\/biking-soca-valley-06-scaled.jpg 2560w, https:\/\/discover-socavalley.com\/wp-content\/uploads\/2024\/01\/biking-soca-valley-06-300x225.jpg 300w, https:\/\/discover-socavalley.com\/wp-content\/uploads\/2024\/01\/biking-soca-valley-06-1024x768.jpg 1024w, https:\/\/discover-socavalley.com\/wp-content\/uploads\/2024\/01\/biking-soca-valley-06-768x576.jpg 768w, https:\/\/discover-socavalley.com\/wp-content\/uploads\/2024\/01\/biking-soca-valley-06-1536x1152.jpg 1536w, https:\/\/discover-socavalley.com\/wp-content\/uploads\/2024\/01\/biking-soca-valley-06-2048x1536.jpg 2048w\" sizes=\"(max-width: 2560px) 100vw, 2560px\" \/>\t\t\t\t\t\t\t\t\t\t\t\t\t\t\t<\/div>\n\t\t\t\t<\/div>\n\t\t\t\t<\/div>\n\t\t\t\t\t<\/div>\n\t\t\t\t<\/div>\n\t\t<div class=\"elementor-element elementor-element-454aa4f5 e-flex e-con-boxed e-con e-parent\" data-id=\"454aa4f5\" data-element_type=\"container\" data-settings=\"{&quot;background_background&quot;:&quot;classic&quot;}\">\n\t\t\t\t\t<div class=\"e-con-inner\">\n\t\t\t\t<div class=\"elementor-element elementor-element-609f773c elementor-widget elementor-widget-heading\" data-id=\"609f773c\" data-element_type=\"widget\" data-widget_type=\"heading.default\">\n\t\t\t\t<div class=\"elementor-widget-container\">\n\t\t\t\t\t<h2 class=\"elementor-heading-title elementor-size-default\">KAJ JE POTREBNO VEDETI PRED IZLETOM?<\/h2>\t\t\t\t<\/div>\n\t\t\t\t<\/div>\n\t\t<div class=\"elementor-element elementor-element-4b6b586 e-con-full e-flex e-con e-child\" data-id=\"4b6b586\" data-element_type=\"container\">\n\t\t<div class=\"elementor-element elementor-element-689f8e89 e-con-full e-flex e-con e-child\" data-id=\"689f8e89\" data-element_type=\"container\" data-settings=\"{&quot;background_background&quot;:&quot;classic&quot;}\">\n\t\t\t\t<div class=\"elementor-element elementor-element-d509a35 elementor-widget elementor-widget-heading\" data-id=\"d509a35\" data-element_type=\"widget\" data-widget_type=\"heading.default\">\n\t\t\t\t<div class=\"elementor-widget-container\">\n\t\t\t\t\t<h4 class=\"elementor-heading-title elementor-size-default\">Na\u0161a priporo\u010dila<\/h4>\t\t\t\t<\/div>\n\t\t\t\t<\/div>\n\t\t\t\t<div class=\"elementor-element elementor-element-43edb4eb elementor-widget-divider--view-line elementor-widget elementor-widget-divider\" data-id=\"43edb4eb\" data-element_type=\"widget\" data-widget_type=\"divider.default\">\n\t\t\t\t<div class=\"elementor-widget-container\">\n\t\t\t\t\t\t\t<div class=\"elementor-divider\">\n\t\t\t<span class=\"elementor-divider-separator\">\n\t\t\t\t\t\t<\/span>\n\t\t<\/div>\n\t\t\t\t\t\t<\/div>\n\t\t\t\t<\/div>\n\t\t\t\t<div class=\"elementor-element elementor-element-5b85cba elementor-widget elementor-widget-text-editor\" data-id=\"5b85cba\" data-element_type=\"widget\" data-widget_type=\"text-editor.default\">\n\t\t\t\t<div class=\"elementor-widget-container\">\n\t\t\t\t\t\t\t\t\t<p>\u0160portna obla\u010dila in obutev, p<span style=\"letter-spacing: 0px;\">lastenka vode\/pija\u010de,<\/span> m<span style=\"letter-spacing: 0px;\">ajhen nahrbtnik za pija\u010do ali prigrizke, k<\/span><span style=\"letter-spacing: 0px;\">rema za son\u010denje v vro\u010dem son\u010dnem vremenu<\/span><\/p>\t\t\t\t\t\t\t\t<\/div>\n\t\t\t\t<\/div>\n\t\t\t\t<\/div>\n\t\t\t\t<\/div>\n\t\t\t\t\t<\/div>\n\t\t\t\t<\/div>\n\t\t<div class=\"elementor-element elementor-element-e3adb93 e-flex e-con-boxed e-con e-parent\" data-id=\"e3adb93\" data-element_type=\"container\">\n\t\t\t\t\t<div class=\"e-con-inner\">\n\t\t\t\t<div class=\"elementor-element elementor-element-ed0a4f3 elementor-widget elementor-widget-shortcode\" data-id=\"ed0a4f3\" data-element_type=\"widget\" data-widget_type=\"shortcode.default\">\n\t\t\t\t<div class=\"elementor-widget-container\">\n\t\t\t\t\t\t\t<div class=\"elementor-shortcode\"><\/div>\n\t\t\t\t\t\t<\/div>\n\t\t\t\t<\/div>\n\t\t\t\t\t<\/div>\n\t\t\t\t<\/div>\n\t\t\t\t<\/div>\n\t\t","protected":false},"excerpt":{"rendered":"<p>KOLESARSKA DO\u017dIVETJA DOLINE SO\u010cE Kolesarske poti\u00a0razli\u010dnih te\u017eavnostnih stopenj vodijo skozi najlep\u0161e koti\u010dke v\u00a0Julijskih Alpah. Cestno kolesarske, gorsko kolesarske in kolesarske poti za dru\u017eine privabljajo ne\u0161teto kolesarjev po\u00a0dolini So\u010de\u00a0vsako leto. Gorsko kolesarjenje in e-kolesarjenje je razburljiv, spro\u0161\u010dujo\u010d in zdrav \u0161port. Predvsem pa je eden najzanimivej\u0161ih na\u010dinov raziskovanja doline So\u010de in njenega gorskega ozadja. Za vas imamo [&hellip;]<\/p>\n","protected":false},"author":2,"featured_media":0,"parent":0,"menu_order":0,"comment_status":"closed","ping_status":"closed","template":"elementor_header_footer","meta":{"_monsterinsights_skip_tracking":false,"_monsterinsights_sitenote_active":false,"_monsterinsights_sitenote_note":"","_monsterinsights_sitenote_category":0,"footnotes":""},"class_list":["post-5143","page","type-page","status-publish","hentry"],"aioseo_notices":[],"yoast_head":"<!-- This site is optimized with the Yoast SEO plugin v23.6 - https:\/\/yoast.com\/wordpress\/plugins\/seo\/ -->\n<title>Kolesarska do\u017eivetja doline So\u010de - Discover So\u010da Valley<\/title>\n<meta name=\"robots\" content=\"index, follow, max-snippet:-1, max-image-preview:large, max-video-preview:-1\" \/>\n<link rel=\"canonical\" href=\"https:\/\/discover-socavalley.com\/sl\/kolesarska-dozivetja-doline-soce\/\" \/>\n<meta property=\"og:locale\" content=\"sl_SI\" \/>\n<meta property=\"og:type\" content=\"article\" \/>\n<meta property=\"og:title\" content=\"Kolesarska do\u017eivetja doline So\u010de - Discover So\u010da Valley\" \/>\n<meta property=\"og:description\" content=\"KOLESARSKA DO\u017dIVETJA DOLINE SO\u010cE Kolesarske poti\u00a0razli\u010dnih te\u017eavnostnih stopenj vodijo skozi najlep\u0161e koti\u010dke v\u00a0Julijskih Alpah. Cestno kolesarske, gorsko kolesarske in kolesarske poti za dru\u017eine privabljajo ne\u0161teto kolesarjev po\u00a0dolini So\u010de\u00a0vsako leto. Gorsko kolesarjenje in e-kolesarjenje je razburljiv, spro\u0161\u010dujo\u010d in zdrav \u0161port. Predvsem pa je eden najzanimivej\u0161ih na\u010dinov raziskovanja doline So\u010de in njenega gorskega ozadja. Za vas imamo [&hellip;]\" \/>\n<meta property=\"og:url\" content=\"https:\/\/discover-socavalley.com\/sl\/kolesarska-dozivetja-doline-soce\/\" \/>\n<meta property=\"og:site_name\" content=\"Discover So\u010da Valley\" \/>\n<meta property=\"article:modified_time\" content=\"2025-12-01T18:22:51+00:00\" \/>\n<meta property=\"og:image\" content=\"https:\/\/discover-socavalley.com\/wp-content\/uploads\/2023\/12\/biking-in-soca-valley-06-scaled.jpg\" \/>\n\t<meta property=\"og:image:width\" content=\"2560\" \/>\n\t<meta property=\"og:image:height\" content=\"1920\" \/>\n\t<meta property=\"og:image:type\" content=\"image\/jpeg\" \/>\n<meta name=\"twitter:card\" content=\"summary_large_image\" \/>\n<meta name=\"twitter:label1\" content=\"Est. reading time\" \/>\n\t<meta name=\"twitter:data1\" content=\"3 minute\" \/>\n<script type=\"application\/ld+json\" class=\"yoast-schema-graph\">{\"@context\":\"https:\/\/schema.org\",\"@graph\":[{\"@type\":\"WebPage\",\"@id\":\"https:\/\/discover-socavalley.com\/sl\/kolesarska-dozivetja-doline-soce\/\",\"url\":\"https:\/\/discover-socavalley.com\/sl\/kolesarska-dozivetja-doline-soce\/\",\"name\":\"Kolesarska do\u017eivetja doline So\u010de - Discover So\u010da Valley\",\"isPartOf\":{\"@id\":\"https:\/\/discover-socavalley.com\/sl\/#website\"},\"primaryImageOfPage\":{\"@id\":\"https:\/\/discover-socavalley.com\/sl\/kolesarska-dozivetja-doline-soce\/#primaryimage\"},\"image\":{\"@id\":\"https:\/\/discover-socavalley.com\/sl\/kolesarska-dozivetja-doline-soce\/#primaryimage\"},\"thumbnailUrl\":\"https:\/\/discover-socavalley.com\/wp-content\/uploads\/2023\/12\/biking-in-soca-valley-06-scaled.jpg\",\"datePublished\":\"2023-12-25T09:35:39+00:00\",\"dateModified\":\"2025-12-01T18:22:51+00:00\",\"breadcrumb\":{\"@id\":\"https:\/\/discover-socavalley.com\/sl\/kolesarska-dozivetja-doline-soce\/#breadcrumb\"},\"inLanguage\":\"sl-SI\",\"potentialAction\":[{\"@type\":\"ReadAction\",\"target\":[\"https:\/\/discover-socavalley.com\/sl\/kolesarska-dozivetja-doline-soce\/\"]}]},{\"@type\":\"ImageObject\",\"inLanguage\":\"sl-SI\",\"@id\":\"https:\/\/discover-socavalley.com\/sl\/kolesarska-dozivetja-doline-soce\/#primaryimage\",\"url\":\"https:\/\/discover-socavalley.com\/wp-content\/uploads\/2023\/12\/biking-in-soca-valley-06-scaled.jpg\",\"contentUrl\":\"https:\/\/discover-socavalley.com\/wp-content\/uploads\/2023\/12\/biking-in-soca-valley-06-scaled.jpg\"},{\"@type\":\"BreadcrumbList\",\"@id\":\"https:\/\/discover-socavalley.com\/sl\/kolesarska-dozivetja-doline-soce\/#breadcrumb\",\"itemListElement\":[{\"@type\":\"ListItem\",\"position\":1,\"name\":\"Home\",\"item\":\"https:\/\/discover-socavalley.com\/sl\/\"},{\"@type\":\"ListItem\",\"position\":2,\"name\":\"Kolesarska do\u017eivetja doline So\u010de\"}]},{\"@type\":\"WebSite\",\"@id\":\"https:\/\/discover-socavalley.com\/sl\/#website\",\"url\":\"https:\/\/discover-socavalley.com\/sl\/\",\"name\":\"Discover So\u010da Valley\",\"description\":\"Discover So\u010da Valley\",\"publisher\":{\"@id\":\"https:\/\/discover-socavalley.com\/sl\/#organization\"},\"potentialAction\":[{\"@type\":\"SearchAction\",\"target\":{\"@type\":\"EntryPoint\",\"urlTemplate\":\"https:\/\/discover-socavalley.com\/sl\/?s={search_term_string}\"},\"query-input\":{\"@type\":\"PropertyValueSpecification\",\"valueRequired\":true,\"valueName\":\"search_term_string\"}}],\"inLanguage\":\"sl-SI\"},{\"@type\":\"Organization\",\"@id\":\"https:\/\/discover-socavalley.com\/sl\/#organization\",\"name\":\"Discover So\u010da Valley\",\"url\":\"https:\/\/discover-socavalley.com\/sl\/\",\"logo\":{\"@type\":\"ImageObject\",\"inLanguage\":\"sl-SI\",\"@id\":\"https:\/\/discover-socavalley.com\/sl\/#\/schema\/logo\/image\/\",\"url\":\"https:\/\/discover-socavalley.com\/wp-content\/uploads\/2023\/12\/logo-soca-vallet-logo.png\",\"contentUrl\":\"https:\/\/discover-socavalley.com\/wp-content\/uploads\/2023\/12\/logo-soca-vallet-logo.png\",\"width\":1768,\"height\":500,\"caption\":\"Discover So\u010da Valley\"},\"image\":{\"@id\":\"https:\/\/discover-socavalley.com\/sl\/#\/schema\/logo\/image\/\"}}]}<\/script>\n<!-- \/ Yoast SEO plugin. -->","yoast_head_json":{"title":"Kolesarska do\u017eivetja doline So\u010de - Discover So\u010da Valley","robots":{"index":"index","follow":"follow","max-snippet":"max-snippet:-1","max-image-preview":"max-image-preview:large","max-video-preview":"max-video-preview:-1"},"canonical":"https:\/\/discover-socavalley.com\/sl\/kolesarska-dozivetja-doline-soce\/","og_locale":"sl_SI","og_type":"article","og_title":"Kolesarska do\u017eivetja doline So\u010de - Discover So\u010da Valley","og_description":"KOLESARSKA DO\u017dIVETJA DOLINE SO\u010cE Kolesarske poti\u00a0razli\u010dnih te\u017eavnostnih stopenj vodijo skozi najlep\u0161e koti\u010dke v\u00a0Julijskih Alpah. Cestno kolesarske, gorsko kolesarske in kolesarske poti za dru\u017eine privabljajo ne\u0161teto kolesarjev po\u00a0dolini So\u010de\u00a0vsako leto. Gorsko kolesarjenje in e-kolesarjenje je razburljiv, spro\u0161\u010dujo\u010d in zdrav \u0161port. Predvsem pa je eden najzanimivej\u0161ih na\u010dinov raziskovanja doline So\u010de in njenega gorskega ozadja. Za vas imamo [&hellip;]","og_url":"https:\/\/discover-socavalley.com\/sl\/kolesarska-dozivetja-doline-soce\/","og_site_name":"Discover So\u010da Valley","article_modified_time":"2025-12-01T18:22:51+00:00","og_image":[{"width":2560,"height":1920,"url":"https:\/\/discover-socavalley.com\/wp-content\/uploads\/2023\/12\/biking-in-soca-valley-06-scaled.jpg","type":"image\/jpeg"}],"twitter_card":"summary_large_image","twitter_misc":{"Est. reading time":"3 minute"},"schema":{"@context":"https:\/\/schema.org","@graph":[{"@type":"WebPage","@id":"https:\/\/discover-socavalley.com\/sl\/kolesarska-dozivetja-doline-soce\/","url":"https:\/\/discover-socavalley.com\/sl\/kolesarska-dozivetja-doline-soce\/","name":"Kolesarska do\u017eivetja doline So\u010de - Discover So\u010da Valley","isPartOf":{"@id":"https:\/\/discover-socavalley.com\/sl\/#website"},"primaryImageOfPage":{"@id":"https:\/\/discover-socavalley.com\/sl\/kolesarska-dozivetja-doline-soce\/#primaryimage"},"image":{"@id":"https:\/\/discover-socavalley.com\/sl\/kolesarska-dozivetja-doline-soce\/#primaryimage"},"thumbnailUrl":"https:\/\/discover-socavalley.com\/wp-content\/uploads\/2023\/12\/biking-in-soca-valley-06-scaled.jpg","datePublished":"2023-12-25T09:35:39+00:00","dateModified":"2025-12-01T18:22:51+00:00","breadcrumb":{"@id":"https:\/\/discover-socavalley.com\/sl\/kolesarska-dozivetja-doline-soce\/#breadcrumb"},"inLanguage":"sl-SI","potentialAction":[{"@type":"ReadAction","target":["https:\/\/discover-socavalley.com\/sl\/kolesarska-dozivetja-doline-soce\/"]}]},{"@type":"ImageObject","inLanguage":"sl-SI","@id":"https:\/\/discover-socavalley.com\/sl\/kolesarska-dozivetja-doline-soce\/#primaryimage","url":"https:\/\/discover-socavalley.com\/wp-content\/uploads\/2023\/12\/biking-in-soca-valley-06-scaled.jpg","contentUrl":"https:\/\/discover-socavalley.com\/wp-content\/uploads\/2023\/12\/biking-in-soca-valley-06-scaled.jpg"},{"@type":"BreadcrumbList","@id":"https:\/\/discover-socavalley.com\/sl\/kolesarska-dozivetja-doline-soce\/#breadcrumb","itemListElement":[{"@type":"ListItem","position":1,"name":"Home","item":"https:\/\/discover-socavalley.com\/sl\/"},{"@type":"ListItem","position":2,"name":"Kolesarska do\u017eivetja doline So\u010de"}]},{"@type":"WebSite","@id":"https:\/\/discover-socavalley.com\/sl\/#website","url":"https:\/\/discover-socavalley.com\/sl\/","name":"Discover So\u010da Valley","description":"Discover So\u010da Valley","publisher":{"@id":"https:\/\/discover-socavalley.com\/sl\/#organization"},"potentialAction":[{"@type":"SearchAction","target":{"@type":"EntryPoint","urlTemplate":"https:\/\/discover-socavalley.com\/sl\/?s={search_term_string}"},"query-input":{"@type":"PropertyValueSpecification","valueRequired":true,"valueName":"search_term_string"}}],"inLanguage":"sl-SI"},{"@type":"Organization","@id":"https:\/\/discover-socavalley.com\/sl\/#organization","name":"Discover So\u010da Valley","url":"https:\/\/discover-socavalley.com\/sl\/","logo":{"@type":"ImageObject","inLanguage":"sl-SI","@id":"https:\/\/discover-socavalley.com\/sl\/#\/schema\/logo\/image\/","url":"https:\/\/discover-socavalley.com\/wp-content\/uploads\/2023\/12\/logo-soca-vallet-logo.png","contentUrl":"https:\/\/discover-socavalley.com\/wp-content\/uploads\/2023\/12\/logo-soca-vallet-logo.png","width":1768,"height":500,"caption":"Discover So\u010da Valley"},"image":{"@id":"https:\/\/discover-socavalley.com\/sl\/#\/schema\/logo\/image\/"}}]}},"_links":{"self":[{"href":"https:\/\/discover-socavalley.com\/sl\/wp-json\/wp\/v2\/pages\/5143","targetHints":{"allow":["GET"]}}],"collection":[{"href":"https:\/\/discover-socavalley.com\/sl\/wp-json\/wp\/v2\/pages"}],"about":[{"href":"https:\/\/discover-socavalley.com\/sl\/wp-json\/wp\/v2\/types\/page"}],"author":[{"embeddable":true,"href":"https:\/\/discover-socavalley.com\/sl\/wp-json\/wp\/v2\/users\/2"}],"replies":[{"embeddable":true,"href":"https:\/\/discover-socavalley.com\/sl\/wp-json\/wp\/v2\/comments?post=5143"}],"version-history":[{"count":38,"href":"https:\/\/discover-socavalley.com\/sl\/wp-json\/wp\/v2\/pages\/5143\/revisions"}],"predecessor-version":[{"id":12341,"href":"https:\/\/discover-socavalley.com\/sl\/wp-json\/wp\/v2\/pages\/5143\/revisions\/12341"}],"wp:attachment":[{"href":"https:\/\/discover-socavalley.com\/sl\/wp-json\/wp\/v2\/media?parent=5143"}],"curies":[{"name":"wp","href":"https:\/\/api.w.org\/{rel}","templated":true}]}}